{"id":7950,"date":"2026-01-26T12:04:39","date_gmt":"2026-01-26T10:04:39","guid":{"rendered":"https:\/\/www.cndl.edu.lb\/?page_id=7950"},"modified":"2026-01-26T12:05:14","modified_gmt":"2026-01-26T10:05:14","slug":"intermediate-division","status":"publish","type":"page","link":"https:\/\/www.cndl.edu.lb\/fr\/intermediate-division\/","title":{"rendered":"Cycle Coll\u00e8ge"},"content":{"rendered":"<div class=\"wpb-content-wrapper\"><div class=\"vc_row wpb_row vc_row-fluid\"><div class=\"wpb_column vc_column_container vc_col-sm-12\"><div class=\"vc_column-inner\"><div class=\"wpb_wrapper\"><div class=\"vc_empty_space\"   style=\"height: 30px\"><span class=\"vc_empty_space_inner\"><\/span><\/div><\/div><\/div><\/div><\/div><div class=\"vc_row wpb_row vc_row-fluid\"><div class=\"wpb_column vc_column_container vc_col-sm-12\"><div class=\"vc_column-inner\"><div class=\"wpb_wrapper\"><h1 class=\"stm-title stm-font_color_dark-blue stm-title_sep_bottom\" style=\"text-align:left\">\n\nIntermediate Cycle (Middle School) [English Section]:\n<\/h1>\n\t<div class=\"stm-separator stm-clearfix stm-separator_type_title stm-separator_has_subtitle\" >\n\t\t<div class=\"stm-separator__line stm-border-b_color_dark-blue\" ><\/div>\n\t<\/div>\n\t<div class=\"stm-subtitle stm-font_color_dark-blue\" style=\"text-align:left\">\n\t\t<span style=\"color: #7d706d;\">Durant le cycle interm\u00e9diaire, le programme acad\u00e9mique libanais est poursuivi, avec un accent mis sur la \ntransition acad\u00e9mique et le d\u00e9veloppement de l'autonomie.\nLes apprenants sont encourag\u00e9s \u00e0 approfondir leurs connaissances et \u00e0 d\u00e9velopper des habitudes \nd'apprentissage ind\u00e9pendantes.<\/span><\/p>\n<p>&nbsp;<\/p>\n<table class=\"has-fixed-layout\" style=\"width: 47.1017%; height: 72px; margin-top:50px\">\n<tbody>\n<tr style=\"height: 48px;\">\n<td style=\"height: 48px;\">G7 \u2013 G8 \u2013 G9<\/td>\n<td style=\"height: 48px;\">\nManal AKIKI<\/td>\n<td style=\"height: 48px;\">Ext. 307<br \/>\n<a href=\"mailto:manale.akiki@cndl.edu.lb\">manale.akiki@cndl.edu.lb<\/a><\/td>\n<\/tr>\n<tr style=\"height: 24px;\">\n<td style=\"height: 24px;\">Assistant<\/td>\n<td style=\"height: 24px;\"><\/td>\n<td style=\"height: 24px;\"><\/td>\n<\/tr>\n<\/tbody>\n<\/table>\n<p>\t<\/div>\n<div class=\"vc_empty_space\"   style=\"height: 30px\"><span class=\"vc_empty_space_inner\"><\/span><\/div><\/div><\/div><\/div><\/div><div class=\"vc_row wpb_row vc_row-fluid\"><div class=\"wpb_column vc_column_container vc_col-sm-12\"><div class=\"vc_column-inner\"><div class=\"wpb_wrapper\"><h1 class=\"stm-title stm-font_color_dark-blue stm-title_sep_bottom\" style=\"text-align:left\">\n\nJunior High (Cycle 3) [ French Section]:\n<\/h1>\n\t<div class=\"stm-separator stm-clearfix stm-separator_type_title stm-separator_has_subtitle\" >\n\t\t<div class=\"stm-separator__line stm-border-b_color_dark-blue\" ><\/div>\n\t<\/div>\n\t<div class=\"stm-subtitle stm-font_color_dark-blue\" style=\"text-align:left\">\n\t\t<span style=\"color: #7d706d;\">Building on foundational skills, the curriculum deepens learners\u2019 analytical thinking and problem-solving abilities. Programs remain aligned with AEFE academic standards, focusing on subject mastery, learner autonomy, and interdisciplinary learning.<\/span><\/p>\n<p>&nbsp;<\/p>\n<table class=\"has-fixed-layout\" style=\"margin-top:50px\">\n<tbody>\n<tr>\n<td>4<sup>e<\/sup>\u00a0\u2013 3<sup>e<\/sup><\/td>\n<td>Jean SAAD<\/td>\n<td>Ext. 211<br \/>\n<a href=\"mailto:jean.saad@cndl.edu.lb\">jean.saad@cndl.edu.lb<\/a><\/td>\n<\/tr>\n<tr>\n<td>Assistant<\/td>\n<td><\/td>\n<td><\/td>\n<\/tr>\n<tr>\n<td>6<sup>e<\/sup>\u00a0\u2013 5<sup>e<\/sup><\/td>\n<td>Rania KESSERWANY<\/td>\n<td>Ext. 217<br \/>\n<a href=\"mailto:rania.keserwani@cndl.edu.lb\">rania.keserwani@cndl.edu.lb<\/a><\/td>\n<\/tr>\n<tr>\n<td>Assistant<\/td>\n<td><\/td>\n<td><\/td>\n<\/tr>\n<\/tbody>\n<\/table>\n<p>\t<\/div>\n<div class=\"vc_empty_space\"   style=\"height: 30px\"><span class=\"vc_empty_space_inner\"><\/span><\/div><\/div><\/div><\/div><\/div>\n<\/div>","protected":false},"excerpt":{"rendered":"Intermediate Cycle (Middle School) [English Section]: The intermediate cycle continues to follow the Lebanese academic program, with a focus on academic transition and personal development. Learners are encouraged to explore [...]","protected":false},"author":4,"featured_media":0,"parent":0,"menu_order":0,"comment_status":"closed","ping_status":"closed","template":"","meta":{"footnotes":""},"class_list":["post-7950","page","type-page","status-publish","hentry"],"_links":{"self":[{"href":"https:\/\/www.cndl.edu.lb\/fr\/wp-json\/wp\/v2\/pages\/7950","targetHints":{"allow":["GET"]}}],"collection":[{"href":"https:\/\/www.cndl.edu.lb\/fr\/wp-json\/wp\/v2\/pages"}],"about":[{"href":"https:\/\/www.cndl.edu.lb\/fr\/wp-json\/wp\/v2\/types\/page"}],"author":[{"embeddable":true,"href":"https:\/\/www.cndl.edu.lb\/fr\/wp-json\/wp\/v2\/users\/4"}],"replies":[{"embeddable":true,"href":"https:\/\/www.cndl.edu.lb\/fr\/wp-json\/wp\/v2\/comments?post=7950"}],"version-history":[{"count":3,"href":"https:\/\/www.cndl.edu.lb\/fr\/wp-json\/wp\/v2\/pages\/7950\/revisions"}],"predecessor-version":[{"id":7955,"href":"https:\/\/www.cndl.edu.lb\/fr\/wp-json\/wp\/v2\/pages\/7950\/revisions\/7955"}],"wp:attachment":[{"href":"https:\/\/www.cndl.edu.lb\/fr\/wp-json\/wp\/v2\/media?parent=7950"}],"curies":[{"name":"wp","href":"https:\/\/api.w.org\/{rel}","templated":true}]}}