{"id":7947,"date":"2026-01-26T11:56:25","date_gmt":"2026-01-26T09:56:25","guid":{"rendered":"https:\/\/www.cndl.edu.lb\/?page_id=7947"},"modified":"2026-01-26T11:56:25","modified_gmt":"2026-01-26T09:56:25","slug":"elementary-division","status":"publish","type":"page","link":"https:\/\/www.cndl.edu.lb\/fr\/elementary-division\/","title":{"rendered":"\u00c9cole primaire"},"content":{"rendered":"<div class=\"wpb-content-wrapper\"><div class=\"vc_row wpb_row vc_row-fluid\"><div class=\"wpb_column vc_column_container vc_col-sm-12\"><div class=\"vc_column-inner\"><div class=\"wpb_wrapper\"><div class=\"vc_empty_space\"   style=\"height: 30px\"><span class=\"vc_empty_space_inner\"><\/span><\/div><\/div><\/div><\/div><\/div><div class=\"vc_row wpb_row vc_row-fluid\"><div class=\"wpb_column vc_column_container vc_col-sm-12\"><div class=\"vc_column-inner\"><div class=\"wpb_wrapper\"><h1 class=\"stm-title stm-font_color_dark-blue stm-title_sep_bottom\" style=\"text-align:left\">\n\nLower and Upper Elementary Cycles [English Section]:\n<\/h1>\n\t<div class=\"stm-separator stm-clearfix stm-separator_type_title stm-separator_has_subtitle\" >\n\t\t<div class=\"stm-separator__line stm-border-b_color_dark-blue\" ><\/div>\n\t<\/div>\n\t<div class=\"stm-subtitle stm-font_color_dark-blue\" style=\"text-align:left\">\n\t\t<span style=\"color: #7d706d;\">Au cours de ces ann\u00e9es fondamentales, les apprenants suivent le programme libanais, consolidant des \ncomp\u00e9tences solides en arabe, anglais, math\u00e9matiques, sciences et sciences sociales.\nLe programme met l\u2019accent sur la pens\u00e9e critique, la r\u00e9solution de probl\u00e8mes et le d\u00e9veloppement de la \nconscience culturelle.<\/span><\/p>\n<p>&nbsp;<\/p>\n<table class=\"has-fixed-layout\" style=\"margin-top:50px\">\n<tbody>\n<tr>\n<td>G1 \u2013 G2 \u2013 G3<\/td>\n<td>\nZeina ZGHEIB<\/td>\n<td>\nExt. 406<br \/>\n<a href=\"mailto:zeina.zgheib@cndl.edu.lb\">zeina.zgheib@cndl.edu.lb<\/a><\/td>\n<\/tr>\n<tr>\n<td>Assistant<\/td>\n<td><\/td>\n<td><\/td>\n<\/tr>\n<tr>\n<td>G4 \u2013 G5 \u2013 G6<\/td>\n<td>Joyce SABA<\/td>\n<td>Ext. 308<br \/>\n<a href=\"mailto:joyce.saba@cndl.edu.lb\">joyce.saba@cndl.edu.lb<\/a><\/td>\n<\/tr>\n<tr>\n<td>Assistant<\/td>\n<td><\/td>\n<td><\/td>\n<\/tr>\n<\/tbody>\n<\/table>\n<p>\t<\/div>\n<div class=\"vc_empty_space\"   style=\"height: 30px\"><span class=\"vc_empty_space_inner\"><\/span><\/div><h1 class=\"stm-title stm-font_color_dark-blue stm-title_sep_bottom\" style=\"text-align:left\">\n\nElementary School (Cycle 1 et Cycle 2) [French Section]:\n<\/h1>\n\t<div class=\"stm-separator stm-clearfix stm-separator_type_title stm-separator_has_subtitle\" >\n\t\t<div class=\"stm-separator__line stm-border-b_color_dark-blue\" ><\/div>\n\t<\/div>\n\t<div class=\"stm-subtitle stm-font_color_dark-blue\" style=\"text-align:left\">\n\t\t<span style=\"color: #7d706d;\">Ce cycle offre un programme fondamental solide dans les disciplines cl\u00e9s.\nL'enseignement met l'accent sur la ma\u00eetrise de la lecture, du calcul et des sciences fondamentales, \ncompl\u00e9t\u00e9 par l'\u00e9ducation civique, l'expression artistique et l'apprentissage num\u00e9rique, dans le cadre des \nstandards du mod\u00e8le \u00e9ducatif fran\u00e7ais.<\/span><\/p>\n<p>&nbsp;<\/p>\n<table class=\"has-fixed-layout\" style=\"margin-top:50px\">\n<tbody>\n<tr>\n<td>CP \u2013 CE1 \u2013 CE2<\/td>\n<td>\nRanda HAJJE<\/td>\n<td>Ext. 319<br \/>\n<a href=\"mailto:randa.hajje@cndl.edu.lb\">randa.hajje@cndl.edu.lb<\/a><\/td>\n<\/tr>\n<tr>\n<td>Assistant<\/td>\n<td><\/td>\n<td><\/td>\n<\/tr>\n<tr>\n<td>CM1 \u2013 CM2<\/td>\n<td>Randa HAJJE<\/td>\n<td>\nExt. 223<br \/>\n<a href=\"mailto:nada.hajjar@cndl.edu.lb\">nada.hajjar@cndl.edu.lb<\/a><\/td>\n<\/tr>\n<tr>\n<td>Assistant<\/td>\n<td><\/td>\n<td><\/td>\n<\/tr>\n<\/tbody>\n<\/table>\n<p>&nbsp;<\/p>\n<p>&nbsp;\t<\/div>\n<\/div><\/div><\/div><\/div>\n<\/div>","protected":false},"excerpt":{"rendered":"Lower and Upper Elementary Cycles [English Section]: In these foundational years, learners follow the Lebanese curriculum, gaining a solid understanding of core subjects such as Arabic, English, mathematics, science, and [...]","protected":false},"author":4,"featured_media":0,"parent":0,"menu_order":0,"comment_status":"closed","ping_status":"closed","template":"","meta":{"footnotes":""},"class_list":["post-7947","page","type-page","status-publish","hentry"],"_links":{"self":[{"href":"https:\/\/www.cndl.edu.lb\/fr\/wp-json\/wp\/v2\/pages\/7947","targetHints":{"allow":["GET"]}}],"collection":[{"href":"https:\/\/www.cndl.edu.lb\/fr\/wp-json\/wp\/v2\/pages"}],"about":[{"href":"https:\/\/www.cndl.edu.lb\/fr\/wp-json\/wp\/v2\/types\/page"}],"author":[{"embeddable":true,"href":"https:\/\/www.cndl.edu.lb\/fr\/wp-json\/wp\/v2\/users\/4"}],"replies":[{"embeddable":true,"href":"https:\/\/www.cndl.edu.lb\/fr\/wp-json\/wp\/v2\/comments?post=7947"}],"version-history":[{"count":2,"href":"https:\/\/www.cndl.edu.lb\/fr\/wp-json\/wp\/v2\/pages\/7947\/revisions"}],"predecessor-version":[{"id":7949,"href":"https:\/\/www.cndl.edu.lb\/fr\/wp-json\/wp\/v2\/pages\/7947\/revisions\/7949"}],"wp:attachment":[{"href":"https:\/\/www.cndl.edu.lb\/fr\/wp-json\/wp\/v2\/media?parent=7947"}],"curies":[{"name":"wp","href":"https:\/\/api.w.org\/{rel}","templated":true}]}}