{"id":7942,"date":"2026-01-26T11:46:53","date_gmt":"2026-01-26T09:46:53","guid":{"rendered":"https:\/\/www.cndl.edu.lb\/?page_id=7942"},"modified":"2026-01-26T11:46:53","modified_gmt":"2026-01-26T09:46:53","slug":"preschool-division","status":"publish","type":"page","link":"https:\/\/www.cndl.edu.lb\/fr\/preschool-division\/","title":{"rendered":"\u00c9cole Maternelle"},"content":{"rendered":"<div class=\"wpb-content-wrapper\"><div class=\"vc_row wpb_row vc_row-fluid\"><div class=\"wpb_column vc_column_container vc_col-sm-12\"><div class=\"vc_column-inner\"><div class=\"wpb_wrapper\"><div class=\"vc_empty_space\"   style=\"height: 30px\"><span class=\"vc_empty_space_inner\"><\/span><\/div><\/div><\/div><\/div><\/div><div class=\"vc_row wpb_row vc_row-fluid\"><div class=\"wpb_column vc_column_container vc_col-sm-12\"><div class=\"vc_column-inner\"><div class=\"wpb_wrapper\"><h1 class=\"stm-title stm-font_color_dark-blue stm-title_sep_bottom\" style=\"text-align:left\">\n\nPreschool (Early Childhood Education) [English Section]:\n<\/h1>\n\t<div class=\"stm-separator stm-clearfix stm-separator_type_title stm-separator_has_subtitle\" >\n\t\t<div class=\"stm-separator__line stm-border-b_color_dark-blue\" ><\/div>\n\t<\/div>\n\t<div class=\"stm-subtitle stm-font_color_dark-blue\" style=\"text-align:left\">\n\t\t<span style=\"color: #7d706d;\">Le programme de la petite enfance met l'accent sur le d\u00e9veloppement global, en stimulant la curiosit\u00e9 et la \ncr\u00e9ativit\u00e9, tout en posant les bases de la r\u00e9ussite acad\u00e9mique et sociale.\nLes apprenants participent \u00e0 des activit\u00e9s adapt\u00e9es \u00e0 leur \u00e2ge, favorisant l\u2019\u00e9veil \u00e0 la lecture, au calcul et aux \ncomp\u00e9tences sociales dans un environnement bilingue et bienveillant.<\/span><\/p>\n<table class=\"has-fixed-layout\" style=\"margin-top: 50px;\">\n<tbody>\n<tr>\n<td style=\"width: 129.438px;\">KG1 \u2013 KG2 \u2013 KG3<\/td>\n<td style=\"width: 76.75px;\">Diana DEEB<\/td>\n<td style=\"width: 158.156px;\">ext. 415<br \/>\n<a href=\"mailto:diana.deeb@cndl.edu.lb\">diana.deeb@cndl.edu.lb<\/a><\/td>\n<\/tr>\n<tr>\n<td style=\"width: 129.438px;\">Preschool Assistant<\/td>\n<td style=\"width: 76.75px;\"><\/td>\n<td style=\"width: 158.156px;\"><\/td>\n<\/tr>\n<\/tbody>\n<\/table>\n<p>\t<\/div>\n<div class=\"vc_empty_space\"   style=\"height: 30px\"><span class=\"vc_empty_space_inner\"><\/span><\/div><h1 class=\"stm-title stm-font_color_dark-blue stm-title_sep_bottom\" style=\"text-align:left\">\n\nKindergarten (Cycle 1) [French Section]:\n<\/h1>\n\t<div class=\"stm-separator stm-clearfix stm-separator_type_title stm-separator_has_subtitle\" >\n\t\t<div class=\"stm-separator__line stm-border-b_color_dark-blue\" ><\/div>\n\t<\/div>\n\t<div class=\"stm-subtitle stm-font_color_dark-blue\" style=\"text-align:left\">\n\t\t<span style=\"color: #7d706d;\">Un environnement d\u2019apprentissage bienveillant ax\u00e9 sur le d\u00e9veloppement de la petite enfance gr\u00e2ce \u00e0 un \nprogramme fran\u00e7ais adapt\u00e9.\nLes apprenants sont initi\u00e9s aux comp\u00e9tences cognitives, motrices, sociales et linguistiques fondamentales, \nstimulant curiosit\u00e9 et cr\u00e9ativit\u00e9 par des activit\u00e9s p\u00e9dagogiques en fran\u00e7ais.<\/span><\/p>\n<table class=\"has-fixed-layout\" style=\"margin-top:50px\">\n<tbody>\n<tr>\n<td>PS \u2013 MS \u2013 GS<\/td>\n<td>Lucie OSTA<\/td>\n<td>Ext. 401<br \/>\n<a href=\"mailto:lucie.osta@cndl.edu.lb\">lucie.osta@cndl.edu.lb<\/a><\/td>\n<\/tr>\n<tr>\n<td>Kindergarten Assistant<\/td>\n<td><\/td>\n<td><\/td>\n<\/tr>\n<\/tbody>\n<\/table>\n<p>&nbsp;\t<\/div>\n<\/div><\/div><\/div><\/div>\n<\/div>","protected":false},"excerpt":{"rendered":"Preschool (Early Childhood Education) [English Section]: The early childhood program focuses on holistic development, fostering curiosity and creativity while laying the foundation for academic and social success. Learners engage in [...]","protected":false},"author":4,"featured_media":0,"parent":0,"menu_order":0,"comment_status":"closed","ping_status":"closed","template":"","meta":{"footnotes":""},"class_list":["post-7942","page","type-page","status-publish","hentry"],"_links":{"self":[{"href":"https:\/\/www.cndl.edu.lb\/fr\/wp-json\/wp\/v2\/pages\/7942","targetHints":{"allow":["GET"]}}],"collection":[{"href":"https:\/\/www.cndl.edu.lb\/fr\/wp-json\/wp\/v2\/pages"}],"about":[{"href":"https:\/\/www.cndl.edu.lb\/fr\/wp-json\/wp\/v2\/types\/page"}],"author":[{"embeddable":true,"href":"https:\/\/www.cndl.edu.lb\/fr\/wp-json\/wp\/v2\/users\/4"}],"replies":[{"embeddable":true,"href":"https:\/\/www.cndl.edu.lb\/fr\/wp-json\/wp\/v2\/comments?post=7942"}],"version-history":[{"count":1,"href":"https:\/\/www.cndl.edu.lb\/fr\/wp-json\/wp\/v2\/pages\/7942\/revisions"}],"predecessor-version":[{"id":7945,"href":"https:\/\/www.cndl.edu.lb\/fr\/wp-json\/wp\/v2\/pages\/7942\/revisions\/7945"}],"wp:attachment":[{"href":"https:\/\/www.cndl.edu.lb\/fr\/wp-json\/wp\/v2\/media?parent=7942"}],"curies":[{"name":"wp","href":"https:\/\/api.w.org\/{rel}","templated":true}]}}