{"id":4817,"date":"2025-05-16T15:49:30","date_gmt":"2025-05-16T12:49:30","guid":{"rendered":"https:\/\/cndl.edu.lb\/?page_id=4817"},"modified":"2025-09-26T13:00:20","modified_gmt":"2025-09-26T10:00:20","slug":"donation","status":"publish","type":"page","link":"https:\/\/www.cndl.edu.lb\/fr\/donation\/","title":{"rendered":"Faire un Don"},"content":{"rendered":"<div class=\"wpb-content-wrapper\"><div class=\"vc_row wpb_row vc_row-fluid\"><div class=\"wpb_column vc_column_container vc_col-sm-12\"><div class=\"vc_column-inner\"><div class=\"wpb_wrapper\"><div class=\"vc_empty_space\"   style=\"height: 35px\"><span class=\"vc_empty_space_inner\"><\/span><\/div>\n\t<div class=\"wpb_text_column wpb_content_element\" >\n\t\t<div class=\"wpb_wrapper\">\n\t\t\t<p><span style=\"font-size: 18px; color: #7d706d;\">\"Que chacun donne comme il a r\u00e9solu en son c\u0153ur, sans tristesse ni contrainte, car Dieu aime celui qui donne avec joie. \" (2 Corinthiens 9:7)<\/span><\/p>\n\n\t\t<\/div>\n\t<\/div>\n<div class=\"vc_separator wpb_content_element vc_separator_align_center vc_sep_width_100 vc_sep_pos_align_center vc_separator_no_text vc_sep_color_black vc_custom_1747389498040 wpb_content_element  vc_custom_1747389498040 wpb_content_element\" ><span class=\"vc_sep_holder vc_sep_holder_l\"><span class=\"vc_sep_line\"><\/span><\/span><span class=\"vc_sep_holder vc_sep_holder_r\"><span class=\"vc_sep_line\"><\/span><\/span>\n<\/div><\/div><\/div><\/div><\/div><div class=\"vc_row wpb_row vc_row-fluid\"><div class=\"wpb_column vc_column_container vc_col-sm-12\"><div class=\"vc_column-inner vc_custom_1747387074688\"><div class=\"wpb_wrapper\"><h1 class=\"stm-title stm-font_color_dark-blue stm-title_sep_bottom\" style=\"text-align:left\">\n\nDONATION EN EUROS\n<\/h1>\n\t<div class=\"stm-separator stm-clearfix stm-separator_type_title\" >\n\t\t<div class=\"stm-separator__line stm-border-b_color_dark-blue\" ><\/div>\n\t<\/div>\n\n\t<div class=\"wpb_text_column wpb_content_element\" >\n\t\t<div class=\"wpb_wrapper\">\n\t\t\t<ul>\n<li><span style=\"font-size: 15px; color: #7d706d;\"><strong>Beneficiary Name:<\/strong> COLLEGE NOTRE DAME DE LOUAIZE<\/span><\/li>\n<li><span style=\"font-size: 15px; color: #7d706d;\"><strong>Beneficiary Address: <\/strong>ORDRE MARONITE MARIAMITE BLDG \u2013 MAIN STREET \u2013 ZOUK MOSBEH \u2013 KESERWAN \u2013 LEBANON<\/span><\/li>\n<li><span style=\"font-size: 15px; color: #7d706d;\"><strong>Bank name:<\/strong> BYBLOS BANK SAL<\/span><\/li>\n<li><span style=\"font-size: 15px; color: #7d706d;\"><strong>Branch name:<\/strong> ZOUK MOSBEH<\/span><\/li>\n<li><span style=\"font-size: 15px; color: #7d706d;\"><strong>Account number:<\/strong> 355-3408000-017<\/span><\/li>\n<li><span style=\"font-size: 15px; color: #7d706d;\"><strong>IBAN:<\/strong> LB89 0039 0000 0003 5534 0800 0017<\/span><\/li>\n<li><span style=\"font-size: 15px; color: #7d706d;\"><strong>Currency:<\/strong> EURO<\/span><\/li>\n<li><span style=\"font-size: 15px; color: #7d706d;\"><strong>Swift:<\/strong> BYBALBBX<\/span><\/li>\n<li><span style=\"font-size: 15px; color: #7d706d;\"><strong>Bank address:<\/strong> LEBANON \u2013 KESERWAN \u2013 ZOUK MOSBEH, MAIN STREET, FACING NDU, SAMMOUR BLDG, 1<sup>st <\/sup>FLOOR, 09-220330 09220331<\/span><\/li>\n<\/ul>\n\n\t\t<\/div>\n\t<\/div>\n<\/div><\/div><\/div><\/div><div class=\"vc_row wpb_row vc_row-fluid\"><div class=\"wpb_column vc_column_container vc_col-sm-12\"><div class=\"vc_column-inner\"><div class=\"wpb_wrapper\"><div class=\"vc_separator wpb_content_element vc_separator_align_center vc_sep_width_100 vc_sep_pos_align_center vc_separator_no_text vc_sep_color_black vc_custom_1747389498040 wpb_content_element  vc_custom_1747389498040 wpb_content_element\" ><span class=\"vc_sep_holder vc_sep_holder_l\"><span class=\"vc_sep_line\"><\/span><\/span><span class=\"vc_sep_holder vc_sep_holder_r\"><span class=\"vc_sep_line\"><\/span><\/span>\n<\/div><h1 class=\"stm-title stm-font_color_dark-blue stm-title_sep_bottom\" style=\"text-align:left\">\n\nDONATION EN DOLLARS US\n<\/h1>\n\t<div class=\"stm-separator stm-clearfix stm-separator_type_title\" >\n\t\t<div class=\"stm-separator__line stm-border-b_color_dark-blue\" ><\/div>\n\t<\/div>\n<\/div><\/div><\/div><\/div><div class=\"vc_row wpb_row vc_row-fluid\"><div class=\"wpb_column vc_column_container vc_col-sm-12\"><div class=\"vc_column-inner vc_custom_1747400040820\"><div class=\"wpb_wrapper\">\n\t<div class=\"wpb_text_column wpb_content_element vc_custom_1758880746922\" >\n\t\t<div class=\"wpb_wrapper\">\n\t\t\t<ul>\n<li><span style=\"font-size: 15px; color: #7d706d;\"><strong>Beneficiary Name:<\/strong> COLLEGE NOTRE DAME DE LOUAIZE<\/span><\/li>\n<li><span style=\"font-size: 15px; color: #7d706d;\"><strong>Beneficiary Address: <\/strong>ORDRE MARONITE MARIAMITE BLDG \u2013 MAIN STREET \u2013 ZOUK MOSBEH \u2013 KESERWAN \u2013 LEBANON<\/span><\/li>\n<li><span style=\"font-size: 15px; color: #7d706d;\"><strong>Bank name:<\/strong> BANK OF BEIRUT<\/span><\/li>\n<li><span style=\"font-size: 15px; color: #7d706d;\"><strong>Branch name:\u00a0<\/strong>ZOUK MOSBEH<\/span><\/li>\n<li><span style=\"font-size: 15px; color: #7d706d;\"><strong>Account number:<\/strong> 1140Z11019400<\/span><\/li>\n<li><span style=\"font-size: 15px; color: #7d706d;\"><strong>IBAN:<\/strong> LB56007500000001140Z11019400<\/span><\/li>\n<li><span style=\"font-size: 15px; color: #7d706d;\"><strong>Currency:<\/strong> USD<\/span><\/li>\n<li><span style=\"font-size: 15px; color: #7d706d;\"><strong>Swift:<\/strong> BABELBBE<\/span><\/li>\n<li><span style=\"font-size: 15px; color: #7d706d;\"><strong>Bank address:\u00a0<\/strong>ZOUK MOSBEH MAIN ROAD &#8211; GROTTO JEITA, ZOUK MOSBEH<\/span><\/li>\n<\/ul>\n\n\t\t<\/div>\n\t<\/div>\n<div class=\"vc_separator wpb_content_element vc_separator_align_center vc_sep_width_100 vc_sep_pos_align_center vc_separator_no_text vc_sep_color_black wpb_content_element  wpb_content_element\" ><span class=\"vc_sep_holder vc_sep_holder_l\"><span class=\"vc_sep_line\"><\/span><\/span><span class=\"vc_sep_holder vc_sep_holder_r\"><span class=\"vc_sep_line\"><\/span><\/span>\n<\/div><\/div><\/div><\/div><\/div><div class=\"vc_row wpb_row vc_row-fluid\"><div class=\"wpb_column vc_column_container vc_col-sm-12\"><div class=\"vc_column-inner\"><div class=\"wpb_wrapper\">\n\t<div class=\"wpb_text_column wpb_content_element\" >\n\t\t<div class=\"wpb_wrapper\">\n\t\t\t<p><span style=\"font-size: 16px; color: #1a428a;\">Vos dons g\u00e9n\u00e9reux soutiennent directement les frais de scolarit\u00e9 des \u00e9tudiants et renforcent notre communaut\u00e9 scolaire, offrant des opportunit\u00e9s d'\u00e9ducation fond\u00e9es sur la foi et l'amour. Merci d'\u00eatre un donneur joyeux.<\/span><\/p>\n\n\t\t<\/div>\n\t<\/div>\n<\/div><\/div><\/div><\/div>\n<\/div>","protected":false},"excerpt":{"rendered":"\u201cEach of you should give what you have decided in your heart to give, not reluctantly or under compulsion, for God loves a cheerful giver.\u201d (2 Corinthians\u00a09:7) DONATION IN EURO [...]","protected":false},"author":4,"featured_media":0,"parent":0,"menu_order":0,"comment_status":"closed","ping_status":"closed","template":"","meta":{"footnotes":""},"class_list":["post-4817","page","type-page","status-publish","hentry"],"_links":{"self":[{"href":"https:\/\/www.cndl.edu.lb\/fr\/wp-json\/wp\/v2\/pages\/4817","targetHints":{"allow":["GET"]}}],"collection":[{"href":"https:\/\/www.cndl.edu.lb\/fr\/wp-json\/wp\/v2\/pages"}],"about":[{"href":"https:\/\/www.cndl.edu.lb\/fr\/wp-json\/wp\/v2\/types\/page"}],"author":[{"embeddable":true,"href":"https:\/\/www.cndl.edu.lb\/fr\/wp-json\/wp\/v2\/users\/4"}],"replies":[{"embeddable":true,"href":"https:\/\/www.cndl.edu.lb\/fr\/wp-json\/wp\/v2\/comments?post=4817"}],"version-history":[{"count":26,"href":"https:\/\/www.cndl.edu.lb\/fr\/wp-json\/wp\/v2\/pages\/4817\/revisions"}],"predecessor-version":[{"id":6756,"href":"https:\/\/www.cndl.edu.lb\/fr\/wp-json\/wp\/v2\/pages\/4817\/revisions\/6756"}],"wp:attachment":[{"href":"https:\/\/www.cndl.edu.lb\/fr\/wp-json\/wp\/v2\/media?parent=4817"}],"curies":[{"name":"wp","href":"https:\/\/api.w.org\/{rel}","templated":true}]}}