{"id":4383,"date":"2025-04-11T10:56:43","date_gmt":"2025-04-11T07:56:43","guid":{"rendered":"https:\/\/cndl.edu.lb\/?page_id=4383"},"modified":"2025-09-23T10:52:26","modified_gmt":"2025-09-23T07:52:26","slug":"about-our-programs","status":"publish","type":"page","link":"https:\/\/www.cndl.edu.lb\/fr\/about-our-programs\/","title":{"rendered":"Pourquoi choisir CNDL ?"},"content":{"rendered":"<div class=\"wpb-content-wrapper\"><div class=\"vc_row wpb_row vc_row-fluid\"><div class=\"wpb_column vc_column_container vc_col-sm-12\"><div class=\"vc_column-inner\"><div class=\"wpb_wrapper\">\n\t<div class=\"wpb_text_column wpb_content_element\" >\n\t\t<div class=\"wpb_wrapper\">\n\t\t\t<h2 class=\"wp-block-heading\"><span style=\"color: #1a428a; font-family: 'montserrat';\"><strong><span style=\"font-size: 29px;\">Programmes Acad\u00e9miques au CNDL : Excellence Bilingue Fond\u00e9e sur des Standards Nationaux et \nInternationaux<\/span><\/strong><\/span><\/h2>\n<p><span style=\"font-size: 16px; color: #7d706d; font-family: montserrat;\">Au Coll\u00e8ge Notre Dame de Louaiz\u00e9, l\u2019excellence acad\u00e9mique repose sur un double engagement :\nLe respect des objectifs g\u00e9n\u00e9raux du programme officiel libanais,\net l\u2019alignement complet avec les directives \u00e9ducatives du Secr\u00e9tariat G\u00e9n\u00e9ral des \u00c9coles \nCatholiques.\nCette approche \u00e9quilibr\u00e9e garantit \u00e0 chaque apprenant une formation rigoureuse, fond\u00e9e sur des valeurs \nfortes, qui le pr\u00e9pare \u00e0 r\u00e9ussir aussi bien au niveau local qu\u2019international.<\/span><\/p>\n<h2><span style=\"color: #1a428a;\"><strong><span style=\"font-size: 29px; font-family: 'montserrat';\">Structure du Curriculum et Organisation P\u00e9dagogique:<\/span><\/strong><\/span><\/h2>\n<p><span style=\"font-size: 16px; color: #7d706d; font-family: montserrat;\">Le CNDL adopte un emploi du temps structur\u00e9 bas\u00e9 sur une journ\u00e9e scolaire de sept heures, avec des cours \nde 48 minutes chacun.\nCette organisation favorise la coh\u00e9rence, l'engagement et une interaction quotidienne approfondie entre \napprenants et \u00e9ducateurs.\nLes horaires sont \u00e9labor\u00e9s strat\u00e9giquement et distribu\u00e9s par l'\u00e9cole afin d\u2019assurer une couverture optimale \ndes programmes \u00e0 tous les niveaux et dans toutes les sections.<\/span><\/p>\n<p><span style=\"font-size: 16px; color: #7d706d; font-family: montserrat;\"><\/span><\/p>\n<p><span style=\"font-size: 16px; color: #7d706d; font-family: montserrat;\">Tant la section fran\u00e7aise que la section anglaise suivent le programme libanais officiel, enrichi par des offres \nacad\u00e9miques et parascolaires suppl\u00e9mentaires favorisant la ma\u00eetrise du multilinguisme, la pens\u00e9e \nanalytique et l\u2019ouverture culturelle.<\/span><\/p>\n<p><span style=\"font-size: 16px; color: #7d706d; font-family: montserrat;\"><\/p>\n<p><\/span><\/p>\n<ul class=\"wp-block-list\">\n<li style=\"list-style-type: none;\">\n<ul class=\"wp-block-list\" style=\"list-style-type: disc;\">\n<li><span style=\"font-size: 16px; color: #7d706d; font-family: montserrat;\">Curriculum bilingue (sections fran\u00e7aise et anglaise)<\/span><\/li>\n<li><span style=\"font-size: 16px; color: #7d706d; font-family: montserrat;\">Accr\u00e9ditation AEFE et statut de candidat Cognia<\/span><\/li>\n<li><span style=\"font-size: 16px; color: #7d706d; font-family: montserrat;\">Large \u00e9ventail de mati\u00e8res enseign\u00e9es<\/span><\/li>\n<li><span style=\"font-size: 16px; color: #7d706d; font-family: montserrat;\">Focus sur les comp\u00e9tences du XXI\u1d49 si\u00e8cle : pens\u00e9e critique, litt\u00e9ratie num\u00e9rique, raisonnement \n\u00e9thique, cr\u00e9ativit\u00e9<\/span><\/li>\n<li><span style=\"font-size: 16px; color: #7d706d; font-family: montserrat;\">Fondation \u00e9ducative catholique forte, enracin\u00e9e dans les valeurs maronites<\/span><\/li>\n<li><span style=\"font-size: 16px; color: #7d706d; font-family: montserrat;\">Voies vers les dipl\u00f4mes libanais et internationaux<\/span><\/li>\n<\/ul>\n<\/li>\n<\/ul>\n<p>&nbsp;<\/p>\n<h2><span style=\"color: #1a428a; font-family: 'montserrat';\"><strong><span style=\"font-size: 29px;\">Domaines d\u2019Enseignement Couverts\u00a0<\/span><\/strong><\/span><\/h2>\n<p><span style=\"font-size: 16px; color: #7d706d; font-family: montserrat;\">Le curriculum du CNDL couvre un large \u00e9ventail de disciplines, con\u00e7u pour encourager \u00e0 la fois la rigueur \nacad\u00e9mique et le d\u00e9veloppement global de l'apprenant.\nLes mati\u00e8res principales et optionnelles comprennent :<\/span><\/p>\n<p><span style=\"font-size: 16px; color: #7d706d; font-family: montserrat;\"><\/p>\n<p><\/span><\/p>\n<ul class=\"wp-block-list\">\n<li style=\"list-style-type: none;\">\n<ul class=\"wp-block-list\" style=\"list-style-type: disc;\">\n<li><span style=\"font-size: 16px; color: #7d706d; font-family: montserrat;\">Langues :\nArabe, \nAnglais, \nFran\u00e7ais,\nEspagnol<\/span><\/li>\n<li><span style=\"font-size: 16px; color: #7d706d; font-family: montserrat;\">Sciences :\nSciences g\u00e9n\u00e9rales,\nBiologie,\nChimie,\nPhysique<\/span><\/li>\n<li><span style=\"font-size: 16px; color: #7d706d; font-family: montserrat;\">Math\u00e9matiques<\/span><\/li>\n<li><span style=\"font-size: 16px; color: #7d706d; font-family: montserrat;\">Sciences Sociales :\nHistoire,\nG\u00e9ographie,\nHistoire du monde,\nHistoire des arts<\/span><\/li>\n<li><span style=\"font-size: 16px; color: #7d706d; font-family: montserrat;\">\u00c9ducation Civique et Morale<\/span><\/li>\n<li><span style=\"font-size: 16px; color: #7d706d; font-family: montserrat;\">Th\u00e9ologie et Formation Spirituelle: Cat\u00e9chisme<\/span><\/li>\n<li><span style=\"font-size: 16px; color: #7d706d; font-family: montserrat;\">Technologies de l\u2019Information et de la Communication (TIC)<\/span><\/li>\n<li><span style=\"font-size: 16px; color: #7d706d; font-family: montserrat;\">\u00c9ducation Artistique :\nMusique,\nArts Visuels,\nTh\u00e9\u00e2tre<\/span><\/li>\n<li><span style=\"font-size: 16px; color: #7d706d; font-family: montserrat;\">Sp\u00e9cificit\u00e9s du Programme AP (American Program)<\/span>\n<ul class=\"wp-block-list\" style=\"list-style-type: disc;\">\n<li style=\"list-style-type: none;\">\n<ul class=\"wp-block-list\" style=\"list-style-type: disc;\">\n<li><span style=\"font-size: 16px; color: #7d706d; font-family: montserrat;\">Arabe Sp\u00e9cial<\/span><\/li>\n<li><span style=\"font-size: 16px; color: #7d706d; font-family: montserrat;\">Mati\u00e8res avanc\u00e9es :\nStatistiques,\nCalcul int\u00e9gral,\nTravaux pratiques en laboratoire (sciences exp\u00e9rimentales),\nRobotique &amp; Programmation,\nLitt\u00e9rature Anglaise et Composition,\nLangue Anglaise et Composition<\/span><\/li>\n<\/ul>\n<\/li>\n<\/ul>\n<\/li>\n<\/ul>\n<\/li>\n<\/ul>\n\n\t\t<\/div>\n\t<\/div>\n<\/div><\/div><\/div><\/div><\/div>","protected":false},"excerpt":{"rendered":"Academic Programs at CNDL: Bilingual Excellence Rooted in National and International Standards At CNDL, academic excellence is guided by a dual commitment: adherence to the general objectives of the Lebanese [...]","protected":false},"author":2,"featured_media":0,"parent":0,"menu_order":0,"comment_status":"closed","ping_status":"closed","template":"","meta":{"footnotes":""},"class_list":["post-4383","page","type-page","status-publish","hentry"],"_links":{"self":[{"href":"https:\/\/www.cndl.edu.lb\/fr\/wp-json\/wp\/v2\/pages\/4383","targetHints":{"allow":["GET"]}}],"collection":[{"href":"https:\/\/www.cndl.edu.lb\/fr\/wp-json\/wp\/v2\/pages"}],"about":[{"href":"https:\/\/www.cndl.edu.lb\/fr\/wp-json\/wp\/v2\/types\/page"}],"author":[{"embeddable":true,"href":"https:\/\/www.cndl.edu.lb\/fr\/wp-json\/wp\/v2\/users\/2"}],"replies":[{"embeddable":true,"href":"https:\/\/www.cndl.edu.lb\/fr\/wp-json\/wp\/v2\/comments?post=4383"}],"version-history":[{"count":11,"href":"https:\/\/www.cndl.edu.lb\/fr\/wp-json\/wp\/v2\/pages\/4383\/revisions"}],"predecessor-version":[{"id":6626,"href":"https:\/\/www.cndl.edu.lb\/fr\/wp-json\/wp\/v2\/pages\/4383\/revisions\/6626"}],"wp:attachment":[{"href":"https:\/\/www.cndl.edu.lb\/fr\/wp-json\/wp\/v2\/media?parent=4383"}],"curies":[{"name":"wp","href":"https:\/\/api.w.org\/{rel}","templated":true}]}}