{"id":4256,"date":"2025-04-08T17:37:26","date_gmt":"2025-04-08T14:37:26","guid":{"rendered":"https:\/\/cndl.edu.lb\/?page_id=4256"},"modified":"2025-09-23T12:55:10","modified_gmt":"2025-09-23T09:55:10","slug":"learner-magazine","status":"publish","type":"page","link":"https:\/\/www.cndl.edu.lb\/fr\/learner-magazine\/","title":{"rendered":"Magazine des apprenants"},"content":{"rendered":"<div class=\"wpb-content-wrapper\"><div class=\"vc_row wpb_row vc_row-fluid\"><div class=\"wpb_column vc_column_container vc_col-sm-12\"><div class=\"vc_column-inner\"><div class=\"wpb_wrapper\"><div class=\"vc_empty_space\"   style=\"height: 60px\"><span class=\"vc_empty_space_inner\"><\/span><\/div>\n\t<div class=\"wpb_text_column wpb_content_element\" >\n\t\t<div class=\"wpb_wrapper\">\n\t\t\t<p><span style=\"color: #7d706d; font-size: 18px; font-family: montserrat;\">D\u00e9couvrez \"CNDL In the Loop\", le magazine dynamique cr\u00e9\u00e9 par les \u00e9l\u00e8ves, mettant en lumi\u00e8re des sujets captivants allant de la sensibilisation \u00e0 la sant\u00e9 mentale \u00e0 des sujets scientifiques fascinants et des interviews. R\u00e9dig\u00e9 par des \u00e9l\u00e8ves passionn\u00e9s du secondaire de la section anglophone, ce magazine vous apporte des histoires engageantes, des r\u00e9flexions sinc\u00e8res sur la vie \u00e9tudiante et des conseils pratiques pour r\u00e9ussir sur les plans acad\u00e9mique et social. Plongez-vous et d\u00e9couvrez la cr\u00e9ativit\u00e9, les id\u00e9es et les perspectives uniques des talentueux \u00e9l\u00e8ves du CNDL.<\/span><\/p>\n<p>\u00a0<\/p>\n<div data-wp-interactive=\"core\/file\" class=\"wp-block-file\"><object data-wp-bind--hidden=\"!state.hasPdfPreview\" hidden class=\"wp-block-file__embed\" style=\"width: 100%; height: 600px;\" data=\"https:\/\/cndl.edu.lb\/wp-content\/uploads\/2025\/04\/Edition-1-December-2024.pdf\" type=\"application\/pdf\" width=\"300\" height=\"150\" aria-label=\"Contenu embarqu\u00e9 Edition 1 - December\u00a02024.\"><\/object><a id=\"wp-block-file--media-df9b53ee-9efb-4ed1-b2e3-f9a016c4af72\" href=\"https:\/\/cndl.edu.lb\/wp-content\/uploads\/2025\/04\/Edition-1-December-2024.pdf\">\u00c9dition 1 \u2013 D\u00e9cembre 2024<\/a><a class=\"wp-block-file__button wp-element-button\" href=\"https:\/\/cndl.edu.lb\/wp-content\/uploads\/2025\/04\/Edition-1-December-2024.pdf\" download=\"\" aria-describedby=\"wp-block-file--media-df9b53ee-9efb-4ed1-b2e3-f9a016c4af72\">T\u00e9l\u00e9charger<\/a><\/div>\n<p>\u00a0<\/p>\n<p>\u00a0<\/p>\n\n\t\t<\/div>\n\t<\/div>\n<\/div><\/div><\/div><\/div><\/div>","protected":false},"excerpt":{"rendered":"Discover \"CNDL In the Loop,\" the vibrant learner-created magazine, highlighting intriguing topics from mental health awareness to the fascinating science topics and interviews. Authored by passionate secondary learners from the [...]","protected":false},"author":2,"featured_media":0,"parent":0,"menu_order":0,"comment_status":"closed","ping_status":"closed","template":"","meta":{"footnotes":""},"class_list":["post-4256","page","type-page","status-publish","hentry"],"_links":{"self":[{"href":"https:\/\/www.cndl.edu.lb\/fr\/wp-json\/wp\/v2\/pages\/4256","targetHints":{"allow":["GET"]}}],"collection":[{"href":"https:\/\/www.cndl.edu.lb\/fr\/wp-json\/wp\/v2\/pages"}],"about":[{"href":"https:\/\/www.cndl.edu.lb\/fr\/wp-json\/wp\/v2\/types\/page"}],"author":[{"embeddable":true,"href":"https:\/\/www.cndl.edu.lb\/fr\/wp-json\/wp\/v2\/users\/2"}],"replies":[{"embeddable":true,"href":"https:\/\/www.cndl.edu.lb\/fr\/wp-json\/wp\/v2\/comments?post=4256"}],"version-history":[{"count":9,"href":"https:\/\/www.cndl.edu.lb\/fr\/wp-json\/wp\/v2\/pages\/4256\/revisions"}],"predecessor-version":[{"id":6644,"href":"https:\/\/www.cndl.edu.lb\/fr\/wp-json\/wp\/v2\/pages\/4256\/revisions\/6644"}],"wp:attachment":[{"href":"https:\/\/www.cndl.edu.lb\/fr\/wp-json\/wp\/v2\/media?parent=4256"}],"curies":[{"name":"wp","href":"https:\/\/api.w.org\/{rel}","templated":true}]}}