{"id":4253,"date":"2025-04-08T17:35:18","date_gmt":"2025-04-08T14:35:18","guid":{"rendered":"https:\/\/cndl.edu.lb\/?page_id=4253"},"modified":"2025-08-22T15:29:17","modified_gmt":"2025-08-22T12:29:17","slug":"financial-aid","status":"publish","type":"page","link":"https:\/\/www.cndl.edu.lb\/fr\/financial-aid\/","title":{"rendered":"Aide financi\u00e8re"},"content":{"rendered":"<div class=\"wpb-content-wrapper\"><div class=\"vc_row wpb_row vc_row-fluid\"><div class=\"wpb_column vc_column_container vc_col-sm-12\"><div class=\"vc_column-inner\"><div class=\"wpb_wrapper\"><div class=\"vc_empty_space\"   style=\"height: 70px\"><span class=\"vc_empty_space_inner\"><\/span><\/div><h1 class=\"stm-title stm-font_color_dark-blue stm-title_sep_bottom\" style=\"text-align:center;font-size:35px\">\n\nFonctions du service d\u2019aide financi\u00e8re\n<\/h1>\n\t<div class=\"stm-separator stm-clearfix stm-separator_type_title stm-separator_has_subtitle\" >\n\t\t<div class=\"stm-separator__line stm-border-b_color_dark-blue\" style=\"margin-left:auto;margin-right:auto\"><\/div>\n\t<\/div>\n\t<div class=\"stm-subtitle stm-font_color_dark-blue\" style=\"text-align:center\">\n\t\t<\/p>\r\n<p><span style=\"color: #333333;\"><\/span><\/p>\r\n<ul style=\"list-style-type: disc;\">\r\n<li style=\"text-align: left;\"><span style=\"font-size: 19px; color: #333333;\">Recevoir et traiter les demandes de financement des familles<\/span><\/li>\r\n<li style=\"text-align: left;\"><span style=\"font-size: 19px; color: #333333;\">Dossiers de candidature complets<\/span><\/li>\r\n<li style=\"text-align: left;\"><span style=\"font-size: 19px; color: #333333;\">V\u00e9rifier les revenus et les documents financiers pour \u00e9valuer les besoins<\/span><\/li>\r\n<li style=\"text-align: left;\"><span style=\"font-size: 19px; color: #333333;\">Communiquer avec les familles au sujet des exigences de candidature<\/span><\/li>\r\n<li style=\"text-align: left;\"><span style=\"font-size: 19px; color: #333333;\">Examiner les appels des familles confront\u00e9es \u00e0 des difficult\u00e9s financi\u00e8res<\/span><\/li>\r\n<li style=\"text-align: left;\"><span style=\"font-size: 19px; color: #333333;\">V\u00e9rifier les crit\u00e8res d'\u00e9ligibilit\u00e9 et assurer une r\u00e9partition \u00e9quitable des aides<\/span><\/li>\r\n<li style=\"text-align: left;\"><span style=\"font-size: 19px; color: #333333;\">Suivre les demandes et informer les b\u00e9n\u00e9ficiaires de l'\u00e9tat de leur demande<\/span><\/li>\r\n<li style=\"text-align: left;\"><span style=\"font-size: 19px; color: #333333;\">Pr\u00e9parer des rapports pour la direction de l'\u00e9cole<\/span><strong><span style=\"color: #333333;\"><!-- \/wp:post-content --><\/span><\/strong><\/li>\r\n<\/ul>\r\n<p>&nbsp;<\/p>\r\n<p style=\"text-align: left;\"><span style=\"font-size: 15px;\"><strong><span style=\"color: #333333;\">Pour plus d'informations, contactez le service d'aide financi\u00e8re (poste 333)<\/span><\/strong><\/span><\/p>\r\n<p>\t<\/div>\n<\/div><\/div><\/div><\/div><\/div>","protected":false},"excerpt":{"rendered":"Financial Aid Department Functions Receive and process family funding requests Complete application files Verify income and financial documents to assess needs Communicate with families about application requirements Review appeals from [...]","protected":false},"author":2,"featured_media":0,"parent":0,"menu_order":0,"comment_status":"closed","ping_status":"closed","template":"","meta":{"footnotes":""},"class_list":["post-4253","page","type-page","status-publish","hentry"],"_links":{"self":[{"href":"https:\/\/www.cndl.edu.lb\/fr\/wp-json\/wp\/v2\/pages\/4253","targetHints":{"allow":["GET"]}}],"collection":[{"href":"https:\/\/www.cndl.edu.lb\/fr\/wp-json\/wp\/v2\/pages"}],"about":[{"href":"https:\/\/www.cndl.edu.lb\/fr\/wp-json\/wp\/v2\/types\/page"}],"author":[{"embeddable":true,"href":"https:\/\/www.cndl.edu.lb\/fr\/wp-json\/wp\/v2\/users\/2"}],"replies":[{"embeddable":true,"href":"https:\/\/www.cndl.edu.lb\/fr\/wp-json\/wp\/v2\/comments?post=4253"}],"version-history":[{"count":13,"href":"https:\/\/www.cndl.edu.lb\/fr\/wp-json\/wp\/v2\/pages\/4253\/revisions"}],"predecessor-version":[{"id":6066,"href":"https:\/\/www.cndl.edu.lb\/fr\/wp-json\/wp\/v2\/pages\/4253\/revisions\/6066"}],"wp:attachment":[{"href":"https:\/\/www.cndl.edu.lb\/fr\/wp-json\/wp\/v2\/media?parent=4253"}],"curies":[{"name":"wp","href":"https:\/\/api.w.org\/{rel}","templated":true}]}}