{"id":4192,"date":"2025-04-07T09:10:30","date_gmt":"2025-04-07T09:10:30","guid":{"rendered":"https:\/\/cndl.edu.lb\/?page_id=4192"},"modified":"2025-09-23T13:40:51","modified_gmt":"2025-09-23T10:40:51","slug":"medical-department","status":"publish","type":"page","link":"https:\/\/www.cndl.edu.lb\/fr\/medical-department\/","title":{"rendered":"D\u00e9partement m\u00e9dical"},"content":{"rendered":"<div class=\"wpb-content-wrapper\"><div class=\"vc_row wpb_row vc_row-fluid\"><div class=\"wpb_animate_when_almost_visible wpb_fadeInDown fadeInDown wpb_column vc_column_container vc_col-sm-12\"><div class=\"vc_column-inner\"><div class=\"wpb_wrapper\">\n\t<div class=\"wpb_text_column wpb_content_element wpb_animate_when_almost_visible wpb_fadeInUp fadeInUp vc_custom_1758623903056\" >\n\t\t<div class=\"wpb_wrapper\">\n\t\t\t<h2 class=\"wp-block-heading\" style=\"text-align: center;\"><span style=\"color: #1a428a;\"><strong><span style=\"font-size: 35px; font-family: montserrat;\">Service M\u00e9dical \u2013 Priorit\u00e9 \u00e0 la Sant\u00e9 et au Bien-\u00eatre de Chaque \u00c9l\u00e8ve<\/span><\/strong><\/span><\/h2>\n<hr \/>\n<p><span style=\"font-size: 18px; color: #7d706d; font-family: montserrat;\">Au CNDL, le service m\u00e9dical joue un r\u00f4le essentiel en assurant la sant\u00e9 physique, la s\u00e9curit\u00e9 et le bien-\u00eatre g\u00e9n\u00e9ral de nos \u00e9l\u00e8ves. Notre \u00e9quipe d\u00e9vou\u00e9e de professionnels de la sant\u00e9 fournit des soins m\u00e9dicaux accessibles, pr\u00e9ventifs et r\u00e9actifs dans un environnement scolaire bienveillant. Nous croyons qu'un \u00e9l\u00e8ve en bonne sant\u00e9 est un \u00e9l\u00e8ve qui r\u00e9ussit, et nous nous engageons \u00e0 favoriser un campus o\u00f9 la sant\u00e9 et l'apprentissage vont de pair.<\/span><\/p>\n<p>&nbsp;<\/p>\n<p>&nbsp;<\/p>\n\n\t\t<\/div>\n\t<\/div>\n<div class=\"vc_separator wpb_content_element vc_separator_align_center vc_sep_width_100 vc_sep_shadow vc_sep_border_width_2 vc_sep_pos_align_center vc_sep_color_black vc_custom_1748694459535 wpb_content_element line-seperator-text wpb_animate_when_almost_visible wpb_fadeInDown fadeInDown vc_separator-has-text\" ><span class=\"vc_sep_holder vc_sep_holder_l\"><span class=\"vc_sep_line\"><\/span><\/span><h4>Nos Services M\u00e9dicaux Essentiels Comprennent:<\/h4><span class=\"vc_sep_holder vc_sep_holder_r\"><span class=\"vc_sep_line\"><\/span><\/span>\n<\/div><\/div><\/div><\/div><\/div><div class=\"vc_row wpb_row vc_row-fluid\"><div class=\"wpb_column vc_column_container vc_col-sm-12\"><div class=\"vc_column-inner\"><div class=\"wpb_wrapper\">\n\t<div class=\"wpb_text_column wpb_content_element wpb_animate_when_almost_visible wpb_fadeInLeft fadeInLeft vc_custom_1758624015746\" >\n\t\t<div class=\"wpb_wrapper\">\n\t\t\t<p><strong><span style=\"font-size: 25px; color: #1a428a; font-family: 'montserrat';\">Examens P\u00e9diatriques<\/span><\/strong><\/p>\n<p style=\"text-align: left;\"><!-- \/wp:post-content --><!-- \/wp:list --><\/p>\n<p><!-- wp:paragraph --><span style=\"color: #7d706d; font-size: 18px; font-family: 'montserrat';\">Des \u00e9valuations p\u00e9diatriques r\u00e9guli\u00e8res sont men\u00e9es pour surveiller la croissance, le d\u00e9veloppement et la sant\u00e9 g\u00e9n\u00e9rale de nos \u00e9l\u00e8ves. Ces examens aident \u00e0 d\u00e9tecter les signes pr\u00e9coces de probl\u00e8mes de sant\u00e9 potentiels et \u00e0 s'assurer que chaque \u00e9l\u00e8ve est sur la bonne voie sur les plans physique et d\u00e9veloppemental.<\/span><\/p>\n<p>&nbsp;<\/p>\n<p style=\"text-align: left;\"><!-- \/wp:paragraph --><\/p>\n<p><strong><span style=\"color: #1a428a; font-size: 25px; font-family: 'montserrat';\">Examens Dentaires<\/span><\/strong><\/p>\n<p style=\"text-align: left;\"><!-- \/wp:list-item --><!-- \/wp:list --><\/p>\n<p><!-- wp:paragraph --><span style=\"color: #7d706d; font-size: 18px; font-family: 'montserrat';\">Des soins dentaires pr\u00e9ventifs sont essentiels au maintien d'une bonne sant\u00e9 bucco-dentaire. Nos examens dentaires se concentrent sur l'hygi\u00e8ne, la pr\u00e9vention des caries et la d\u00e9tection pr\u00e9coce des probl\u00e8mes dentaires, favorisant ainsi des habitudes saines tout au long de la vie.<\/span><\/p>\n<p>&nbsp;<\/p>\n<p style=\"text-align: left;\"><!-- \/wp:paragraph --><\/p>\n<p><strong><span style=\"font-size: 25px; color: #1a428a; font-family: 'montserrat';\">Examens Ophtalmologiques (Docteur des Yeux)<\/span><\/strong><\/p>\n<p style=\"text-align: left;\"><!-- \/wp:list-item --><!-- \/wp:list --><\/p>\n<p><!-- wp:paragraph --><span style=\"color: #7d706d; font-size: 18px; font-family: 'montserrat';\">Des d\u00e9pistages visuels et des examens oculaires sont propos\u00e9s p\u00e9riodiquement pour identifier les probl\u00e8mes de vision qui pourraient affecter les performances acad\u00e9miques et la qualit\u00e9 de vie d'un \u00e9l\u00e8ve. La d\u00e9tection pr\u00e9coce des probl\u00e8mes de vue favorise de meilleurs r\u00e9sultats d'apprentissage.<\/span><\/p>\n<p>&nbsp;<\/p>\n<p style=\"text-align: left; font-family: 'montserrat';\"><strong><!-- \/wp:paragraph --><\/strong><\/p>\n<p><strong><span style=\"font-size: 25px; color: #1a428a; font-family: 'montserrat';\">Gestion des Dossiers M\u00e9dicaux<\/span><\/strong><\/p>\n<p style=\"text-align: left;\"><!-- \/wp:list-item --><!-- \/wp:list --><\/p>\n<p><!-- wp:paragraph --><span style=\"color: #7d706d; font-size: 18px; font-family: 'montserrat';\">Notre service tient \u00e0 jour des dossiers m\u00e9dicaux confidentiels pour chaque \u00e9l\u00e8ve, comprenant l'historique des vaccinations, les informations sur les allergies, les conditions chroniques et les protocoles d'urgence. Cela permet une prise en charge personnalis\u00e9e et une r\u00e9ponse rapide en cas de besoin.<\/span><\/p>\n<p>&nbsp;<\/p>\n<p style=\"text-align: left; font-family: 'montserrat';\"><!-- \/wp:paragraph --><\/p>\n<p><strong><span style=\"font-size: 25px; color: #1a428a; font-family: 'montserrat';\">Infirmi\u00e8res Scolaires Qualifi\u00e9es<\/span><\/strong><\/p>\n<p style=\"text-align: left; font-family: 'montserrat';\"><!-- \/wp:list-item --><!-- \/wp:list --><\/p>\n<p><!-- wp:paragraph --><span style=\"font-size: 18px; color: #7d706d; font-family: 'montserrat';\">Notre \u00e9quipe d'infirmi\u00e8res scolaires professionnelles fournit des soins m\u00e9dicaux quotidiens, les premiers secours et des conseils en mati\u00e8re de sant\u00e9. Elle accompagne les \u00e9l\u00e8ves ayant des besoins m\u00e9dicaux continus, g\u00e8re la prise de m\u00e9dicaments et constitue la premi\u00e8re ligne de soins en cas de maladie ou de blessure pendant les heures de classe<\/span><\/p>\n\n\t\t<\/div>\n\t<\/div>\n<\/div><\/div><\/div><\/div><\/div>","protected":false},"excerpt":{"rendered":"Medical Department \u2013 Prioritizing the Health and Wellbeing of Every Learner At CNDL, the Medical Department plays a vital role in ensuring the physical health, safety, and overall wellbeing of [...]","protected":false},"author":2,"featured_media":0,"parent":0,"menu_order":0,"comment_status":"closed","ping_status":"closed","template":"","meta":{"footnotes":""},"class_list":["post-4192","page","type-page","status-publish","hentry"],"_links":{"self":[{"href":"https:\/\/www.cndl.edu.lb\/fr\/wp-json\/wp\/v2\/pages\/4192","targetHints":{"allow":["GET"]}}],"collection":[{"href":"https:\/\/www.cndl.edu.lb\/fr\/wp-json\/wp\/v2\/pages"}],"about":[{"href":"https:\/\/www.cndl.edu.lb\/fr\/wp-json\/wp\/v2\/types\/page"}],"author":[{"embeddable":true,"href":"https:\/\/www.cndl.edu.lb\/fr\/wp-json\/wp\/v2\/users\/2"}],"replies":[{"embeddable":true,"href":"https:\/\/www.cndl.edu.lb\/fr\/wp-json\/wp\/v2\/comments?post=4192"}],"version-history":[{"count":18,"href":"https:\/\/www.cndl.edu.lb\/fr\/wp-json\/wp\/v2\/pages\/4192\/revisions"}],"predecessor-version":[{"id":6650,"href":"https:\/\/www.cndl.edu.lb\/fr\/wp-json\/wp\/v2\/pages\/4192\/revisions\/6650"}],"wp:attachment":[{"href":"https:\/\/www.cndl.edu.lb\/fr\/wp-json\/wp\/v2\/media?parent=4192"}],"curies":[{"name":"wp","href":"https:\/\/api.w.org\/{rel}","templated":true}]}}