{"id":4174,"date":"2025-04-07T08:07:33","date_gmt":"2025-04-07T08:07:33","guid":{"rendered":"https:\/\/cndl.edu.lb\/?page_id=4174"},"modified":"2025-09-23T12:53:44","modified_gmt":"2025-09-23T09:53:44","slug":"mun-meu","status":"publish","type":"page","link":"https:\/\/www.cndl.edu.lb\/fr\/mun-meu\/","title":{"rendered":"MUN &amp; MEU"},"content":{"rendered":"<div class=\"wpb-content-wrapper\"><div class=\"vc_row wpb_row vc_row-fluid\"><div class=\"wpb_column vc_column_container vc_col-sm-12\"><div class=\"vc_column-inner\"><div class=\"wpb_wrapper\"><div class=\"vc_empty_space\"   style=\"height: 30px\"><span class=\"vc_empty_space_inner\"><\/span><\/div>\n\t<div class=\"wpb_text_column wpb_content_element wpb_animate_when_almost_visible wpb_fadeInLeftBig fadeInLeftBig\" >\n\t\t<div class=\"wpb_wrapper\">\n\t\t\t<p><span style=\"color: #7d706d; font-size: 18px; font-family: montserrat;\">Le programme de mod\u00e9lisation des Nations Unies (MUN) met constamment les \u00e9tudiants au d\u00e9fi de s'engager en profondeur dans les probl\u00e8mes mondiaux et d'exceller dans la simulation diplomatique. Notre participation \u00e0 des conf\u00e9rences telles que GCL AUMUN offre une plateforme essentielle pour que les \u00e9tudiants puissent appliquer leurs connaissances et leurs comp\u00e9tences en leadership.<\/span><\/p>\n<p><span style=\"color: #7d706d; font-size: 18px; font-family: montserrat;\"><!-- \/wp:post-content --><\/span><\/p>\n<p><span style=\"color: #7d706d; font-size: 18px; font-family: montserrat;\"><!-- wp:paragraph -->La conf\u00e9rence finale du GCLAUMUN de cette ann\u00e9e s\u2019est sold\u00e9e par un succ\u00e8s sans pr\u00e9c\u00e9dent pour le CNDL. Nos d\u00e9l\u00e9gations de coll\u00e8ge et de lyc\u00e9e ont obtenu un r\u00e9sultat remarquable, remportant 13 prix sur les 18 distinctions disponibles \u2013 un nouveau record pour l\u2019\u00e9tablissement, qui t\u00e9moigne de la qualit\u00e9 de notre programme et de l\u2019engagement de nos participants.<\/span><\/p>\n<p><span style=\"color: #000000; font-family: 'montserrat';\"><!-- \/wp:paragraph --><\/span><\/p>\n\n\t\t<\/div>\n\t<\/div>\n<\/div><\/div><\/div><div class=\"wpb_column vc_column_container vc_col-sm-12\"><div class=\"vc_column-inner\"><div class=\"wpb_wrapper\"><\/div><\/div><\/div><\/div><div class=\"vc_row wpb_row vc_row-fluid\"><div class=\"wpb_column vc_column_container vc_col-sm-6\"><div class=\"vc_column-inner\"><div class=\"wpb_wrapper\">\n\t<div  class=\"wpb_single_image wpb_content_element vc_align_left wpb_content_element wpb_animate_when_almost_visible wpb_fadeInLeftBig fadeInLeftBig\">\n\t\t\n\t\t<figure class=\"wpb_wrapper vc_figure\">\n\t\t\t<div class=\"vc_single_image-wrapper   vc_box_border_grey\"><img decoding=\"async\" class=\"vc_single_image-img\" src=\"https:\/\/www.cndl.edu.lb\/wp-content\/uploads\/2025\/05\/mun_page-0001-1600x1066.jpg\" width=\"1600\" height=\"1066\" alt=\"\" title=\"\" loading=\"lazy\" \/><\/div>\n\t\t<\/figure>\n\t<\/div>\n<\/div><\/div><\/div><div class=\"wpb_column vc_column_container vc_col-sm-6\"><div class=\"vc_column-inner\"><div class=\"wpb_wrapper\">\n\t<div  class=\"wpb_single_image wpb_content_element vc_align_left wpb_content_element wpb_animate_when_almost_visible wpb_fadeInRightBig fadeInRightBig  image-borderRadius\">\n\t\t\n\t\t<figure class=\"wpb_wrapper vc_figure\">\n\t\t\t<div class=\"vc_single_image-wrapper   vc_box_border_grey\"><img decoding=\"async\" class=\"vc_single_image-img\" src=\"https:\/\/www.cndl.edu.lb\/wp-content\/uploads\/2025\/07\/MUN-NDU.jpg\" width=\"1600\" height=\"1066\" alt=\"\" title=\"\" loading=\"lazy\" \/><\/div>\n\t\t<\/figure>\n\t<\/div>\n<\/div><\/div><\/div><\/div><div class=\"vc_row wpb_row vc_row-fluid\"><div class=\"wpb_animate_when_almost_visible wpb_fadeInUpBig fadeInUpBig wpb_column vc_column_container vc_col-sm-12\"><div class=\"vc_column-inner\"><div class=\"wpb_wrapper\"><div class=\"vc_empty_space\"   style=\"height: 20px\"><span class=\"vc_empty_space_inner\"><\/span><\/div>\n\t<div class=\"wpb_text_column wpb_content_element\" >\n\t\t<div class=\"wpb_wrapper\">\n\t\t\t<p><span style=\"color: #7d706d; font-size: 18px; font-family: montserrat;\">Guid\u00e9s par des conseillers engag\u00e9s du comit\u00e9 des \u00e9l\u00e8ves, nos d\u00e9l\u00e9gu\u00e9s se sont distingu\u00e9s par un d\u00e9bat perspicace, une pens\u00e9e strat\u00e9gique et une pr\u00e9paration exceptionnelle. Les prix obtenus, y compris les plus hautes distinctions comme les Prix du Secr\u00e9taire G\u00e9n\u00e9ral, ainsi que de nombreux prix de Diplomatie et de Documents de Position, refl\u00e8tent les capacit\u00e9s globales cultiv\u00e9es au sein de notre \u00e9quipe MUN.<\/span><\/p>\n<p><span style=\"color: #000000; font-size: 18px; font-family: 'montserrat';\"><!-- \/wp:paragraph --><\/span><\/p>\n<p><span style=\"color: #000000; font-size: 18px; font-family: 'montserrat';\"><!-- wp:paragraph --><span style=\"color: #7d706d;\">Cette r\u00e9alisation remarquable souligne l'engagement du CNDL \u00e0 favoriser l'excellence dans les activit\u00e9s parascolaires qui d\u00e9veloppent la pens\u00e9e critique, la communication et une perspective mondiale. Nous f\u00e9licitons nos talentueux d\u00e9l\u00e9gu\u00e9s d'avoir plac\u00e9 la barre aussi haut et d'avoir repr\u00e9sent\u00e9 le CNDL avec une telle distinction sur la sc\u00e8ne MUN.<\/span><\/span><\/p>\n\n\t\t<\/div>\n\t<\/div>\n<\/div><\/div><\/div><\/div><div class=\"vc_row wpb_row vc_row-fluid vc_custom_1748591402591\"><div class=\"wpb_animate_when_almost_visible wpb_fadeInLeftBig fadeInLeftBig wpb_column vc_column_container vc_col-sm-6\"><div class=\"vc_column-inner\"><div class=\"wpb_wrapper\">\n\t<div  class=\"wpb_single_image wpb_content_element vc_align_left wpb_content_element wpb_animate_when_almost_visible wpb_fadeInLeftBig fadeInLeftBig  image-borderRadius\">\n\t\t\n\t\t<figure class=\"wpb_wrapper vc_figure\">\n\t\t\t<div class=\"vc_single_image-wrapper   vc_box_border_grey\"><img decoding=\"async\" class=\"vc_single_image-img\" src=\"https:\/\/www.cndl.edu.lb\/wp-content\/uploads\/2025\/05\/mun_page-0002-1600x1066.jpg\" width=\"1600\" height=\"1066\" alt=\"\" title=\"\" loading=\"lazy\" \/><\/div>\n\t\t<\/figure>\n\t<\/div>\n<\/div><\/div><\/div><div class=\"wpb_column vc_column_container vc_col-sm-6\"><div class=\"vc_column-inner\"><div class=\"wpb_wrapper\">\n\t<div  class=\"wpb_single_image wpb_content_element vc_align_left wpb_content_element wpb_animate_when_almost_visible wpb_fadeInRightBig fadeInRightBig  image-borderRadius\">\n\t\t\n\t\t<figure class=\"wpb_wrapper vc_figure\">\n\t\t\t<div class=\"vc_single_image-wrapper   vc_box_border_grey\"><img decoding=\"async\" class=\"vc_single_image-img\" src=\"https:\/\/www.cndl.edu.lb\/wp-content\/uploads\/2025\/05\/mun_page-0003-1600x1066.jpg\" width=\"1600\" height=\"1066\" alt=\"\" title=\"\" loading=\"lazy\" \/><\/div>\n\t\t<\/figure>\n\t<\/div>\n<\/div><\/div><\/div><\/div><\/div>","protected":false},"excerpt":{"rendered":"Model United Nations program consistently challenges students to engage deeply with global issues and excel in diplomatic simulation. Our participation in conferences like GCL AUMUN provides a vital platform for [...]","protected":false},"author":2,"featured_media":0,"parent":0,"menu_order":0,"comment_status":"closed","ping_status":"closed","template":"","meta":{"footnotes":""},"class_list":["post-4174","page","type-page","status-publish","hentry"],"_links":{"self":[{"href":"https:\/\/www.cndl.edu.lb\/fr\/wp-json\/wp\/v2\/pages\/4174","targetHints":{"allow":["GET"]}}],"collection":[{"href":"https:\/\/www.cndl.edu.lb\/fr\/wp-json\/wp\/v2\/pages"}],"about":[{"href":"https:\/\/www.cndl.edu.lb\/fr\/wp-json\/wp\/v2\/types\/page"}],"author":[{"embeddable":true,"href":"https:\/\/www.cndl.edu.lb\/fr\/wp-json\/wp\/v2\/users\/2"}],"replies":[{"embeddable":true,"href":"https:\/\/www.cndl.edu.lb\/fr\/wp-json\/wp\/v2\/comments?post=4174"}],"version-history":[{"count":20,"href":"https:\/\/www.cndl.edu.lb\/fr\/wp-json\/wp\/v2\/pages\/4174\/revisions"}],"predecessor-version":[{"id":6643,"href":"https:\/\/www.cndl.edu.lb\/fr\/wp-json\/wp\/v2\/pages\/4174\/revisions\/6643"}],"wp:attachment":[{"href":"https:\/\/www.cndl.edu.lb\/fr\/wp-json\/wp\/v2\/media?parent=4174"}],"curies":[{"name":"wp","href":"https:\/\/api.w.org\/{rel}","templated":true}]}}