{"id":4171,"date":"2025-04-07T08:05:49","date_gmt":"2025-04-07T08:05:49","guid":{"rendered":"https:\/\/cndl.edu.lb\/?page_id=4171"},"modified":"2025-09-23T13:45:53","modified_gmt":"2025-09-23T10:45:53","slug":"orientation-guidance-center","status":"publish","type":"page","link":"https:\/\/www.cndl.edu.lb\/fr\/orientation-guidance-center\/","title":{"rendered":"Centre d\u2019orientation &amp; d\u2019accompagnement"},"content":{"rendered":"<div class=\"wpb-content-wrapper\"><div class=\"vc_row wpb_row vc_row-fluid\"><div class=\"wpb_column vc_column_container vc_col-sm-12\"><div class=\"vc_column-inner\"><div class=\"wpb_wrapper\"><div class=\"vc_empty_space\"   style=\"height: 60px\"><span class=\"vc_empty_space_inner\"><\/span><\/div>\n\t<div class=\"wpb_text_column wpb_content_element wpb_animate_when_almost_visible wpb_fadeInLeftBig fadeInLeftBig\" >\n\t\t<div class=\"wpb_wrapper\">\n\t\t\t<p style=\"text-align: center;\"><strong><span style=\"color: #1a428a;\"><span style=\"font-size: 40px; font-family: montserrat;\">Orientation Acad\u00e9mique et Professionnelle : Un Enjeu Crucial pour l'Avenir des \u00c9tudiants<\/span><\/span><\/strong><\/p>\n\n\t\t<\/div>\n\t<\/div>\n<div class=\"vc_separator wpb_content_element vc_separator_align_center vc_sep_width_100 vc_sep_pos_align_center vc_separator_no_text vc_sep_color_black wpb_content_element  wpb_content_element wpb_animate_when_almost_visible wpb_fadeInRight fadeInRight wpb_animate_when_almost_visible wpb_fadeInRight fadeInRight\" ><span class=\"vc_sep_holder vc_sep_holder_l\"><span class=\"vc_sep_line\"><\/span><\/span><span class=\"vc_sep_holder vc_sep_holder_r\"><span class=\"vc_sep_line\"><\/span><\/span>\n<\/div><\/div><\/div><\/div><\/div><div class=\"vc_row wpb_row vc_row-fluid\"><div class=\"wpb_animate_when_almost_visible wpb_fadeInUpBig fadeInUpBig wpb_column vc_column_container vc_col-sm-12\"><div class=\"vc_column-inner\"><div class=\"wpb_wrapper\">\n\t<div class=\"wpb_text_column wpb_content_element\" >\n\t\t<div class=\"wpb_wrapper\">\n\t\t\t<p><span style=\"color: #7d706d; font-size: 18px; font-family: montserrat;\">L'orientation acad\u00e9mique et professionnelle est un processus essentiel pour les \u00e9tudiants, leur permettant de prendre des d\u00e9cisions \u00e9clair\u00e9es concernant leur avenir scolaire et professionnel. Du coll\u00e8ge au lyc\u00e9e, les \u00e9l\u00e8ves sont confront\u00e9s \u00e0 des choix importants qui d\u00e9termineront leur parcours \u00e9ducatif et leurs futures carri\u00e8res. Par cons\u00e9quent, il est indispensable de leur fournir un soutien d'orientation complet tout au long de cette p\u00e9riode.<\/span><\/p>\n<p><span style=\"color: #7d706d; font-size: 18px; font-family: montserrat;\"><\/span><\/p>\n<p><span style=\"color: #7d706d; font-size: 18px; font-family: montserrat;\">Au coll\u00e8ge, l'orientation commence souvent par la d\u00e9couverte des diff\u00e9rentes fili\u00e8res d'\u00e9tudes et des options disponibles. Les \u00e9l\u00e8ves sont inform\u00e9s des programmes acad\u00e9miques propos\u00e9s, ainsi que des comp\u00e9tences et des connaissances requises pour chaque voie. De plus, il est important de les aider \u00e0 comprendre la signification de ces choix en les informant des opportunit\u00e9s d'emploi potentielles et des perspectives de carri\u00e8re qui s'offrent \u00e0 eux dans divers domaines.<\/span><\/p>\n<p><span style=\"color: #7d706d; font-size: 18px; font-family: montserrat;\"><\/span><\/p>\n<p><span style=\"color: #7d706d; font-size: 18px; font-family: montserrat;\">Par la suite, au lyc\u00e9e, les \u00e9l\u00e8ves doivent affiner leurs choix et commencer \u00e0 envisager s\u00e9rieusement leur avenir professionnel. L'orientation \u00e0 ce stade consiste \u00e0 les aider \u00e0 rechercher des \u00e9tablissements d'enseignement sup\u00e9rieur ou des programmes de formation professionnelle qui correspondent \u00e0 leurs objectifs de carri\u00e8re. Le soutien s'\u00e9tend \u00e9galement \u00e0 les aider \u00e0 identifier les bourses ou les subventions potentielles qui pourraient contribuer au financement de leurs \u00e9tudes.<\/span><\/p>\n<p><span style=\"color: #7d706d; font-size: 18px; font-family: montserrat;\"><\/span><\/p>\n<p><span style=\"color: #7d706d; font-size: 18px; font-family: montserrat;\">En r\u00e9sum\u00e9, l'orientation acad\u00e9mique et professionnelle est un outil pr\u00e9cieux qui aide les \u00e9l\u00e8ves \u00e0 r\u00e9aliser leur plein potentiel et \u00e0 s'\u00e9panouir dans leur future vie professionnelle, et \u00e0 prendre des d\u00e9cisions qui correspondent \u00e0 leurs aspirations et ambitions uniques. Investir dans des programmes d'orientation solides permet aux \u00e9l\u00e8ves de naviguer avec succ\u00e8s dans leurs parcours scolaire et professionnel, en s'assurant qu'ils sont bien pr\u00e9par\u00e9s aux d\u00e9fis et aux opportunit\u00e9s \u00e0 venir.<\/span><\/p>\n<p><span style=\"color: #7d706d; font-size: 18px; font-family: montserrat;\"><\/span><\/p>\n<p>&nbsp;<\/p>\n\n\t\t<\/div>\n\t<\/div>\n<\/div><\/div><\/div><\/div><div class=\"vc_row wpb_row vc_row-fluid wpb_animate_when_almost_visible wpb_fadeInRightBig fadeInRightBig\"><div class=\"wpb_column vc_column_container vc_col-sm-6\"><div class=\"vc_column-inner\"><div class=\"wpb_wrapper\">\n\t<div  class=\"wpb_single_image wpb_content_element vc_align_left wpb_content_element  image-borderRadius\">\n\t\t\n\t\t<figure class=\"wpb_wrapper vc_figure\">\n\t\t\t<div class=\"vc_single_image-wrapper   vc_box_border_grey\"><img decoding=\"async\" class=\"vc_single_image-img\" src=\"https:\/\/www.cndl.edu.lb\/wp-content\/uploads\/2025\/07\/Orientation-counseling-1-scaled-530x350.jpg\" width=\"530\" height=\"350\" alt=\"\" title=\"\" loading=\"lazy\" \/><\/div>\n\t\t<\/figure>\n\t<\/div>\n<\/div><\/div><\/div><div class=\"wpb_column vc_column_container vc_col-sm-6\"><div class=\"vc_column-inner\"><div class=\"wpb_wrapper\">\n\t<div  class=\"wpb_single_image wpb_content_element vc_align_left wpb_content_element  image-borderRadius\">\n\t\t\n\t\t<figure class=\"wpb_wrapper vc_figure\">\n\t\t\t<div class=\"vc_single_image-wrapper   vc_box_border_grey\"><img decoding=\"async\" class=\"vc_single_image-img\" src=\"https:\/\/www.cndl.edu.lb\/wp-content\/uploads\/2025\/07\/Orientation-counseling-2-scaled-530x350.jpg\" width=\"530\" height=\"350\" alt=\"\" title=\"\" loading=\"lazy\" \/><\/div>\n\t\t<\/figure>\n\t<\/div>\n<\/div><\/div><\/div><\/div><div class=\"vc_row wpb_row vc_row-fluid\"><div class=\"wpb_column vc_column_container vc_col-sm-12\"><div class=\"vc_column-inner\"><div class=\"wpb_wrapper\"><div class=\"vc_empty_space\"   style=\"height: 25px\"><span class=\"vc_empty_space_inner\"><\/span><\/div><\/div><\/div><\/div><\/div><\/div>","protected":false},"excerpt":{"rendered":"Academic and Career Guidance: A Crucial Issue for Students' Futures Academic and career guidance is a critical process for students, enabling them to make informed decisions regarding their academic and [...]","protected":false},"author":2,"featured_media":0,"parent":0,"menu_order":0,"comment_status":"closed","ping_status":"closed","template":"","meta":{"footnotes":""},"class_list":["post-4171","page","type-page","status-publish","hentry"],"_links":{"self":[{"href":"https:\/\/www.cndl.edu.lb\/fr\/wp-json\/wp\/v2\/pages\/4171","targetHints":{"allow":["GET"]}}],"collection":[{"href":"https:\/\/www.cndl.edu.lb\/fr\/wp-json\/wp\/v2\/pages"}],"about":[{"href":"https:\/\/www.cndl.edu.lb\/fr\/wp-json\/wp\/v2\/types\/page"}],"author":[{"embeddable":true,"href":"https:\/\/www.cndl.edu.lb\/fr\/wp-json\/wp\/v2\/users\/2"}],"replies":[{"embeddable":true,"href":"https:\/\/www.cndl.edu.lb\/fr\/wp-json\/wp\/v2\/comments?post=4171"}],"version-history":[{"count":14,"href":"https:\/\/www.cndl.edu.lb\/fr\/wp-json\/wp\/v2\/pages\/4171\/revisions"}],"predecessor-version":[{"id":6652,"href":"https:\/\/www.cndl.edu.lb\/fr\/wp-json\/wp\/v2\/pages\/4171\/revisions\/6652"}],"wp:attachment":[{"href":"https:\/\/www.cndl.edu.lb\/fr\/wp-json\/wp\/v2\/media?parent=4171"}],"curies":[{"name":"wp","href":"https:\/\/api.w.org\/{rel}","templated":true}]}}