{"id":4144,"date":"2025-04-07T07:53:43","date_gmt":"2025-04-07T07:53:43","guid":{"rendered":"https:\/\/cndl.edu.lb\/?page_id=4144"},"modified":"2025-09-24T08:25:43","modified_gmt":"2025-09-24T05:25:43","slug":"staff-required-documents","status":"publish","type":"page","link":"https:\/\/www.cndl.edu.lb\/fr\/staff-required-documents\/","title":{"rendered":"Documents requis"},"content":{"rendered":"<div class=\"wpb-content-wrapper\"><div class=\"vc_row wpb_row vc_row-fluid\"><div class=\"wpb_column vc_column_container vc_col-sm-12\"><div class=\"vc_column-inner\"><div class=\"wpb_wrapper\"><div class=\"vc_empty_space\"   style=\"height: 70px\"><span class=\"vc_empty_space_inner\"><\/span><\/div><\/div><\/div><\/div><\/div><div class=\"vc_row wpb_row vc_row-fluid\"><div class=\"wpb_column vc_column_container vc_col-sm-12\"><div class=\"vc_column-inner\"><div class=\"wpb_wrapper\">\n\t<div class=\"wpb_text_column wpb_content_element\" >\n\t\t<div class=\"wpb_wrapper\">\n\t\t\t<p style=\"text-align: justify;\"><span style=\"color: #7d706d; font-size: 19px;\">Pour compl\u00e9ter votre candidature \u00e0 un poste au Coll\u00e8ge Notre Dame de Louaiz\u00e9, veuillez vous assurer de joindre des scans ou des copies num\u00e9riques des documents suivants:<\/span><\/p>\n\n\t\t<\/div>\n\t<\/div>\n<div class=\"vc_empty_space\"   style=\"height: 30px\"><span class=\"vc_empty_space_inner\"><\/span><\/div><\/div><\/div><\/div><\/div><div class=\"vc_row wpb_row vc_row-fluid\"><div class=\"wpb_column vc_column_container vc_col-sm-12\"><div class=\"vc_column-inner\"><div class=\"wpb_wrapper\"><h1 class=\"stm-title stm-font_color_dark-blue stm-title_sep_bottom\" style=\"text-align:left;font-size:30px\">\n\nRequired\n<\/h1>\n\t<div class=\"stm-separator stm-clearfix stm-separator_type_title stm-separator_has_subtitle\" >\n\t\t<div class=\"stm-separator__line stm-border-b_color_dark-blue\" ><\/div>\n\t<\/div>\n\t<div class=\"stm-subtitle stm-font_color_dark-blue\" style=\"text-align:left\">\n\t\t<span style=\"font-size: 16px;\"><strong>Curriculum Vitae (CV)<\/strong><\/span><\/p>\n<p><span style=\"font-size: 16px;\"><strong>Lettre de Motivation:<\/strong>\u00a0Une lettre scann\u00e9e (10-15 lignes) expliquant vos raisons de postuler \u00e0 un poste au CNDL.<\/span><\/p>\n<p><span style=\"font-size: 16px;\"><strong>Photo de la Carte d'Identit\u00e9 ou du Passeport:<\/strong>\u00a0Une photo claire \u00e0 des fins d'identification.<\/span><\/p>\n<p><span style=\"font-size: 16px;\"><strong>Certificat d'Enseignement Secondaire:\u00a0<\/strong>Votre dipl\u00f4me officiel de fin d'\u00e9tudes secondaires.<\/span><\/p>\n<p><span style=\"font-size: 16px;\"><strong>Dipl\u00f4me(s) d'Enseignement Sup\u00e9rieur:<\/strong>\u00a0Copies scann\u00e9es de vos dipl\u00f4mes universitaires ou d'enseignement sup\u00e9rieur pertinents.<\/span>\t<\/div>\n<div class=\"vc_empty_space\"   style=\"height: 20px\"><span class=\"vc_empty_space_inner\"><\/span><\/div><\/div><\/div><\/div><\/div><div class=\"vc_row wpb_row vc_row-fluid\"><div class=\"wpb_column vc_column_container vc_col-sm-12\"><div class=\"vc_column-inner\"><div class=\"wpb_wrapper\"><h1 class=\"stm-title stm-font_color_dark-blue stm-title_sep_bottom\" style=\"text-align:left;font-size:30px\">\n\nOptional\n<\/h1>\n\t<div class=\"stm-separator stm-clearfix stm-separator_type_title stm-separator_has_subtitle\" >\n\t\t<div class=\"stm-separator__line stm-border-b_color_dark-blue\" ><\/div>\n\t<\/div>\n\t<div class=\"stm-subtitle stm-font_color_dark-blue\" style=\"text-align:left\">\n\t\t<span style=\"color: #333333; font-size: 16px;\"><strong>Lettre de Recommandation:<\/strong>\u00a0D'une personne de votre choix.<\/span>\t<\/div>\n<\/div><\/div><\/div><\/div>\n<\/div>","protected":false},"excerpt":{"rendered":"To complete your application for a position at Coll\u00e8ge Notre Dame de Louaiz\u00e9, please ensure you attach scans or digital copies of the following documents: Required Curriculum Vitae (CV) Motivation [...]","protected":false},"author":2,"featured_media":0,"parent":0,"menu_order":0,"comment_status":"closed","ping_status":"closed","template":"","meta":{"footnotes":""},"class_list":["post-4144","page","type-page","status-publish","hentry"],"_links":{"self":[{"href":"https:\/\/www.cndl.edu.lb\/fr\/wp-json\/wp\/v2\/pages\/4144","targetHints":{"allow":["GET"]}}],"collection":[{"href":"https:\/\/www.cndl.edu.lb\/fr\/wp-json\/wp\/v2\/pages"}],"about":[{"href":"https:\/\/www.cndl.edu.lb\/fr\/wp-json\/wp\/v2\/types\/page"}],"author":[{"embeddable":true,"href":"https:\/\/www.cndl.edu.lb\/fr\/wp-json\/wp\/v2\/users\/2"}],"replies":[{"embeddable":true,"href":"https:\/\/www.cndl.edu.lb\/fr\/wp-json\/wp\/v2\/comments?post=4144"}],"version-history":[{"count":9,"href":"https:\/\/www.cndl.edu.lb\/fr\/wp-json\/wp\/v2\/pages\/4144\/revisions"}],"predecessor-version":[{"id":6679,"href":"https:\/\/www.cndl.edu.lb\/fr\/wp-json\/wp\/v2\/pages\/4144\/revisions\/6679"}],"wp:attachment":[{"href":"https:\/\/www.cndl.edu.lb\/fr\/wp-json\/wp\/v2\/media?parent=4144"}],"curies":[{"name":"wp","href":"https:\/\/api.w.org\/{rel}","templated":true}]}}