{"id":4128,"date":"2025-04-07T07:50:16","date_gmt":"2025-04-07T07:50:16","guid":{"rendered":"https:\/\/cndl.edu.lb\/?page_id=4128"},"modified":"2025-10-16T13:36:36","modified_gmt":"2025-10-16T10:36:36","slug":"tuition-fees","status":"publish","type":"page","link":"https:\/\/www.cndl.edu.lb\/fr\/tuition-fees\/","title":{"rendered":"Frais de scolarit\u00e9"},"content":{"rendered":"<div class=\"wpb-content-wrapper\"><div class=\"vc_row wpb_row vc_row-fluid\"><div class=\"wpb_column vc_column_container vc_col-sm-12\"><div class=\"vc_column-inner\"><div class=\"wpb_wrapper\"><div class=\"vc_empty_space\"   style=\"height: 35px\"><span class=\"vc_empty_space_inner\"><\/span><\/div><div class=\"vc_separator wpb_content_element vc_separator_align_center vc_sep_width_100 vc_sep_shadow vc_sep_border_width_2 vc_sep_pos_align_center wpb_content_element line-seperator-tuition wpb_animate_when_almost_visible wpb_fadeInLeftBig fadeInLeftBig vc_separator-has-text\" ><span class=\"vc_sep_holder vc_sep_holder_l\"><span style=\"color:#1A428A;\" class=\"vc_sep_line\"><\/span><\/span><h4>Pour l\u2019ann\u00e9e scolaire 2025 \u2013 2026<\/h4><span class=\"vc_sep_holder vc_sep_holder_r\"><span style=\"color:#1A428A;\" class=\"vc_sep_line\"><\/span><\/span>\n<\/div><div class=\"vc_empty_space\"   style=\"height: 35px\"><span class=\"vc_empty_space_inner\"><\/span><\/div>\n\t<div class=\"wpb_text_column wpb_content_element wpb_animate_when_almost_visible wpb_fadeIn fadeIn\" >\n\t\t<div class=\"wpb_wrapper\">\n\t\t\t<figure class=\"wp-block-table\">\n<table class=\"has-fixed-layout aligncenter\" style=\"color: #7d706d; width: 100%;\">\n<tbody>\n<tr style=\"height: 48px;\">\n<td style=\"height: 48px; width: 18.4557%; text-align: center;\"><strong>Classes<\/strong><\/td>\n<td style=\"height: 48px; width: 28.6252%; text-align: center;\"><strong>Programme Libanais<br \/>(Deux sections) \u2013 L.L.<\/strong><\/td>\n<td style=\"height: 48px; width: 30.1252%; text-align: center;\"><strong>Programme Libanais<br \/>(Deux sections) \u2013 USD<\/strong><\/td>\n<td style=\"height: 48px; width: 23.6347%; text-align: center;\"><strong>Programme Etranger<br \/>(Bac F + AP) &#8211; USD<\/strong><\/td>\n<\/tr>\n<tr style=\"height: 48px;\">\n<td style=\"height: 29px; width: 18.4557%;\"><strong>PS &#8211; MS &#8211; GS \/ <\/strong><strong>KG1 &#8211; KG2 &#8211; KG3<\/strong><\/td>\n<td style=\"height: 29px; width: 30.1252%; text-align: center;\"><strong>24.000.000 L.L.<\/strong><\/td>\n<td style=\"height: 29px; width: 28.6252%; text-align: center;\"><strong>$ 2635<\/strong><\/td>\n<td style=\"height: 29px; width: 23.6347%; text-align: center;\"><strong>&#8212;<\/strong><\/td>\n<\/tr>\n<tr style=\"height: 24px;\">\n<td style=\"height: 24px; width: 18.4557%;\"><strong>CP, CE1, CE2 \/ G1, G2, G3<\/strong><\/td>\n<td style=\"height: 24px; width: 30.1252%; text-align: center;\"><strong>26.400.000 L.L.<\/strong><\/td>\n<td style=\"height: 24px; width: 28.6252%; text-align: center;\"><strong>$ 3100<\/strong><\/td>\n<td style=\"height: 24px; width: 23.6347%; text-align: center;\"><strong>$ 3580<\/strong><\/td>\n<\/tr>\n<tr style=\"height: 27px;\">\n<td style=\"height: 27px; width: 18.4557%;\"><strong>CM1, CM2, 6<sup>e <\/sup>\/ G4, G5, G6<\/strong><\/td>\n<td style=\"height: 27px; width: 30.1252%; text-align: center;\"><strong>30.000.000 L.L.<\/strong><\/td>\n<td style=\"height: 27px; width: 28.6252%; text-align: center;\"><strong>$ 3220<\/strong><\/td>\n<td style=\"height: 27px; width: 23.6347%; text-align: center;\"><strong>$ 3700<\/strong><\/td>\n<\/tr>\n<tr style=\"height: 27px;\">\n<td style=\"height: 27px; width: 18.4557%;\"><b>5<\/b><sup style=\"font-weight: bold;\">e<\/sup><b>, 4<\/b><sup style=\"font-weight: bold;\">e<\/sup><b>, 3<\/b><sup><b>e <\/b><\/sup><strong>\/ G7, G8, G9<\/strong><\/td>\n<td style=\"height: 27px; width: 30.1252%; text-align: center;\"><strong>31.200.000 L.L.<\/strong><\/td>\n<td style=\"height: 27px; width: 28.6252%; text-align: center;\"><strong>$ 3340<\/strong><\/td>\n<td style=\"height: 27px; width: 23.6347%; text-align: center;\"><strong>$ 3820<\/strong><\/td>\n<\/tr>\n<tr style=\"height: 24px;\">\n<td style=\"height: 24px; width: 18.4557%;\"><strong>2\u1d48\u1d49 &#8211; 1\u02b3\u1d49 &#8211; T\u02e1\u1d49 \/ G10 &#8211; G11 &#8211; G12<\/strong><\/td>\n<td style=\"height: 24px; width: 30.1252%; text-align: center;\"><strong>\u00a033.600.000 L.L.<\/strong><\/td>\n<td style=\"height: 24px; width: 28.6252%; text-align: center;\"><strong>$ 3450<\/strong><\/td>\n<td style=\"height: 24px; width: 23.6347%; text-align: center;\"><strong>$ 3930<\/strong><\/td>\n<\/tr>\n<\/tbody>\n<\/table>\n<p style=\"text-align: center;\">\u00a0<\/p>\n<\/figure>\n\n\t\t<\/div>\n\t<\/div>\n\n\t<div class=\"wpb_text_column wpb_content_element\" >\n\t\t<div class=\"wpb_wrapper\">\n\t\t\t<p><span style=\"color: #1a428a;\"><strong>Frais suppl\u00e9mentaires \u00e0 pr\u00e9voir:<\/strong><\/span><\/p>\n<ul>\n<li><span style=\"color: #7d706d;\">USD 132 (cent trente-deux dollars am\u00e9ricains) sont \u00e0 ajouter pour le niveau de la maternelle, en tant que frais de papeterie.<\/span><\/li>\n<li><span style=\"color: #7d706d;\">USD 100 (cent dollars am\u00e9ricains) sont requis pour les autres niveaux, couvrant les frais de papeterie et de technologie, aussi bien pour la section fran\u00e7aise que pour la section anglaise.<\/span><\/li>\n<li><span style=\"color: #7d706d;\">USD 200 (deux cent dollars am\u00e9ricains) seront appliqu\u00e9s aux \u00e9l\u00e8ves n\u00e9cessitant un accompagnement p\u00e9dagogique sp\u00e9cialis\u00e9 en raison de difficult\u00e9s d'apprentissage attest\u00e9es.<\/span><\/li>\n<\/ul>\n\n\t\t<\/div>\n\t<\/div>\n<\/div><\/div><\/div><\/div><div class=\"vc_row wpb_row vc_row-fluid\"><div class=\"wpb_column vc_column_container vc_col-sm-12\"><div class=\"vc_column-inner\"><div class=\"wpb_wrapper\"><div class=\"vc_empty_space\"   style=\"height: 30px\"><span class=\"vc_empty_space_inner\"><\/span><\/div><\/div><\/div><\/div><\/div><\/div>","protected":false},"excerpt":{"rendered":"For The Academic Year 2025 - 2026 Classes Lebanese Program(Two Sections) - L.L. Lebanese Program(Two Sections) - USD Foreign Program(Bac F + AP) - USD PS - MS - GS [...]","protected":false},"author":2,"featured_media":0,"parent":0,"menu_order":0,"comment_status":"closed","ping_status":"closed","template":"","meta":{"footnotes":""},"class_list":["post-4128","page","type-page","status-publish","hentry"],"_links":{"self":[{"href":"https:\/\/www.cndl.edu.lb\/fr\/wp-json\/wp\/v2\/pages\/4128","targetHints":{"allow":["GET"]}}],"collection":[{"href":"https:\/\/www.cndl.edu.lb\/fr\/wp-json\/wp\/v2\/pages"}],"about":[{"href":"https:\/\/www.cndl.edu.lb\/fr\/wp-json\/wp\/v2\/types\/page"}],"author":[{"embeddable":true,"href":"https:\/\/www.cndl.edu.lb\/fr\/wp-json\/wp\/v2\/users\/2"}],"replies":[{"embeddable":true,"href":"https:\/\/www.cndl.edu.lb\/fr\/wp-json\/wp\/v2\/comments?post=4128"}],"version-history":[{"count":37,"href":"https:\/\/www.cndl.edu.lb\/fr\/wp-json\/wp\/v2\/pages\/4128\/revisions"}],"predecessor-version":[{"id":7188,"href":"https:\/\/www.cndl.edu.lb\/fr\/wp-json\/wp\/v2\/pages\/4128\/revisions\/7188"}],"wp:attachment":[{"href":"https:\/\/www.cndl.edu.lb\/fr\/wp-json\/wp\/v2\/media?parent=4128"}],"curies":[{"name":"wp","href":"https:\/\/api.w.org\/{rel}","templated":true}]}}