{"id":4119,"date":"2025-04-07T07:47:49","date_gmt":"2025-04-07T07:47:49","guid":{"rendered":"https:\/\/cndl.edu.lb\/?page_id=4119"},"modified":"2025-08-22T15:26:25","modified_gmt":"2025-08-22T12:26:25","slug":"required-documents","status":"publish","type":"page","link":"https:\/\/www.cndl.edu.lb\/fr\/required-documents\/","title":{"rendered":"Documents requis"},"content":{"rendered":"<div class=\"wpb-content-wrapper\"><div class=\"vc_row wpb_row vc_row-fluid\"><div class=\"wpb_column vc_column_container vc_col-sm-12\"><div class=\"vc_column-inner\"><div class=\"wpb_wrapper\"><div class=\"vc_empty_space\"   style=\"height: 70px\"><span class=\"vc_empty_space_inner\"><\/span><\/div><h1 class=\"stm-title stm-font_color_dark-blue stm-title_sep_bottom\" style=\"text-align:center;font-size:33px;margin-bottom:40px\">\n\nQuels sont les documents requis ?\n<\/h1>\n\t<div class=\"stm-separator stm-clearfix stm-separator_type_title stm-separator_has_subtitle\" >\n\t\t<div class=\"stm-separator__line stm-border-b_color_dark-blue\" style=\"margin-left:auto;margin-right:auto\"><\/div>\n\t<\/div>\n\t<div class=\"stm-subtitle stm-font_color_dark-blue\" style=\"text-align:center\">\n\t\t<\/p>\n<ul style=\"list-style-type: disc;\">\n<li style=\"text-align: left;\"><span style=\"font-size: 17px; color: #333333;\">Copie de la carte d'identit\u00e9<\/span><\/li>\n<li style=\"text-align: left;\"><span style=\"font-size: 17px; color: #333333;\">\u00c9tat civil personnel (l'original + 2 photocopies)<\/span><\/li>\n<li style=\"text-align: left;\"><span style=\"font-size: 17px; color: #333333;\">\u00c9tat civil familial (l'original + 1 photocopie)<\/span><\/li>\n<li style=\"text-align: left;\"><span style=\"font-size: 17px; color: #333333;\">Bulletins scolaires (de l'ann\u00e9e acad\u00e9mique actuelle et de l'ann\u00e9e pr\u00e9c\u00e9dente)<\/span><\/li>\n<li style=\"text-align: left;\"><span style=\"font-size: 17px; color: #333333;\">Attestation officielle originale de fin d'ann\u00e9e (\u0627\u0641\u0627\u062f\u0629 \u0627\u0646\u0647\u0627\u0621) de l'\u00e9cole pr\u00e9c\u00e9dente, certifi\u00e9e par le Minist\u00e8re Libanais de l'\u00c9ducation Nationale et de l'Enseignement Sup\u00e9rieur<\/span><\/li>\n<li style=\"text-align: left;\"><span style=\"font-size: 17px; color: #333333;\">Une photocopie du brevet des coll\u00e8ges libanais pour les \u00e9l\u00e8ves postulant aux classes de 1\u00e8re, Terminale et classes de l'AP, ou une copie certifi\u00e9e de l'exemption du Minist\u00e8re Libanais de l'\u00c9ducation Nationale et de l'Enseignement Sup\u00e9rieur pour les candidats rejoignant le programme AP<\/span><\/li>\n<li style=\"text-align: left;\"><span style=\"font-size: 17px; color: #333333;\">Frais d'inscription de 250 USD et 3 000 000 LBP<\/span><\/li>\n<\/ul>\n<p>\t<\/div>\n<\/div><\/div><\/div><\/div>\n<\/div>","protected":false},"excerpt":{"rendered":"What are the Requirement Documents ? Copy of the identity card Personal civil status (the original document + 2 photocopies) Family civil status (the original document + 1 photocopy) School [...]","protected":false},"author":1,"featured_media":0,"parent":0,"menu_order":0,"comment_status":"closed","ping_status":"closed","template":"","meta":{"footnotes":""},"class_list":["post-4119","page","type-page","status-publish","hentry"],"_links":{"self":[{"href":"https:\/\/www.cndl.edu.lb\/fr\/wp-json\/wp\/v2\/pages\/4119","targetHints":{"allow":["GET"]}}],"collection":[{"href":"https:\/\/www.cndl.edu.lb\/fr\/wp-json\/wp\/v2\/pages"}],"about":[{"href":"https:\/\/www.cndl.edu.lb\/fr\/wp-json\/wp\/v2\/types\/page"}],"author":[{"embeddable":true,"href":"https:\/\/www.cndl.edu.lb\/fr\/wp-json\/wp\/v2\/users\/1"}],"replies":[{"embeddable":true,"href":"https:\/\/www.cndl.edu.lb\/fr\/wp-json\/wp\/v2\/comments?post=4119"}],"version-history":[{"count":12,"href":"https:\/\/www.cndl.edu.lb\/fr\/wp-json\/wp\/v2\/pages\/4119\/revisions"}],"predecessor-version":[{"id":6065,"href":"https:\/\/www.cndl.edu.lb\/fr\/wp-json\/wp\/v2\/pages\/4119\/revisions\/6065"}],"wp:attachment":[{"href":"https:\/\/www.cndl.edu.lb\/fr\/wp-json\/wp\/v2\/media?parent=4119"}],"curies":[{"name":"wp","href":"https:\/\/api.w.org\/{rel}","templated":true}]}}