{"id":4110,"date":"2025-04-07T07:36:55","date_gmt":"2025-04-07T07:36:55","guid":{"rendered":"https:\/\/cndl.edu.lb\/?page_id=4110"},"modified":"2026-01-09T11:38:03","modified_gmt":"2026-01-09T09:38:03","slug":"learner-committee","status":"publish","type":"page","link":"https:\/\/www.cndl.edu.lb\/fr\/learner-committee\/","title":{"rendered":"Comit\u00e9 des apprenants"},"content":{"rendered":"<div class=\"wpb-content-wrapper\"><div class=\"vc_row wpb_row vc_row-fluid\"><div class=\"wpb_animate_when_almost_visible wpb_fadeInLeftBig fadeInLeftBig wpb_column vc_column_container vc_col-sm-12\"><div class=\"vc_column-inner\"><div class=\"wpb_wrapper\">\t<div class=\"stm-subtitle stm-font_color_dark-blue\" style=\"text-align:left\">\n\t\t<\/p>\n<p><span style=\"font-size: 17px; color: #333333;\">Les apprenants des deuxi\u00e8me, troisi\u00e8me et quatri\u00e8me cycles ont le droit de former des conseils d\u2019apprenants qui les repr\u00e9sentent aupr\u00e8s de l\u2019administration et \u00e9tablissent leur r\u00e8glement int\u00e9rieur sous la supervision d\u2019un repr\u00e9sentant de l\u2019administration. Ce r\u00e8glement ne doit pas \u00eatre en contradiction avec les r\u00e8gles et r\u00e8glements de l\u2019\u00e9cole.<\/span><\/p>\n<p>\t<\/div>\n\t<div class=\"stm-subtitle stm-font_color_dark-blue\" style=\"text-align:left\">\n\t\t<\/p>\n<p><span style=\"color: #333333; font-size: 17px;\">Le conseil des apprenants est constitu\u00e9 \u00e0 travers des \u00e9lections, et ses membres sont choisis parmi les \napprenants remplissant les crit\u00e8res \u00e9thiques et acad\u00e9miques requis.\nLe processus \u00e9lectoral doit se d\u00e9rouler de mani\u00e8re d\u00e9mocratique et civilis\u00e9e, sous la supervision de \nl\u2019administration.<\/span><\/p>\n<p>\t<\/div>\n<div class=\"vc_empty_space\"   style=\"height: 10px\"><span class=\"vc_empty_space_inner\"><\/span><\/div><div class=\"vc_row wpb_row vc_inner vc_row-fluid\"><div class=\"wpb_column vc_column_container vc_col-sm-6\"><div class=\"vc_column-inner\"><div class=\"wpb_wrapper\">\n\t<div  class=\"wpb_single_image wpb_content_element vc_align_left wpb_content_element wpb_animate_when_almost_visible wpb_fadeInLeftBig fadeInLeftBig  image-borderRadius\">\n\t\t\n\t\t<figure class=\"wpb_wrapper vc_figure\">\n\t\t\t<div class=\"vc_single_image-wrapper   vc_box_border_grey\"><img decoding=\"async\" class=\"vc_single_image-img\" src=\"https:\/\/www.cndl.edu.lb\/wp-content\/uploads\/2025\/07\/comite-des-eleves-4-1-scaled.jpg\" width=\"2560\" height=\"1707\" alt=\"\" title=\"\" loading=\"lazy\" \/><\/div>\n\t\t<\/figure>\n\t<\/div>\n<\/div><\/div><\/div><div class=\"wpb_column vc_column_container vc_col-sm-6\"><div class=\"vc_column-inner\"><div class=\"wpb_wrapper\"><div class=\"vc_empty_space\"   style=\"height: 20px\"><span class=\"vc_empty_space_inner\"><\/span><\/div>\n\t<div class=\"wpb_text_column wpb_content_element wpb_animate_when_almost_visible wpb_fadeInRightBig fadeInRightBig\" >\n\t\t<div class=\"wpb_wrapper\">\n\t\t\t<p><span style=\"font-size: 20px; color: #1a428a;\"><strong>1<sup>st<\/sup> rank<\/strong>:<\/span><\/p>\n<p><span style=\"font-size: 17px; color: #7d706d;\">Adrian El Mir, Manalida Ephrem, Diane Massaad, Clara Mhanna, Karl Nicolas, Chady Saleme<\/span><\/p>\n<p><span style=\"font-size: 20px; color: #1a428a;\"><strong>2<sup>nd<\/sup> rank:<\/strong><\/span><\/p>\n<p><span style=\"font-size: 17px; color: #7d706d;\">Charbel Feghaly, Christa Maria El Khoury, Sirine Moubarak, Mia Chammas, Martin Timani, Jad Hachem<\/span><\/p>\n\n\t\t<\/div>\n\t<\/div>\n<\/div><\/div><\/div><\/div><\/div><\/div><\/div><\/div><div class=\"vc_row wpb_row vc_row-fluid\"><div class=\"wpb_animate_when_almost_visible wpb_fadeInDown fadeInDown wpb_column vc_column_container vc_col-sm-12\"><div class=\"vc_column-inner\"><div class=\"wpb_wrapper\"><div class=\"vc_empty_space\"   style=\"height: 20px\"><span class=\"vc_empty_space_inner\"><\/span><\/div><div class=\"vc_separator wpb_content_element vc_separator_align_center vc_sep_width_100 vc_sep_pos_align_center vc_separator_no_text vc_sep_color_black wpb_content_element  wpb_content_element wpb_animate_when_almost_visible wpb_fadeInRightBig fadeInRightBig wpb_animate_when_almost_visible wpb_fadeInRightBig fadeInRightBig\" ><span class=\"vc_sep_holder vc_sep_holder_l\"><span class=\"vc_sep_line\"><\/span><\/span><span class=\"vc_sep_holder vc_sep_holder_r\"><span class=\"vc_sep_line\"><\/span><\/span>\n<\/div>\t<div class=\"stm-subtitle stm-font_color_dark-blue\" style=\"text-align:left\">\n\t\t<\/p>\n<p><span style=\"font-size: 17px; color: #333333;\">Le conseil des apprenants agit comme porte-parole des apprenants \u00e0 travers ses d\u00e9l\u00e9gu\u00e9s. Il d\u00e9fend leurs \ndroits, fait remonter leurs revendications et pr\u00e9sente leurs plaintes aux autorit\u00e9s comp\u00e9tentes<\/span><br \/>\n<span style=\"font-size: 17px; color: #333333;\">Chaque conseil des apprenants pr\u00e9sente un programme d'activit\u00e9s propos\u00e9 pour l'ann\u00e9e scolaire, qui est \ndiscut\u00e9 avec l\u2019administration afin d\u2019obtenir l\u2019approbation n\u00e9cessaire.<\/span><\/p>\n<p>\t<\/div>\n<\/div><\/div><\/div><\/div><div class=\"vc_row wpb_row vc_row-fluid\"><div class=\"wpb_column vc_column_container vc_col-sm-12\"><div class=\"vc_column-inner\"><div class=\"wpb_wrapper\"><div class=\"vc_empty_space\"   style=\"height: 20px\"><span class=\"vc_empty_space_inner\"><\/span><\/div><\/div><\/div><\/div><\/div>\n<\/div>","protected":false},"excerpt":{"rendered":"Learners in the second, third, and fourth cycles have the right to form learner councils that represent them to the administration and establish their internal regulations under the supervision of [...]","protected":false},"author":1,"featured_media":0,"parent":0,"menu_order":0,"comment_status":"closed","ping_status":"closed","template":"","meta":{"footnotes":""},"class_list":["post-4110","page","type-page","status-publish","hentry"],"_links":{"self":[{"href":"https:\/\/www.cndl.edu.lb\/fr\/wp-json\/wp\/v2\/pages\/4110","targetHints":{"allow":["GET"]}}],"collection":[{"href":"https:\/\/www.cndl.edu.lb\/fr\/wp-json\/wp\/v2\/pages"}],"about":[{"href":"https:\/\/www.cndl.edu.lb\/fr\/wp-json\/wp\/v2\/types\/page"}],"author":[{"embeddable":true,"href":"https:\/\/www.cndl.edu.lb\/fr\/wp-json\/wp\/v2\/users\/1"}],"replies":[{"embeddable":true,"href":"https:\/\/www.cndl.edu.lb\/fr\/wp-json\/wp\/v2\/comments?post=4110"}],"version-history":[{"count":19,"href":"https:\/\/www.cndl.edu.lb\/fr\/wp-json\/wp\/v2\/pages\/4110\/revisions"}],"predecessor-version":[{"id":7832,"href":"https:\/\/www.cndl.edu.lb\/fr\/wp-json\/wp\/v2\/pages\/4110\/revisions\/7832"}],"wp:attachment":[{"href":"https:\/\/www.cndl.edu.lb\/fr\/wp-json\/wp\/v2\/media?parent=4110"}],"curies":[{"name":"wp","href":"https:\/\/api.w.org\/{rel}","templated":true}]}}