{"id":4099,"date":"2025-04-07T07:28:11","date_gmt":"2025-04-07T07:28:11","guid":{"rendered":"https:\/\/cndl.edu.lb\/?page_id=4099"},"modified":"2025-09-23T12:49:34","modified_gmt":"2025-09-23T09:49:34","slug":"guides-scouts-du-liban","status":"publish","type":"page","link":"https:\/\/www.cndl.edu.lb\/fr\/guides-scouts-du-liban\/","title":{"rendered":"Guides et Scouts du Liban"},"content":{"rendered":"<div class=\"wpb-content-wrapper\"><div class=\"vc_row wpb_row vc_row-fluid\"><div class=\"wpb_column vc_column_container vc_col-sm-12\"><div class=\"vc_column-inner\"><div class=\"wpb_wrapper\"><div class=\"vc_empty_space\"   style=\"height: 35px\"><span class=\"vc_empty_space_inner\"><\/span><\/div><\/div><\/div><\/div><\/div><div class=\"vc_row wpb_row vc_row-fluid\"><div class=\"wpb_animate_when_almost_visible wpb_fadeInLeftBig fadeInLeftBig wpb_column vc_column_container vc_col-sm-12\"><div class=\"vc_column-inner\"><div class=\"wpb_wrapper\"><h1 class=\"stm-title stm-font_color_dark-blue stm-title_sep_bottom\" style=\"text-align:left;font-size:30px\">\n\nDeux mouvements, une mission commune\n<\/h1>\n\t<div class=\"stm-separator stm-clearfix stm-separator_type_title stm-separator_has_subtitle\" >\n\t\t<div class=\"stm-separator__line stm-border-b_color_dark-blue\" ><\/div>\n\t<\/div>\n\t<div class=\"stm-subtitle stm-font_color_dark-blue\" style=\"text-align:left\">\n\t\t<span style=\"color: #333333; font-family: montserrat; font-size: 15px;\">Les Scouts du Liban (SDL), fond\u00e9s en 1938, et l'Association des Guides du Liban (AGDL), fond\u00e9e en 1937, sont deux mouvements de jeunesse enracin\u00e9s dans les valeurs scoutes universelles. Ouverts \u00e0 tous sans distinction, ils \u0153uvrent ensemble \u00e0 l'\u00e9ducation et \u00e0 l'\u00e9panouissement des jeunes g\u00e9n\u00e9rations.<\/span>\t<\/div>\n<div class=\"vc_empty_space\"   style=\"height: 20px\"><span class=\"vc_empty_space_inner\"><\/span><\/div><div class=\"vc_separator wpb_content_element vc_separator_align_center vc_sep_width_100 vc_sep_pos_align_center vc_separator_no_text vc_sep_color_black vc_custom_1748842497768 wpb_content_element  vc_custom_1748842497768 wpb_content_element wpb_animate_when_almost_visible wpb_fadeInRightBig fadeInRightBig wpb_animate_when_almost_visible wpb_fadeInRightBig fadeInRightBig\" ><span class=\"vc_sep_holder vc_sep_holder_l\"><span class=\"vc_sep_line\"><\/span><\/span><span class=\"vc_sep_holder vc_sep_holder_r\"><span class=\"vc_sep_line\"><\/span><\/span>\n<\/div><\/div><\/div><\/div><\/div><div class=\"vc_row wpb_row vc_row-fluid\"><div class=\"wpb_animate_when_almost_visible wpb_fadeInLeft fadeInLeft wpb_column vc_column_container vc_col-sm-6\"><div class=\"vc_column-inner\"><div class=\"wpb_wrapper\"><div class=\"vc_empty_space\"   style=\"height: 25px\"><span class=\"vc_empty_space_inner\"><\/span><\/div>\n\t<div  class=\"wpb_single_image wpb_content_element vc_align_left wpb_content_element  image-borderRadius\">\n\t\t\n\t\t<figure class=\"wpb_wrapper vc_figure\">\n\t\t\t<div class=\"vc_single_image-wrapper   vc_box_border_grey\"><img decoding=\"async\" class=\"vc_single_image-img\" src=\"https:\/\/www.cndl.edu.lb\/wp-content\/uploads\/2025\/03\/434585774_377696211798584_2008289360498145592_n.jpg\" width=\"1440\" height=\"1080\" alt=\"\" title=\"\" loading=\"lazy\" \/><\/div>\n\t\t<\/figure>\n\t<\/div>\n<\/div><\/div><\/div><div class=\"wpb_animate_when_almost_visible wpb_fadeInRightBig fadeInRightBig wpb_column vc_column_container vc_col-sm-6\"><div class=\"vc_column-inner\"><div class=\"wpb_wrapper\"><div class=\"vc_empty_space\"   style=\"height: 60px\"><span class=\"vc_empty_space_inner\"><\/span><\/div>\n\t<div class=\"wpb_text_column wpb_content_element\" >\n\t\t<div class=\"wpb_wrapper\">\n\t\t\t<p><span style=\"color: #1a428a;\"><strong><span style=\"font-size: 30px; font-family: montserrat;\">Groupes actifs au sein du <\/span><span style=\"font-size: 30px;\">Coll\u00e8ge Notre Dame De Louaiz\u00e9<\/span><span style=\"font-size: 30px;\">:<\/span><\/strong><\/span><\/p>\n<div style=\"line-height: 2;\">\n<ol style=\"font-family: 'montserrat';\">\n<li><span style=\"color: #7d706d; font-size: 19px;\">Groupe Scouts NDL fond\u00e9 en 1969<\/span><\/li>\n<li><span style=\"color: #7d706d; font-size: 19px;\">Groupe Guides NDL fond\u00e9 en 1986<\/span><\/li>\n<\/ol>\n<\/div>\n\n\t\t<\/div>\n\t<\/div>\n<\/div><\/div><\/div><\/div><div class=\"vc_row wpb_row vc_row-fluid\"><div class=\"wpb_animate_when_almost_visible wpb_fadeInDownBig fadeInDownBig wpb_column vc_column_container vc_col-sm-12\"><div class=\"vc_column-inner\"><div class=\"wpb_wrapper\"><div class=\"vc_separator wpb_content_element vc_separator_align_center vc_sep_width_100 vc_sep_pos_align_center vc_separator_no_text vc_sep_color_black vc_custom_1748840869826 wpb_content_element  vc_custom_1748840869826 wpb_content_element\" ><span class=\"vc_sep_holder vc_sep_holder_l\"><span class=\"vc_sep_line\"><\/span><\/span><span class=\"vc_sep_holder vc_sep_holder_r\"><span class=\"vc_sep_line\"><\/span><\/span>\n<\/div><\/div><\/div><\/div><\/div><div class=\"vc_row wpb_row vc_row-fluid\"><div class=\"wpb_animate_when_almost_visible wpb_fadeInLeftBig fadeInLeftBig wpb_column vc_column_container vc_col-sm-6\"><div class=\"vc_column-inner\"><div class=\"wpb_wrapper\"><div class=\"vc_empty_space\"   style=\"height: 35px\"><span class=\"vc_empty_space_inner\"><\/span><\/div>\n\t<div  class=\"wpb_single_image wpb_content_element vc_align_left wpb_content_element  image-borderRadius\">\n\t\t\n\t\t<figure class=\"wpb_wrapper vc_figure\">\n\t\t\t<div class=\"vc_single_image-wrapper   vc_box_border_grey\"><img decoding=\"async\" class=\"vc_single_image-img\" src=\"https:\/\/www.cndl.edu.lb\/wp-content\/uploads\/2025\/03\/465023182_18342281776132669_9072241845755674907_n.jpg\" width=\"960\" height=\"960\" alt=\"\" title=\"\" loading=\"lazy\" \/><\/div>\n\t\t<\/figure>\n\t<\/div>\n<\/div><\/div><\/div><div class=\"wpb_animate_when_almost_visible wpb_fadeInRightBig fadeInRightBig wpb_column vc_column_container vc_col-sm-6\"><div class=\"vc_column-inner\"><div class=\"wpb_wrapper\"><div class=\"vc_empty_space\"   style=\"height: 45px\"><span class=\"vc_empty_space_inner\"><\/span><\/div>\n\t<div class=\"wpb_text_column wpb_content_element\" >\n\t\t<div class=\"wpb_wrapper\">\n\t\t\t<p class=\"stm-title stm-font_color_dark-blue stm-title_sep_bottom\"><span style=\"color: #1a428a;\"><strong><span style=\"font-size: 30px; font-family: montserrat;\">Un encadrement adapt\u00e9 \u00e0 chaque tranche d'\u00e2ge:<\/span><\/strong><\/span><\/p>\n<p><span style=\"font-size: 18px; color: #1a428a;\"><span style=\"font-size: 21px; line-height: 2; font-family: 'montserrat';\">Scouts du Liban (SDL):<\/span><\/span><\/p>\n<ul style=\"font-family: 'montserrat';\">\n<li class=\"li1\" style=\"text-align: left;\"><span style=\"font-size: 18px; color: #7d706d;\">Louveteaux : 8 \u00e0 12 ans<\/span><\/li>\n<li class=\"li1\" style=\"text-align: left;\"><span style=\"font-size: 18px; color: #7d706d;\">\u00c9claireurs: 12 \u00e0 17 ans<\/span><\/li>\n<li class=\"li1\" style=\"text-align: left;\"><span style=\"font-size: 18px; color: #7d706d;\">Routiers: 17 \u00e0 21 ans<\/span><\/li>\n<\/ul>\n<p><span style=\"font-size: 21px; line-height: 2; font-family: montserrat; color: #1a428a;\">Association des Guides du Liban (AGDL):<\/span><\/p>\n<ul style=\"font-family: 'montserrat';\">\n<li class=\"li1\"><span style=\"font-size: 18px; color: #7d706d;\">Farandoles: 6 \u00e0 7 ans<\/span><\/li>\n<li class=\"li1\"><span style=\"font-size: 18px; color: #7d706d;\">Jeannettes: 8 \u00e0 10 ans<\/span><\/li>\n<li class=\"li1\"><span style=\"font-size: 18px; color: #7d706d;\">Guides: 11 \u00e0 14 ans<\/span><\/li>\n<li class=\"li1\"><span style=\"font-size: 18px; color: #7d706d;\">Caravelles: 15 \u00e0 16 ans.<\/span><\/li>\n<li class=\"li1\"><span style=\"font-size: 18px; color: #7d706d;\">Jeunes en Marche (JEM): 17 ans et plus<\/span><\/li>\n<li class=\"li1\"><span style=\"font-size: 18px; color: #7d706d;\">Tournesols: Plus de 17 ans (jeunes filles ayant des besoins sp\u00e9ciaux)<\/span><\/li>\n<\/ul>\n\n\t\t<\/div>\n\t<\/div>\n<\/div><\/div><\/div><\/div><div class=\"vc_row wpb_row vc_row-fluid\"><div class=\"wpb_animate_when_almost_visible wpb_fadeIn fadeIn wpb_column vc_column_container vc_col-sm-12\"><div class=\"vc_column-inner\"><div class=\"wpb_wrapper\"><div class=\"vc_empty_space\"   style=\"height: 10px\"><span class=\"vc_empty_space_inner\"><\/span><\/div><div class=\"vc_separator wpb_content_element vc_separator_align_center vc_sep_width_100 vc_sep_pos_align_center vc_separator_no_text vc_sep_color_black vc_custom_1748842630432 wpb_content_element  vc_custom_1748842630432 wpb_content_element\" ><span class=\"vc_sep_holder vc_sep_holder_l\"><span class=\"vc_sep_line\"><\/span><\/span><span class=\"vc_sep_holder vc_sep_holder_r\"><span class=\"vc_sep_line\"><\/span><\/span>\n<\/div><\/div><\/div><\/div><\/div><div class=\"vc_row wpb_row vc_row-fluid\"><div class=\"wpb_animate_when_almost_visible wpb_fadeInRightBig fadeInRightBig wpb_column vc_column_container vc_col-sm-12\"><div class=\"vc_column-inner\"><div class=\"wpb_wrapper\">\n\t<div class=\"wpb_text_column wpb_content_element\" >\n\t\t<div class=\"wpb_wrapper\">\n\t\t\t<p><span style=\"color: #1a428a;\"><strong><span style=\"font-size: 30px; font-family: montserrat;\">Une \u00e9ducation par l'action et l'aventure:<\/span><\/strong><\/span><\/p>\n<p style=\"text-align: justify;\"><span style=\"font-size: 16px; color: #7d706d; font-family: montserrat;\">Au-del\u00e0 des murs de l'\u00e9cole, les Scouts et les Guides vivent des aventures enrichissantes qui favorisent leur d\u00e9veloppement personnel, leur sens des responsabilit\u00e9s et leur engagement citoyen.<\/span><\/p>\n\n\t\t<\/div>\n\t<\/div>\n<div class=\"vc_empty_space\"   style=\"height: 20px\"><span class=\"vc_empty_space_inner\"><\/span><\/div><\/div><\/div><\/div><\/div><div class=\"vc_row wpb_row vc_row-fluid\"><div class=\"wpb_animate_when_almost_visible wpb_fadeInLeftBig fadeInLeftBig wpb_column vc_column_container vc_col-sm-6\"><div class=\"vc_column-inner\"><div class=\"wpb_wrapper\">\n\t<div  class=\"wpb_single_image wpb_content_element vc_align_left wpb_content_element  image-borderRadius\">\n\t\t\n\t\t<figure class=\"wpb_wrapper vc_figure\">\n\t\t\t<div class=\"vc_single_image-wrapper   vc_box_border_grey\"><img decoding=\"async\" class=\"vc_single_image-img\" src=\"https:\/\/www.cndl.edu.lb\/wp-content\/uploads\/2025\/03\/482631290_18356914801180101_8298449347778278883_n.jpg\" width=\"1440\" height=\"1440\" alt=\"\" title=\"\" loading=\"lazy\" \/><\/div>\n\t\t<\/figure>\n\t<\/div>\n<\/div><\/div><\/div><div class=\"wpb_animate_when_almost_visible wpb_fadeInRightBig fadeInRightBig wpb_column vc_column_container vc_col-sm-6\"><div class=\"vc_column-inner\"><div class=\"wpb_wrapper\"><div class=\"vc_empty_space\"   style=\"height: 35px\"><span class=\"vc_empty_space_inner\"><\/span><\/div>\n\t<div class=\"wpb_text_column wpb_content_element\" >\n\t\t<div class=\"wpb_wrapper\">\n\t\t\t<p><strong><span style=\"font-size: 18px; font-family: montserrat; color: #1a428a;\"><span style=\"font-size: 21px; line-height: 2;\">Les 5 buts du scoutisme:<\/span><\/span><\/strong><\/p>\n<ul style=\"font-family: 'montserrat';\">\n<li class=\"li1\"><span style=\"font-size: 18px; color: #7d706d;\">Le caract\u00e8re<\/span><\/li>\n<li class=\"li1\"><span style=\"font-size: 18px; color: #7d706d;\">La sant\u00e9<\/span><\/li>\n<li class=\"li1\"><span style=\"font-size: 18px; color: #7d706d;\">La  cr\u00e9ativit\u00e9<\/span><\/li>\n<li><span style=\"font-size: 18px; color: #7d706d;\">Le sens des autres<\/span><\/li>\n<li><span style=\"font-size: 18px; color: #7d706d;\">Le sens de Dieu<\/span><\/li>\n<\/ul>\n<p><span style=\"color: #1a428a;\"><strong><span style=\"font-size: 21px; line-height: 2; font-family: 'montserrat';\">Des valeurs fondamentales:<\/span><\/strong><\/span><\/p>\n<ul style=\"font-family: 'montserrat';\">\n<li><span style=\"font-size: 18px; color: #7d706d;\">Promouvoir la paix et la compr\u00e9hension<\/span><\/li>\n<li><span style=\"font-size: 18px; color: #7d706d;\">Encourager la coop\u00e9ration et le respect mutuel<\/span><\/li>\n<li><span style=\"font-size: 18px; color: #7d706d;\">D\u00e9velopper le leadership et l'esprit d'initiative<\/span><\/li>\n<li><span style=\"font-size: 18px; color: #7d706d;\">Prendre soin de l'environnement<\/span><\/li>\n<li><span style=\"font-size: 18px; color: #7d706d;\">Contribuer \u00e0 l'am\u00e9lioration de la soci\u00e9t\u00e9<\/span><\/li>\n<\/ul>\n\n\t\t<\/div>\n\t<\/div>\n<\/div><\/div><\/div><\/div><div class=\"vc_row wpb_row vc_row-fluid\"><div class=\"wpb_column vc_column_container vc_col-sm-12\"><div class=\"vc_column-inner\"><div class=\"wpb_wrapper\"><div class=\"vc_empty_space\"   style=\"height: 15px\"><span class=\"vc_empty_space_inner\"><\/span><\/div><\/div><\/div><\/div><\/div>\n<\/div>","protected":false},"excerpt":{"rendered":"Two Movements, One Shared Mission The Scouts du Liban (SDL), founded in 1938, and the Association des Guides du Liban (AGDL), founded in 1937, are two youth movements rooted in [...]","protected":false},"author":1,"featured_media":0,"parent":0,"menu_order":0,"comment_status":"closed","ping_status":"closed","template":"","meta":{"footnotes":""},"class_list":["post-4099","page","type-page","status-publish","hentry"],"_links":{"self":[{"href":"https:\/\/www.cndl.edu.lb\/fr\/wp-json\/wp\/v2\/pages\/4099","targetHints":{"allow":["GET"]}}],"collection":[{"href":"https:\/\/www.cndl.edu.lb\/fr\/wp-json\/wp\/v2\/pages"}],"about":[{"href":"https:\/\/www.cndl.edu.lb\/fr\/wp-json\/wp\/v2\/types\/page"}],"author":[{"embeddable":true,"href":"https:\/\/www.cndl.edu.lb\/fr\/wp-json\/wp\/v2\/users\/1"}],"replies":[{"embeddable":true,"href":"https:\/\/www.cndl.edu.lb\/fr\/wp-json\/wp\/v2\/comments?post=4099"}],"version-history":[{"count":13,"href":"https:\/\/www.cndl.edu.lb\/fr\/wp-json\/wp\/v2\/pages\/4099\/revisions"}],"predecessor-version":[{"id":6642,"href":"https:\/\/www.cndl.edu.lb\/fr\/wp-json\/wp\/v2\/pages\/4099\/revisions\/6642"}],"wp:attachment":[{"href":"https:\/\/www.cndl.edu.lb\/fr\/wp-json\/wp\/v2\/media?parent=4099"}],"curies":[{"name":"wp","href":"https:\/\/api.w.org\/{rel}","templated":true}]}}