{"id":4093,"date":"2025-04-07T07:04:15","date_gmt":"2025-04-07T07:04:15","guid":{"rendered":"https:\/\/cndl.edu.lb\/?page_id=4093"},"modified":"2025-09-23T14:02:24","modified_gmt":"2025-09-23T11:02:24","slug":"padel","status":"publish","type":"page","link":"https:\/\/www.cndl.edu.lb\/fr\/padel\/","title":{"rendered":"Padel"},"content":{"rendered":"<div class=\"wpb-content-wrapper\"><div class=\"vc_row wpb_row vc_row-fluid\"><div class=\"wpb_column vc_column_container vc_col-sm-12\"><div class=\"vc_column-inner\"><div class=\"wpb_wrapper\"><div class=\"vc_empty_space\"   style=\"height: 30px\"><span class=\"vc_empty_space_inner\"><\/span><\/div><\/div><\/div><\/div><\/div><div class=\"vc_row wpb_row vc_row-fluid\"><div class=\"wpb_column vc_column_container vc_col-sm-12\"><div class=\"vc_column-inner\"><div class=\"wpb_wrapper\"><div class=\"vc_separator wpb_content_element vc_separator_align_center vc_sep_width_100 vc_sep_shadow vc_sep_pos_align_center wpb_content_element line-seperator-text vc_separator-has-text\" ><span class=\"vc_sep_holder vc_sep_holder_l\"><span style=\"color:#1A428A;\" class=\"vc_sep_line\"><\/span><\/span><h4>CNDL Padel<\/h4><span class=\"vc_sep_holder vc_sep_holder_r\"><span style=\"color:#1A428A;\" class=\"vc_sep_line\"><\/span><\/span>\n<\/div><\/div><\/div><\/div><\/div><div class=\"vc_row wpb_row vc_row-fluid\"><div class=\"wpb_column vc_column_container vc_col-sm-12\"><div class=\"vc_column-inner\"><div class=\"wpb_wrapper\">\n\t<div class=\"wpb_text_column wpb_content_element\" >\n\t\t<div class=\"wpb_wrapper\">\n\t\t\t<p><span style=\"font-size: 18px; color: #7d706d;\">Le Coll\u00e8ge Notre Dame de Louaize (CNDL), en partenariat avec Be Well Sports Village, propose: <strong>trois courts de Padel Tennis modernes<\/strong>\u00a0situ\u00e9s sur le campus du CNDL \u00e0 Zouk Mosbeh. Int\u00e9gr\u00e9s au complexe Be Well Sports Village, ces courts ultramodernes offrent une installation sportive de premier ordre accessible \u00e0 la communaut\u00e9 du CNDL et aux passionn\u00e9s de Padel.<\/span><\/p>\n\n\t\t<\/div>\n\t<\/div>\n<\/div><\/div><\/div><\/div><div class=\"vc_row wpb_row vc_row-fluid\"><div class=\"wpb_column vc_column_container vc_col-sm-12\"><div class=\"vc_column-inner\"><div class=\"wpb_wrapper\"><div class=\"vc_empty_space\"   style=\"height: 20px\"><span class=\"vc_empty_space_inner\"><\/span><\/div><div class=\"vc_separator wpb_content_element vc_separator_align_center vc_sep_width_100 vc_sep_pos_align_center vc_separator_no_text vc_sep_color_black wpb_content_element  wpb_content_element\" ><span class=\"vc_sep_holder vc_sep_holder_l\"><span class=\"vc_sep_line\"><\/span><\/span><span class=\"vc_sep_holder vc_sep_holder_r\"><span class=\"vc_sep_line\"><\/span><\/span>\n<\/div><\/div><\/div><\/div><\/div><div class=\"vc_row wpb_row vc_row-fluid\"><div class=\"wpb_column vc_column_container vc_col-sm-12\"><div class=\"vc_column-inner\"><div class=\"wpb_wrapper\"><h3 class=\"stm-title stm-font_color_dark-blue stm-title_sep_bottom\" style=\"text-align:left\">\n\nPoints Forts des Installations:\n<\/h3>\n\t<div class=\"stm-separator stm-clearfix stm-separator_type_title stm-separator_has_subtitle\" >\n\t\t<div class=\"stm-separator__line stm-border-b_color_dark-blue\" ><\/div>\n\t<\/div>\n\t<div class=\"stm-subtitle stm-font_color_dark-blue\" style=\"text-align:left\">\n\t\t<span style=\"font-size: 18px; color: #7d706d;\">Nos installations de Padel offrent une excellente opportunit\u00e9 aux joueurs de tous \u00e2ges et de tous niveaux de s'engager dans ce sport dynamique. Que l'objectif soit d'apprendre les bases, de participer \u00e0 un entra\u00eenement structur\u00e9, de disputer des matchs comp\u00e9titifs ou simplement de s'adonner \u00e0 un jeu r\u00e9cr\u00e9atif, les courts offrent un environnement de haute qualit\u00e9. Un encadrement professionnel est disponible pour soutenir le d\u00e9veloppement des comp\u00e9tences et am\u00e9liorer l'exp\u00e9rience de jeu.<\/span>\t<\/div>\n<div class=\"vc_separator wpb_content_element vc_separator_align_center vc_sep_width_100 vc_sep_pos_align_center vc_separator_no_text vc_sep_color_black wpb_content_element  wpb_content_element\" ><span class=\"vc_sep_holder vc_sep_holder_l\"><span class=\"vc_sep_line\"><\/span><\/span><span class=\"vc_sep_holder vc_sep_holder_r\"><span class=\"vc_sep_line\"><\/span><\/span>\n<\/div><\/div><\/div><\/div><\/div><div class=\"vc_row wpb_row vc_row-fluid\"><div class=\"wpb_column vc_column_container vc_col-sm-12\"><div class=\"vc_column-inner\"><div class=\"wpb_wrapper\"><h3 class=\"stm-title stm-font_color_dark-blue stm-title_sep_bottom\" style=\"text-align:left\">\n\nProgrammes et Services Disponibles:\n<\/h3>\n\t<div class=\"stm-separator stm-clearfix stm-separator_type_title stm-separator_has_subtitle\" >\n\t\t<div class=\"stm-separator__line stm-border-b_color_dark-blue\" ><\/div>\n\t<\/div>\n\t<div class=\"stm-subtitle stm-font_color_dark-blue\" style=\"text-align:left\">\n\t\t<span style=\"font-size: 18px; color: #7d706d;\">Be Well Sports Village g\u00e8re des programmes et services complets de Padel utilisant ces courts, notamment:<\/span>\t<\/div>\n<div class=\"vc_empty_space\"   style=\"height: 50px\"><span class=\"vc_empty_space_inner\"><\/span><\/div><div class=\"vc_row wpb_row vc_inner vc_row-fluid\"><div class=\"wpb_column vc_column_container vc_col-sm-6\"><div class=\"vc_column-inner\"><div class=\"wpb_wrapper\"><h3 class=\"stm-title stm-font_color_dark-blue stm-title_sep_bottom\" style=\"text-align:left\">\n\nLocation de Courts:\n<\/h3>\n\t<div class=\"stm-subtitle stm-font_color_dark-blue\" style=\"text-align:left\">\n\t\t<span style=\"font-size: 18px; color: #7d706d;\">R\u00e9servez des courts pour des parties priv\u00e9es ou des s\u00e9ances d'entra\u00eenement. Les dur\u00e9es de r\u00e9servation standard sont:<br \/>\n\u2013 1 Heure<br \/>\n\u2013 1,5 Heure<\/span>\t<\/div>\n<div class=\"vc_empty_space\"   style=\"height: 15px\"><span class=\"vc_empty_space_inner\"><\/span><\/div><h3 class=\"stm-title stm-font_color_dark-blue stm-title_sep_bottom\" style=\"text-align:left\">\n\nCours Particuliers:\n<\/h3>\n\t<div class=\"stm-subtitle stm-font_color_dark-blue\" style=\"text-align:left\">\n\t\t<span style=\"font-size: 18px; color: #7d706d;\">Profitez d'un enseignement personnalis\u00e9 adapt\u00e9 aux besoins individuels ou de petits groupes. Divers forfaits de formation sont propos\u00e9s pour aider les joueurs \u00e0 atteindre leurs objectifs sp\u00e9cifiques.<\/span>\t<\/div>\n<\/div><\/div><\/div><div class=\"wpb_column vc_column_container vc_col-sm-6\"><div class=\"vc_column-inner\"><div class=\"wpb_wrapper\">\n\t<div  class=\"wpb_single_image wpb_content_element vc_align_left wpb_content_element  image-borderRadius\">\n\t\t\n\t\t<figure class=\"wpb_wrapper vc_figure\">\n\t\t\t<div class=\"vc_single_image-wrapper   vc_box_border_grey\"><img decoding=\"async\" class=\"vc_single_image-img\" src=\"https:\/\/www.cndl.edu.lb\/wp-content\/uploads\/2025\/07\/Padel-court-8-scaled-700x500.jpg\" width=\"700\" height=\"500\" alt=\"\" title=\"\" loading=\"lazy\" \/><\/div>\n\t\t<\/figure>\n\t<\/div>\n<\/div><\/div><\/div><\/div><div class=\"vc_empty_space\"   style=\"height: 20px\"><span class=\"vc_empty_space_inner\"><\/span><\/div><div class=\"vc_empty_space\"   style=\"height: 20px\"><span class=\"vc_empty_space_inner\"><\/span><\/div><h3 class=\"stm-title stm-font_color_dark-blue stm-title_sep_bottom\" style=\"text-align:left\">\n\nAcad\u00e9mie de Padel:\n<\/h3>\n\t<div class=\"stm-subtitle stm-font_color_dark-blue\" style=\"text-align:left\">\n\t\t<span style=\"font-size: 18px; color: #7d706d;\">Des programmes d\u2019entra\u00eenement structur\u00e9s sont propos\u00e9s, class\u00e9s par tranche d\u2019\u00e2ge. Sous la direction de coachs exp\u00e9riment\u00e9s, l\u2019Acad\u00e9mie met l\u2019accent sur le d\u00e9veloppement des comp\u00e9tences techniques, de la conscience tactique et du fair-play.<\/span>\t<\/div>\n<div class=\"vc_separator wpb_content_element vc_separator_align_center vc_sep_width_100 vc_sep_pos_align_center vc_separator_no_text vc_sep_color_black wpb_content_element  wpb_content_element\" ><span class=\"vc_sep_holder vc_sep_holder_l\"><span class=\"vc_sep_line\"><\/span><\/span><span class=\"vc_sep_holder vc_sep_holder_r\"><span class=\"vc_sep_line\"><\/span><\/span>\n<\/div><div class=\"vc_empty_space\"   style=\"height: 20px\"><span class=\"vc_empty_space_inner\"><\/span><\/div><h3 class=\"stm-title stm-font_color_dark-blue stm-title_sep_bottom\" style=\"text-align:left\">\n\nJeu Social et R\u00e9cr\u00e9atif:\n<\/h3>\n\t<div class=\"stm-subtitle stm-font_color_dark-blue\" style=\"text-align:left\">\n\t\t<span style=\"font-size: 18px; color: #7d706d;\">Les installations servent de point de rencontre pour la communaut\u00e9 du Padel, offrant un espace pour se connecter avec d'autres joueurs, profiter de comp\u00e9titions amicales et maintenir un style de vie actif.<\/span>\t<\/div>\n<div class=\"vc_empty_space\"   style=\"height: 20px\"><span class=\"vc_empty_space_inner\"><\/span><\/div><div class=\"vc_separator wpb_content_element vc_separator_align_center vc_sep_width_100 vc_sep_pos_align_center vc_separator_no_text vc_sep_color_black wpb_content_element  wpb_content_element\" ><span class=\"vc_sep_holder vc_sep_holder_l\"><span class=\"vc_sep_line\"><\/span><\/span><span class=\"vc_sep_holder vc_sep_holder_r\"><span class=\"vc_sep_line\"><\/span><\/span>\n<\/div><h3 class=\"stm-title stm-font_color_dark-blue stm-title_sep_bottom\" style=\"text-align:left\">\n\nUtilisation et Acc\u00e8s:\n<\/h3>\n\t<div class=\"stm-separator stm-clearfix stm-separator_type_title stm-separator_has_subtitle\" >\n\t\t<div class=\"stm-separator__line stm-border-b_color_dark-blue\" ><\/div>\n\t<\/div>\n\t<div class=\"stm-subtitle stm-font_color_dark-blue\" style=\"text-align:left\">\n\t\t<span style=\"font-size: 18px; color: #7d706d;\">Les \u00e9tudiants, les professeurs, le personnel et la communaut\u00e9 \u00e9largie sont invit\u00e9s \u00e0 utiliser les installations de Padel Tennis. Participez \u00e0 un sport amusant et \u00e9nergique, perfectionnez votre technique sous la direction d'experts et profitez de l'atmosph\u00e8re sociale dynamique.<\/span>\t<\/div>\n<div class=\"vc_separator wpb_content_element vc_separator_align_center vc_sep_width_100 vc_sep_pos_align_center vc_separator_no_text vc_sep_color_black wpb_content_element  wpb_content_element\" ><span class=\"vc_sep_holder vc_sep_holder_l\"><span class=\"vc_sep_line\"><\/span><\/span><span class=\"vc_sep_holder vc_sep_holder_r\"><span class=\"vc_sep_line\"><\/span><\/span>\n<\/div><h3 class=\"stm-title stm-font_color_dark-blue stm-title_sep_bottom\" style=\"text-align:left\">\n\nR\u00e9servations, Inscriptions et Renseignements:\n<\/h3>\n\t<div class=\"stm-separator stm-clearfix stm-separator_type_title stm-separator_has_subtitle\" >\n\t\t<div class=\"stm-separator__line stm-border-b_color_dark-blue\" ><\/div>\n\t<\/div>\n\t<div class=\"stm-subtitle stm-font_color_dark-blue\" style=\"text-align:left\">\n\t\t<span style=\"color: #7d706d;\">Pour les r\u00e9servations de courts, l'inscription \u00e0 l'Acad\u00e9mie de Padel, les d\u00e9tails sur les forfaits de cours particuliers ou toute autre information concernant les installations de Padel, veuillez contacter directement Be Well Sports Village:<\/span><br \/>\n<span style=\"color: #7d706d;\">T\u00e9l\u00e9phone: <strong>70\/266 646 <\/strong>\u2013<strong> 76\/166 486<\/strong><\/span>\t<\/div>\n<\/div><\/div><\/div><\/div><div class=\"vc_row wpb_row vc_row-fluid\"><div class=\"wpb_column vc_column_container vc_col-sm-12\"><div class=\"vc_column-inner\"><div class=\"wpb_wrapper\"><div class=\"vc_empty_space\"   style=\"height: 30px\"><span class=\"vc_empty_space_inner\"><\/span><\/div><\/div><\/div><\/div><\/div>\n<\/div>","protected":false},"excerpt":{"rendered":"CNDL Padel Coll\u00e8ge Notre Dame de Louaiz\u00e9, in partnership with Be Well Sports Village, features three modern Padel Tennis courts\u00a0located on the CNDL campus in Zouk Mosbeh. Integrated within the [...]","protected":false},"author":2,"featured_media":0,"parent":0,"menu_order":0,"comment_status":"closed","ping_status":"closed","template":"","meta":{"footnotes":""},"class_list":["post-4093","page","type-page","status-publish","hentry"],"_links":{"self":[{"href":"https:\/\/www.cndl.edu.lb\/fr\/wp-json\/wp\/v2\/pages\/4093","targetHints":{"allow":["GET"]}}],"collection":[{"href":"https:\/\/www.cndl.edu.lb\/fr\/wp-json\/wp\/v2\/pages"}],"about":[{"href":"https:\/\/www.cndl.edu.lb\/fr\/wp-json\/wp\/v2\/types\/page"}],"author":[{"embeddable":true,"href":"https:\/\/www.cndl.edu.lb\/fr\/wp-json\/wp\/v2\/users\/2"}],"replies":[{"embeddable":true,"href":"https:\/\/www.cndl.edu.lb\/fr\/wp-json\/wp\/v2\/comments?post=4093"}],"version-history":[{"count":18,"href":"https:\/\/www.cndl.edu.lb\/fr\/wp-json\/wp\/v2\/pages\/4093\/revisions"}],"predecessor-version":[{"id":6660,"href":"https:\/\/www.cndl.edu.lb\/fr\/wp-json\/wp\/v2\/pages\/4093\/revisions\/6660"}],"wp:attachment":[{"href":"https:\/\/www.cndl.edu.lb\/fr\/wp-json\/wp\/v2\/media?parent=4093"}],"curies":[{"name":"wp","href":"https:\/\/api.w.org\/{rel}","templated":true}]}}