{"id":3989,"date":"2025-03-12T15:38:11","date_gmt":"2025-03-12T15:38:11","guid":{"rendered":"https:\/\/cndl.edu.lb\/?page_id=3989"},"modified":"2025-09-29T18:49:13","modified_gmt":"2025-09-29T15:49:13","slug":"after-school","status":"publish","type":"page","link":"https:\/\/www.cndl.edu.lb\/fr\/after-school\/","title":{"rendered":"Apr\u00e8s \u00e9cole"},"content":{"rendered":"<div class=\"wpb-content-wrapper\"><div class=\"vc_row wpb_row vc_row-fluid vc_custom_1741794001643\"><div class=\"wpb_column vc_column_container vc_col-sm-12\"><div class=\"vc_column-inner\"><div class=\"wpb_wrapper\"><div class=\"vc_separator wpb_content_element vc_separator_align_center vc_sep_width_100 vc_sep_shadow vc_sep_border_width_2 vc_sep_pos_align_center vc_custom_1748839027227 wpb_content_element line-seperator-AfterSchool wpb_animate_when_almost_visible wpb_zoomIn zoomIn vc_separator-has-text\" ><span class=\"vc_sep_holder vc_sep_holder_l\"><span style=\"color:#1A428A;\" class=\"vc_sep_line\"><\/span><\/span><h4>Soutien acad\u00e9mique apr\u00e8s l\u2019\u00e9cole<\/h4><span class=\"vc_sep_holder vc_sep_holder_r\"><span style=\"color:#1A428A;\" class=\"vc_sep_line\"><\/span><\/span>\n<\/div>\n\t<div class=\"wpb_text_column wpb_content_element wpb_animate_when_almost_visible wpb_slideInLeft slideInLeft vc_custom_1758624687255\" >\n\t\t<div class=\"wpb_wrapper\">\n\t\t\t<p><span style=\"font-size: 16px; color: #7d706d; font-family: montserrat;\">Le Programme de Soutien Acad\u00e9mique Apr\u00e8s l'\u00c9cole au Coll\u00e8ge Notre Dame de Louaiz\u00e9 est con\u00e7u pour offrir aux apprenants une assistance d'apprentissage personnalis\u00e9e, un soutien pour les devoirs et un tutorat sp\u00e9cifique aux mati\u00e8res dans un environnement structur\u00e9 et encourageant. Notre objectif est d'am\u00e9liorer la r\u00e9ussite des apprenants, de renforcer leur confiance et de consolider les concepts acad\u00e9miques cl\u00e9s gr\u00e2ce \u00e0 des conseils d'experts et \u00e0 des strat\u00e9gies d'apprentissage cibl\u00e9es.<\/span><br \/>\n<span style=\"font-size: 16px; color: #7d706d; font-family: montserrat;\">Notre programme parascolaire est dirig\u00e9 par des \u00e9ducateurs exp\u00e9riment\u00e9s et des sp\u00e9cialistes des mati\u00e8res qui veillent \u00e0 ce que chaque apprenant re\u00e7oive une attention individualis\u00e9e dans un cadre stimulant et bienveillant. Le programme est con\u00e7u pour r\u00e9pondre aux divers besoins d'apprentissage des \u00e9l\u00e8ves, les aidant \u00e0 surmonter les difficult\u00e9s et \u00e0 atteindre leur plein potentiel acad\u00e9mique.<\/span><\/p>\n\n\t\t<\/div>\n\t<\/div>\n<\/div><\/div><\/div><div class=\"wpb_column vc_column_container vc_col-sm-12\"><div class=\"vc_column-inner\"><div class=\"wpb_wrapper\"><div class=\"vc_row wpb_row vc_inner vc_row-fluid\"><div class=\"wpb_column vc_column_container vc_col-sm-6\"><div class=\"vc_column-inner\"><div class=\"wpb_wrapper\">\n\t<div  class=\"wpb_single_image wpb_content_element vc_align_left wpb_content_element wpb_animate_when_almost_visible wpb_fadeInLeftBig fadeInLeftBig  image-borderRadius\">\n\t\t\n\t\t<figure class=\"wpb_wrapper vc_figure\">\n\t\t\t<div class=\"vc_single_image-wrapper   vc_box_border_grey\"><img decoding=\"async\" class=\"vc_single_image-img\" src=\"https:\/\/www.cndl.edu.lb\/wp-content\/uploads\/2025\/09\/IMG-20250929-WA0006.jpg\" width=\"1810\" height=\"2560\" alt=\"\" title=\"\" loading=\"lazy\" \/><\/div>\n\t\t<\/figure>\n\t<\/div>\n<\/div><\/div><\/div><div class=\"wpb_column vc_column_container vc_col-sm-6\"><div class=\"vc_column-inner\"><div class=\"wpb_wrapper\">\n\t<div  class=\"wpb_single_image wpb_content_element vc_align_left wpb_content_element wpb_animate_when_almost_visible wpb_fadeInRightBig fadeInRightBig  image-borderRadius\">\n\t\t\n\t\t<figure class=\"wpb_wrapper vc_figure\">\n\t\t\t<div class=\"vc_single_image-wrapper   vc_box_border_grey\"><img decoding=\"async\" class=\"vc_single_image-img\" src=\"https:\/\/www.cndl.edu.lb\/wp-content\/uploads\/2025\/09\/IMG-20250929-WA0004.jpg\" width=\"1810\" height=\"2560\" alt=\"\" title=\"\" loading=\"lazy\" \/><\/div>\n\t\t<\/figure>\n\t<\/div>\n<\/div><\/div><\/div><\/div><\/div><\/div><\/div><\/div>\n<\/div>","protected":false},"excerpt":{"rendered":"After School Academic Support Program The Afterschool Academic Support Program at Coll\u00e8ge Notre Dame de Louaiz\u00e9 is designed to provide learners with personalized learning assistance, homework support, and subject-specific tutoring [...]","protected":false},"author":1,"featured_media":0,"parent":0,"menu_order":0,"comment_status":"closed","ping_status":"closed","template":"","meta":{"footnotes":""},"class_list":["post-3989","page","type-page","status-publish","hentry"],"_links":{"self":[{"href":"https:\/\/www.cndl.edu.lb\/fr\/wp-json\/wp\/v2\/pages\/3989","targetHints":{"allow":["GET"]}}],"collection":[{"href":"https:\/\/www.cndl.edu.lb\/fr\/wp-json\/wp\/v2\/pages"}],"about":[{"href":"https:\/\/www.cndl.edu.lb\/fr\/wp-json\/wp\/v2\/types\/page"}],"author":[{"embeddable":true,"href":"https:\/\/www.cndl.edu.lb\/fr\/wp-json\/wp\/v2\/users\/1"}],"replies":[{"embeddable":true,"href":"https:\/\/www.cndl.edu.lb\/fr\/wp-json\/wp\/v2\/comments?post=3989"}],"version-history":[{"count":17,"href":"https:\/\/www.cndl.edu.lb\/fr\/wp-json\/wp\/v2\/pages\/3989\/revisions"}],"predecessor-version":[{"id":4943,"href":"https:\/\/www.cndl.edu.lb\/fr\/wp-json\/wp\/v2\/pages\/3989\/revisions\/4943"}],"wp:attachment":[{"href":"https:\/\/www.cndl.edu.lb\/fr\/wp-json\/wp\/v2\/media?parent=3989"}],"curies":[{"name":"wp","href":"https:\/\/api.w.org\/{rel}","templated":true}]}}