{"id":3974,"date":"2025-03-12T15:29:29","date_gmt":"2025-03-12T15:29:29","guid":{"rendered":"https:\/\/cndl.edu.lb\/?page_id=3974"},"modified":"2025-09-23T13:53:17","modified_gmt":"2025-09-23T10:53:17","slug":"fitness-center","status":"publish","type":"page","link":"https:\/\/www.cndl.edu.lb\/fr\/fitness-center\/","title":{"rendered":"Centre de fitness"},"content":{"rendered":"<div class=\"wpb-content-wrapper\"><div class=\"vc_row wpb_row vc_row-fluid vc_custom_1741793434574\"><div class=\"wpb_column vc_column_container vc_col-sm-12\"><div class=\"vc_column-inner\"><div class=\"wpb_wrapper\"><div class=\"vc_separator wpb_content_element vc_separator_align_center vc_sep_width_100 vc_sep_shadow vc_sep_border_width_2 vc_sep_pos_align_center vc_custom_1748507652223 wpb_content_element line-seperator-Fitness wpb_animate_when_almost_visible wpb_fadeInLeftBig fadeInLeftBig vc_separator-has-text\" ><span class=\"vc_sep_holder vc_sep_holder_l\"><span style=\"color:#1A428A;\" class=\"vc_sep_line\"><\/span><\/span><h4>Club de Fitness de Louaiz\u00e9<\/h4><span class=\"vc_sep_holder vc_sep_holder_r\"><span style=\"color:#1A428A;\" class=\"vc_sep_line\"><\/span><\/span>\n<\/div>\n\t<div class=\"wpb_text_column wpb_content_element wpb_animate_when_almost_visible wpb_appear appear vc_custom_1758624786144\" >\n\t\t<div class=\"wpb_wrapper\">\n\t\t\t<p class=\"p1\"><span style=\"color: #7d706d; font-family: montserrat;\">Le Centre de Fitness Louaize par Be Well au Coll\u00e8ge Notre Dame de Louaiz\u00e9 est une installation sportive et de bien-\u00eatre de premier plan d\u00e9di\u00e9e \u00e0 la promotion d'un style de vie actif au sein de notre \u00e9cole et de notre communaut\u00e9. Con\u00e7u pour accueillir les athl\u00e8tes, les passionn\u00e9s de fitness et les d\u00e9butants, notre gymnase offre un environnement s\u00fbr, professionnel et enti\u00e8rement \u00e9quip\u00e9 pour les personnes engag\u00e9es dans la remise en forme, les activit\u00e9s r\u00e9cr\u00e9atives et les sports de haute performance.\n\nAu Coll\u00e8ge Notre Dame de Louaiz\u00e9, nous croyons au pouvoir du sport pour fa\u00e7onner les esprits, favoriser le travail d'\u00e9quipe et promouvoir le bien-\u00eatre. Le Centre de Fitness Louaize par Be Well organise r\u00e9guli\u00e8rement des d\u00e9fis de fitness, des comp\u00e9titions sportives et des programmes d'entra\u00eenement exclusifs pour maintenir l'engagement et la motivation des membres.\n\nQue vous cherchiez \u00e0 am\u00e9liorer votre condition physique, \u00e0 participer \u00e0 des activit\u00e9s de groupe ou \u00e0 vous entra\u00eener \u00e0 un niveau comp\u00e9titif, le Centre de Fitness Louaize par Be Well est votre porte d'entr\u00e9e vers un style de vie actif et plus sain.<\/span><\/p>\n\n\t\t<\/div>\n\t<\/div>\n<div class=\"vc_empty_space\"   style=\"height: 25px\"><span class=\"vc_empty_space_inner\"><\/span><\/div><\/div><\/div><\/div><\/div><div class=\"vc_row wpb_row vc_row-fluid vc_custom_1741793470077\"><div class=\"wpb_column vc_column_container vc_col-sm-12\"><div class=\"vc_column-inner\"><div class=\"wpb_wrapper\">\n\t<div class=\"wpb_raw_code wpb_raw_html wpb_content_element\" >\n\t\t<div class=\"wpb_wrapper\">\n\t\t\t<style>\n.full-width-scroll {\n  position: relative;\n  left: 50%;\n  right: 50%;\n  margin-left: -50vw;\n  margin-right: -50vw;\n  width: 100vw;\n  overflow-x: auto;\n  white-space: nowrap;\n  cursor: grab;\n  user-select: none;\n  padding: 0;\n  box-sizing: border-box;\n  scrollbar-width: none;\n  -ms-overflow-style: none;\n}\n\n.full-width-scroll::-webkit-scrollbar {\n  display: none;\n}\n\n\/* Image container *\/\n.image-container {\n  position: relative;\n  display: inline-block;\n  height: 235px; \/* Slightly larger *\/\n  width: auto;\n  margin-right: 0; \/* No gap *\/\n}\n\n.image-container img {\n  height: 235px;\n  object-fit: cover;\n  display: block;\n  transition: transform 0.3s ease;\n  vertical-align: top;\n  border-radius: 4px;\n}\n\n.image-container:hover img {\n  transform: scale(1.04);\n}\n\n\/* Overlay *\/\n.image-overlay {\n  position: absolute;\n  top: 0;\n  left: 0;\n  height: 100%;\n  width: 100%;\n  background-color: rgba(0,0,0,0.6);\n  color: white;\n  opacity: 0;\n  transition: opacity 0.3s ease, transform 0.3s ease;\n  padding: 20px;\n  box-sizing: border-box;\n  display: flex;\n  flex-direction: column;\n  justify-content: start;\n  border-radius: 4px;\n}\n\n.image-container:hover .image-overlay {\n  opacity: 1;\ntransform: scale(1.04);\n}\n\n\/* Overlay text *\/\n.image-overlay .title {\n  font-weight: bold;\n  font-size: 1.2em;\n  margin-bottom: 4px;\n}\n\n.image-overlay .date {\n  font-size: 0.9em;\n  margin-bottom: 6px;\n  opacity: 0.8;\n}\n\n.image-overlay .description {\n  font-size: 0.85em;\n  line-height: 1.2em;\n  opacity: 0.9;\n}\n<\/style>\n\n\n\n\n<div class=\"full-width-scroll\" id=\"drag-scroll\">\n  <div class=\"image-container\">\n    <img decoding=\"async\" src=\"https:\/\/cndl.edu.lb\/wp-content\/uploads\/2025\/03\/cover-photo-scaled.jpg\" alt=\"Image 1\">\n    <!--\n    <div class=\"image-overlay\">\n      <div class=\"title\">Graduation Day<\/div>\n      <div class=\"date\">July 15, 2025<\/div>\n      <div class=\"description\">Celebrating our hard work and success.<\/div>\n    <\/div>\n    -->\n  <\/div>\n\n  <div class=\"image-container\">\n    <img decoding=\"async\" src=\"https:\/\/cndl.edu.lb\/wp-content\/uploads\/2025\/03\/JOE_3024-scaled.jpg\" alt=\"Image 2\">\n     <!--\n    <div class=\"image-overlay\">\n      <div class=\"title\">Graduation Day<\/div>\n      <div class=\"date\">July 15, 2025<\/div>\n      <div class=\"description\">Celebrating our hard work and success.<\/div>\n    <\/div>\n     -->\n  <\/div>\n\n  <div class=\"image-container\">\n    <img decoding=\"async\" src=\"https:\/\/cndl.edu.lb\/wp-content\/uploads\/2025\/03\/JOE_3085-scaled.jpg\" alt=\"Image 3\">\n    <!--\n    <div class=\"image-overlay\">\n      <div class=\"title\">Graduation Day<\/div>\n      <div class=\"date\">July 15, 2025<\/div>\n      <div class=\"description\">Celebrating our hard work and success.<\/div>\n    <\/div>\n    -->\n  <\/div>\n\n  <div class=\"image-container\">\n    <img decoding=\"async\" src=\"https:\/\/cndl.edu.lb\/wp-content\/uploads\/2025\/03\/3-scaled.jpg\" alt=\"Image 4\">\n    <!--\n    <div class=\"image-overlay\">\n      <div class=\"title\">Graduation Day<\/div>\n      <div class=\"date\">July 15, 2025<\/div>\n      <div class=\"description\">Celebrating our hard work and success.<\/div>\n    <\/div>\n    -->\n  <\/div>\n\n\n  <div class=\"image-container\">\n    <img decoding=\"async\" src=\"https:\/\/cndl.edu.lb\/wp-content\/uploads\/2025\/03\/1-scaled.jpg\" alt=\"Image 6\">\n    <!--\n    <div class=\"image-overlay\">\n      <div class=\"title\">Graduation Day<\/div>\n      <div class=\"date\">July 15, 2025<\/div>\n      <div class=\"description\">Celebrating our hard work and success.<\/div>\n    <\/div>\n    -->\n  <\/div>\n\n\n<\/div>\n\n\n\t\t<\/div>\n\t<\/div>\n<\/div><\/div><\/div><\/div><div class=\"vc_row wpb_row vc_row-fluid\"><div class=\"wpb_column vc_column_container vc_col-sm-12\"><div class=\"vc_column-inner\"><div class=\"wpb_wrapper\"><\/div><\/div><\/div><\/div>\n<\/div>","protected":false},"excerpt":{"rendered":"Louaiz\u00e9 Fitness Club The Louaize Fitness Center by Be Well at Coll\u00e8ge Notre Dame de Louaiz\u00e9 is a premier sports and wellness facility dedicated to fostering an active lifestyle within [...]","protected":false},"author":1,"featured_media":0,"parent":0,"menu_order":0,"comment_status":"closed","ping_status":"closed","template":"","meta":{"footnotes":""},"class_list":["post-3974","page","type-page","status-publish","hentry"],"_links":{"self":[{"href":"https:\/\/www.cndl.edu.lb\/fr\/wp-json\/wp\/v2\/pages\/3974","targetHints":{"allow":["GET"]}}],"collection":[{"href":"https:\/\/www.cndl.edu.lb\/fr\/wp-json\/wp\/v2\/pages"}],"about":[{"href":"https:\/\/www.cndl.edu.lb\/fr\/wp-json\/wp\/v2\/types\/page"}],"author":[{"embeddable":true,"href":"https:\/\/www.cndl.edu.lb\/fr\/wp-json\/wp\/v2\/users\/1"}],"replies":[{"embeddable":true,"href":"https:\/\/www.cndl.edu.lb\/fr\/wp-json\/wp\/v2\/comments?post=3974"}],"version-history":[{"count":12,"href":"https:\/\/www.cndl.edu.lb\/fr\/wp-json\/wp\/v2\/pages\/3974\/revisions"}],"predecessor-version":[{"id":6655,"href":"https:\/\/www.cndl.edu.lb\/fr\/wp-json\/wp\/v2\/pages\/3974\/revisions\/6655"}],"wp:attachment":[{"href":"https:\/\/www.cndl.edu.lb\/fr\/wp-json\/wp\/v2\/media?parent=3974"}],"curies":[{"name":"wp","href":"https:\/\/api.w.org\/{rel}","templated":true}]}}