{"id":3887,"date":"2025-03-12T10:31:02","date_gmt":"2025-03-12T10:31:02","guid":{"rendered":"https:\/\/cndl.edu.lb\/?page_id=3887"},"modified":"2025-09-23T13:58:14","modified_gmt":"2025-09-23T10:58:14","slug":"louaize-club","status":"publish","type":"page","link":"https:\/\/www.cndl.edu.lb\/fr\/louaize-club\/","title":{"rendered":"Club Louaiz\u00e9"},"content":{"rendered":"<div class=\"wpb-content-wrapper\"><div class=\"vc_row wpb_row vc_row-fluid\"><div class=\"wpb_column vc_column_container vc_col-sm-12\"><div class=\"vc_column-inner\"><div class=\"wpb_wrapper\"><div class=\"vc_empty_space\"   style=\"height: 50px\"><span class=\"vc_empty_space_inner\"><\/span><\/div><\/div><\/div><\/div><\/div><div class=\"vc_row wpb_row vc_row-fluid wpb_animate_when_almost_visible wpb_fadeInLeftBig fadeInLeftBig\"><div class=\"wpb_column vc_column_container vc_col-sm-6\"><div class=\"vc_column-inner\"><div class=\"wpb_wrapper\">\n\t<div  class=\"wpb_single_image wpb_content_element vc_align_left wpb_content_element  image-borderRadius\">\n\t\t\n\t\t<figure class=\"wpb_wrapper vc_figure\">\n\t\t\t<div class=\"vc_single_image-wrapper   vc_box_border_grey\"><img decoding=\"async\" class=\"vc_single_image-img\" src=\"https:\/\/www.cndl.edu.lb\/wp-content\/uploads\/2025\/03\/WhatsApp-Image-2025-03-12-at-18.11.08-1-600x400.jpeg\" width=\"600\" height=\"400\" alt=\"\" title=\"\" loading=\"lazy\" \/><\/div>\n\t\t<\/figure>\n\t<\/div>\n<\/div><\/div><\/div><div class=\"wpb_column vc_column_container vc_col-sm-6\"><div class=\"vc_column-inner\"><div class=\"wpb_wrapper\"><div class=\"vc_empty_space\"   style=\"height: 50px\"><span class=\"vc_empty_space_inner\"><\/span><\/div>\n\t<div class=\"wpb_text_column wpb_content_element\" >\n\t\t<div class=\"wpb_wrapper\">\n\t\t\t<p class=\"p1\"><strong><span style=\"font-size: 30px; color: #1a428a;\">Le sport au c\u0153ur de l\u2019\u00e9ducation<\/span><\/strong><\/p>\n<p class=\"p1\"><span style=\"color: #7d706d;\">Au Coll\u00e8ge Notre-Dame de Louaiz\u00e9 (CNDL), le sport est bien plus qu'une simple activit\u00e9 physique. Il fait partie int\u00e9grante de l'\u00e9ducation des \u00e9l\u00e8ves et contribue \u00e0 leur d\u00e9veloppement personnel et social. Consciente des bienfaits du sport sur la sant\u00e9, le bien-\u00eatre et la r\u00e9ussite scolaire, l'\u00e9cole met tout en \u0153uvre pour offrir \u00e0 ses \u00e9l\u00e8ves un encadrement de qualit\u00e9 et des opportunit\u00e9s d'\u00e9panouissement dans ce domaine.<\/span><\/p>\n\n\t\t<\/div>\n\t<\/div>\n<\/div><\/div><\/div><\/div><div class=\"vc_row wpb_row vc_row-fluid\"><div class=\"wpb_column vc_column_container vc_col-sm-12\"><div class=\"vc_column-inner\"><div class=\"wpb_wrapper\"><div class=\"vc_empty_space\"   style=\"height: 15px\"><span class=\"vc_empty_space_inner\"><\/span><\/div><div class=\"vc_separator wpb_content_element vc_separator_align_center vc_sep_width_100 vc_sep_pos_align_center vc_separator_no_text vc_sep_color_black vc_custom_1748845712734 wpb_content_element  vc_custom_1748845712734 wpb_content_element\" ><span class=\"vc_sep_holder vc_sep_holder_l\"><span class=\"vc_sep_line\"><\/span><\/span><span class=\"vc_sep_holder vc_sep_holder_r\"><span class=\"vc_sep_line\"><\/span><\/span>\n<\/div><\/div><\/div><\/div><\/div><div class=\"vc_row wpb_row vc_row-fluid wpb_animate_when_almost_visible wpb_fadeInRightBig fadeInRightBig\"><div class=\"wpb_column vc_column_container vc_col-sm-6\"><div class=\"vc_column-inner\"><div class=\"wpb_wrapper\"><div class=\"vc_empty_space\"   style=\"height: 40px\"><span class=\"vc_empty_space_inner\"><\/span><\/div>\n\t<div class=\"wpb_text_column wpb_content_element\" >\n\t\t<div class=\"wpb_wrapper\">\n\t\t\t<p class=\"p1\"><strong><span style=\"font-size: 30px; color: #1a428a;\">Un large \u00e9ventail de disciplines<\/span><\/strong><\/p>\n<p class=\"p1\"><span style=\"color: #7d706d;\">Le CNDL propose un large \u00e9ventail de disciplines sportives pour r\u00e9pondre aux go\u00fbts et aux besoins de tous les \u00e9l\u00e8ves. Athl\u00e9tisme, basketball, volleyball, tennis, futsal, kung fu, tennis de table, arts martiaux mixtes (MMA), taekwondo, judo, badminton, natation et a\u00efkido font partie des nombreuses activit\u00e9s sportives propos\u00e9es par l'\u00e9cole.<\/span><\/p>\n<p class=\"p1\"><strong><span style=\"font-size: 30px; color: #1a428a;\">Des r\u00e9sultats remarquables<\/span><\/strong><\/p>\n<p class=\"p1\"><span style=\"color: #7d706d;\">Le CNDL est fier des r\u00e9sultats sportifs remarquables obtenus par ses \u00e9l\u00e8ves au fil des ann\u00e9es. Les \u00e9quipes de l'\u00e9cole ont remport\u00e9 de nombreux titres et distinctions dans diverses comp\u00e9titions interscolaires, universitaires et nationales.<\/span><\/p>\n\n\t\t<\/div>\n\t<\/div>\n<\/div><\/div><\/div><div class=\"wpb_column vc_column_container vc_col-sm-6\"><div class=\"vc_column-inner\"><div class=\"wpb_wrapper\"><div class=\"vc_empty_space\"   style=\"height: 20px\"><span class=\"vc_empty_space_inner\"><\/span><\/div>\n\t<div  class=\"wpb_single_image wpb_content_element vc_align_left wpb_content_element  image-borderRadius\">\n\t\t\n\t\t<figure class=\"wpb_wrapper vc_figure\">\n\t\t\t<div class=\"vc_single_image-wrapper   vc_box_border_grey\"><img decoding=\"async\" class=\"vc_single_image-img\" src=\"https:\/\/www.cndl.edu.lb\/wp-content\/uploads\/2025\/03\/WhatsApp-Image-2025-03-12-at-18.11.08-2-600x460.jpeg\" width=\"600\" height=\"460\" alt=\"\" title=\"\" loading=\"lazy\" \/><\/div>\n\t\t<\/figure>\n\t<\/div>\n<\/div><\/div><\/div><\/div><div class=\"vc_row wpb_row vc_row-fluid\"><div class=\"wpb_column vc_column_container vc_col-sm-12\"><div class=\"vc_column-inner\"><div class=\"wpb_wrapper\"><div class=\"vc_empty_space\"   style=\"height: 15px\"><span class=\"vc_empty_space_inner\"><\/span><\/div><div class=\"vc_separator wpb_content_element vc_separator_align_center vc_sep_width_100 vc_sep_pos_align_center vc_separator_no_text vc_sep_color_black vc_custom_1748845815758 wpb_content_element  vc_custom_1748845815758 wpb_content_element\" ><span class=\"vc_sep_holder vc_sep_holder_l\"><span class=\"vc_sep_line\"><\/span><\/span><span class=\"vc_sep_holder vc_sep_holder_r\"><span class=\"vc_sep_line\"><\/span><\/span>\n<\/div><\/div><\/div><\/div><\/div><div class=\"vc_row wpb_row vc_row-fluid wpb_animate_when_almost_visible wpb_fadeInLeftBig fadeInLeftBig\"><div class=\"wpb_column vc_column_container vc_col-sm-6\"><div class=\"vc_column-inner\"><div class=\"wpb_wrapper\"><div class=\"vc_empty_space\"   style=\"height: 30px\"><span class=\"vc_empty_space_inner\"><\/span><\/div>\n\t<div  class=\"wpb_single_image wpb_content_element vc_align_left wpb_content_element  image-borderRadius\">\n\t\t\n\t\t<figure class=\"wpb_wrapper vc_figure\">\n\t\t\t<div class=\"vc_single_image-wrapper   vc_box_border_grey\"><img decoding=\"async\" class=\"vc_single_image-img\" src=\"https:\/\/www.cndl.edu.lb\/wp-content\/uploads\/2025\/06\/WhatsApp-Image-2025-06-02-at-9.04.48-AM-1-600x600.jpeg\" width=\"600\" height=\"600\" alt=\"\" title=\"\" loading=\"lazy\" \/><\/div>\n\t\t<\/figure>\n\t<\/div>\n<\/div><\/div><\/div><div class=\"wpb_column vc_column_container vc_col-sm-6\"><div class=\"vc_column-inner\"><div class=\"wpb_wrapper\"><div class=\"vc_empty_space\"   style=\"height: 135px\"><span class=\"vc_empty_space_inner\"><\/span><\/div>\n\t<div class=\"wpb_text_column wpb_content_element\" >\n\t\t<div class=\"wpb_wrapper\">\n\t\t\t<p class=\"p1\"><strong><span style=\"color: #1a428a; font-size: 30px;\">Une \u00e9quipe d'entra\u00eeneurs qualifi\u00e9s et d\u00e9vou\u00e9s<\/span><\/strong><\/p>\n<p class=\"p1\"><span style=\"color: #7d706d;\">Le CNDL dispose d'une \u00e9quipe d'entra\u00eeneurs exp\u00e9riment\u00e9s et passionn\u00e9s qui encadrent les \u00e9l\u00e8ves dans diverses disciplines sportives. Leur expertise et leur d\u00e9vouement permettent aux \u00e9l\u00e8ves de d\u00e9velopper leurs comp\u00e9tences techniques, leur esprit sportif et leur sens de la camaraderie.<\/span><\/p>\n<p class=\"p1\"><strong><span style=\"color: #1a428a; font-size: 30px;\">Un club sportif accr\u00e9dit\u00e9<\/span><\/strong><\/p>\n<p class=\"p1\"><span style=\"color: #7d706d;\">L'\u00e9cole dispose d'un club sportif accr\u00e9dit\u00e9 qui permet aux \u00e9l\u00e8ves les plus talentueux de poursuivre une carri\u00e8re sportive professionnelle. Le club offre un encadrement de haut niveau et des opportunit\u00e9s de comp\u00e9tition au niveau national et international.<\/span><\/p>\n\n\t\t<\/div>\n\t<\/div>\n<\/div><\/div><\/div><\/div><div class=\"vc_row wpb_row vc_row-fluid\"><div class=\"wpb_column vc_column_container vc_col-sm-12\"><div class=\"vc_column-inner\"><div class=\"wpb_wrapper\"><div class=\"vc_empty_space\"   style=\"height: 15px\"><span class=\"vc_empty_space_inner\"><\/span><\/div><div class=\"vc_separator wpb_content_element vc_separator_align_center vc_sep_width_100 vc_sep_pos_align_center vc_separator_no_text vc_sep_color_black vc_custom_1748846232462 wpb_content_element  vc_custom_1748846232462 wpb_content_element\" ><span class=\"vc_sep_holder vc_sep_holder_l\"><span class=\"vc_sep_line\"><\/span><\/span><span class=\"vc_sep_holder vc_sep_holder_r\"><span class=\"vc_sep_line\"><\/span><\/span>\n<\/div><\/div><\/div><\/div><\/div><div class=\"vc_row wpb_row vc_row-fluid wpb_animate_when_almost_visible wpb_fadeInRightBig fadeInRightBig\"><div class=\"wpb_column vc_column_container vc_col-sm-6\"><div class=\"vc_column-inner\"><div class=\"wpb_wrapper\"><div class=\"vc_empty_space\"   style=\"height: 50px\"><span class=\"vc_empty_space_inner\"><\/span><\/div>\n\t<div class=\"wpb_text_column wpb_content_element\" >\n\t\t<div class=\"wpb_wrapper\">\n\t\t\t<p class=\"p1\"><strong><span style=\"color: #1a428a; font-size: 30px;\">Un engagement fort pour le d\u00e9veloppement du sport<\/span><\/strong><\/p>\n<p class=\"p1\"><span style=\"color: #7d706d;\">Malgr\u00e9 des ressources parfois limit\u00e9es, le CNDL ne m\u00e9nage aucun effort pour d\u00e9velopper le sport au sein de l'\u00e9cole. L'engagement de l'\u00e9cole se traduit par la mise en place d'infrastructures de qualit\u00e9, l'organisation d'\u00e9v\u00e9nements sportifs et le soutien financier aux \u00e9l\u00e8ves athl\u00e8tes.<\/span><\/p>\n\n\t\t<\/div>\n\t<\/div>\n<\/div><\/div><\/div><div class=\"wpb_column vc_column_container vc_col-sm-6\"><div class=\"vc_column-inner\"><div class=\"wpb_wrapper\"><div class=\"vc_empty_space\"   style=\"height: 20px\"><span class=\"vc_empty_space_inner\"><\/span><\/div>\n\t<div  class=\"wpb_single_image wpb_content_element vc_align_left wpb_content_element  image-borderRadius\">\n\t\t\n\t\t<figure class=\"wpb_wrapper vc_figure\">\n\t\t\t<div class=\"vc_single_image-wrapper   vc_box_border_grey\"><img decoding=\"async\" class=\"vc_single_image-img\" src=\"https:\/\/www.cndl.edu.lb\/wp-content\/uploads\/2025\/03\/WhatsApp-Image-2025-03-12-at-18.11.08-600x400.jpeg\" width=\"600\" height=\"400\" alt=\"\" title=\"\" loading=\"lazy\" \/><\/div>\n\t\t<\/figure>\n\t<\/div>\n<\/div><\/div><\/div><\/div><div class=\"vc_row wpb_row vc_row-fluid\"><div class=\"wpb_column vc_column_container vc_col-sm-12\"><div class=\"vc_column-inner\"><div class=\"wpb_wrapper\"><div class=\"vc_empty_space\"   style=\"height: 35px\"><span class=\"vc_empty_space_inner\"><\/span><\/div><\/div><\/div><\/div><\/div>\n<\/div>","protected":false},"excerpt":{"rendered":"Sports At The Heart Of Education At Coll\u00e8ge Notre Dame De Louaiz\u00e9, sports are much more than just physical activity. They are an integral part of learners\u2019 education and contribute [...]","protected":false},"author":1,"featured_media":0,"parent":0,"menu_order":0,"comment_status":"closed","ping_status":"closed","template":"","meta":{"footnotes":""},"class_list":["post-3887","page","type-page","status-publish","hentry"],"_links":{"self":[{"href":"https:\/\/www.cndl.edu.lb\/fr\/wp-json\/wp\/v2\/pages\/3887","targetHints":{"allow":["GET"]}}],"collection":[{"href":"https:\/\/www.cndl.edu.lb\/fr\/wp-json\/wp\/v2\/pages"}],"about":[{"href":"https:\/\/www.cndl.edu.lb\/fr\/wp-json\/wp\/v2\/types\/page"}],"author":[{"embeddable":true,"href":"https:\/\/www.cndl.edu.lb\/fr\/wp-json\/wp\/v2\/users\/1"}],"replies":[{"embeddable":true,"href":"https:\/\/www.cndl.edu.lb\/fr\/wp-json\/wp\/v2\/comments?post=3887"}],"version-history":[{"count":21,"href":"https:\/\/www.cndl.edu.lb\/fr\/wp-json\/wp\/v2\/pages\/3887\/revisions"}],"predecessor-version":[{"id":6659,"href":"https:\/\/www.cndl.edu.lb\/fr\/wp-json\/wp\/v2\/pages\/3887\/revisions\/6659"}],"wp:attachment":[{"href":"https:\/\/www.cndl.edu.lb\/fr\/wp-json\/wp\/v2\/media?parent=3887"}],"curies":[{"name":"wp","href":"https:\/\/api.w.org\/{rel}","templated":true}]}}