{"id":3873,"date":"2025-03-12T10:18:11","date_gmt":"2025-03-12T10:18:11","guid":{"rendered":"https:\/\/cndl.edu.lb\/?page_id=3873"},"modified":"2026-01-09T11:39:09","modified_gmt":"2026-01-09T09:39:09","slug":"parents-committee","status":"publish","type":"page","link":"https:\/\/www.cndl.edu.lb\/fr\/parents-committee\/","title":{"rendered":"Comit\u00e9 des parents"},"content":{"rendered":"<div class=\"wpb-content-wrapper\"><div class=\"vc_row wpb_row vc_row-fluid vc_custom_1744812104465\"><div class=\"wpb_column vc_column_container vc_col-sm-12\"><div class=\"vc_column-inner\"><div class=\"wpb_wrapper\"><div class=\"vc_empty_space\"   style=\"height: 20px\"><span class=\"vc_empty_space_inner\"><\/span><\/div>\n\t<div class=\"wpb_text_column wpb_content_element\" >\n\t\t<div class=\"wpb_wrapper\">\n\t\t\t<p class=\"p1\"><span style=\"font-size: 17px; color: #7d706d;\">Le comit\u00e9 des parents du Coll\u00e8ge Notre Dame de Louaiz\u00e9 (CNDL) est une instance consultative compos\u00e9e de 9 \u00e0 17 membres, selon le nombre d\u2019\u00e9l\u00e8ves inscrits. Le comit\u00e9 comprend un pr\u00e9sident, un vice-pr\u00e9sident, deux membres de la commission financi\u00e8re, un secr\u00e9taire et un tr\u00e9sorier. Son r\u00f4le principal est d\u2019examiner et d\u2019approuver le budget annuel de l\u2019\u00e9cole, en veillant \u00e0 ce que les frais de scolarit\u00e9 respectent la loi 26\/515, article 3. Le pr\u00e9sident a le pouvoir de signer seul le budget. Les \u00e9lections ont lieu tous les trois ans lors du premier trimestre de l\u2019ann\u00e9e scolaire, et les membres peuvent exercer deux mandats cons\u00e9cutifs. Les candidats doivent \u00eatre \u00e9duqu\u00e9s, de bonne r\u00e9putation et avoir des enfants inscrits \u00e0 l\u2019\u00e9cole depuis au moins deux ans.<\/span><\/p>\n\n\t\t<\/div>\n\t<\/div>\n<\/div><\/div><\/div><\/div><div class=\"vc_row wpb_row vc_row-fluid\"><div class=\"wpb_column vc_column_container vc_col-sm-6\"><div class=\"vc_column-inner\"><div class=\"wpb_wrapper\"><div class=\"vc_empty_space\"   style=\"height: 35px\"><span class=\"vc_empty_space_inner\"><\/span><\/div>\n\t<div  class=\"wpb_single_image wpb_content_element vc_align_left wpb_content_element  image-borderRadius\">\n\t\t\n\t\t<figure class=\"wpb_wrapper vc_figure\">\n\t\t\t<div class=\"vc_single_image-wrapper   vc_box_border_grey\"><img decoding=\"async\" class=\"vc_single_image-img\" src=\"https:\/\/www.cndl.edu.lb\/wp-content\/uploads\/2025\/12\/Comite-des-parents.jpg\" width=\"1600\" height=\"1066\" alt=\"\" title=\"\" loading=\"lazy\" \/><\/div>\n\t\t<\/figure>\n\t<\/div>\n<\/div><\/div><\/div><div class=\"wpb_column vc_column_container vc_col-sm-6\"><div class=\"vc_column-inner\"><div class=\"wpb_wrapper\"><div class=\"vc_empty_space\"   style=\"height: 15px\"><span class=\"vc_empty_space_inner\"><\/span><\/div>\n\t<div class=\"wpb_text_column wpb_content_element\" >\n\t\t<div class=\"wpb_wrapper\">\n\t\t\t<p><span style=\"font-size: 20px; color: #1a428a;\"><strong>1<sup>st<\/sup> rank<\/strong>:<\/span><\/p>\n<p><span style=\"font-size: 17px; color: #808080;\">Maroun Tawk \u2013 Georges Hantouch \u2013 Fr. Hanna Tayar \u2013 Paula Sayegh Bestros \u2013 Rita Lahoud Abou Khalil \u2013 Joumana Khodor Chehayed \u2013 Rony Maamari<\/span><\/p>\n<p><span style=\"font-size: 20px; color: #1a428a;\"><strong>2<sup>nd<\/sup> rank:<\/strong><\/span><\/p>\n<p><span style=\"font-size: 17px; color: #808080;\">Ramona El Hajj Harb \u2013 Marie Joelle Hkayem Osta \u2013 Robert Maalouf \u2013 Rabih Boutros \u2013 Carla Haber Khoury<\/span><\/p>\n<p><span style=\"font-size: 20px; color: #1a428a;\"><strong>3<sup>rd<\/sup> rank<\/strong>:<\/span><\/p>\n<p><span style=\"font-size: 17px; color: #808080;\">Christelle Mouallem Salem \u2013 Mireille Samarani Chima \u2013 Alexandre Srour \u2013 Libana Abou Moussa Fahed<\/span><\/p>\n\n\t\t<\/div>\n\t<\/div>\n<\/div><\/div><\/div><div class=\"wpb_column vc_column_container vc_col-sm-12\"><div class=\"vc_column-inner\"><div class=\"wpb_wrapper\"><\/div><\/div><\/div><div class=\"wpb_column vc_column_container vc_col-sm-12\"><div class=\"vc_column-inner\"><div class=\"wpb_wrapper\"><\/div><\/div><\/div><\/div>\n<\/div>","protected":false},"excerpt":{"rendered":"The Parents\u2019 Committee at Coll\u00e8ge Notre Dame de Louaiz\u00e9 (CNDL) is an advisory body consisting of 9 to 17 members, depending on the number of students enrolled. The committee includes [...]","protected":false},"author":1,"featured_media":0,"parent":0,"menu_order":0,"comment_status":"closed","ping_status":"closed","template":"","meta":{"footnotes":""},"class_list":["post-3873","page","type-page","status-publish","hentry"],"_links":{"self":[{"href":"https:\/\/www.cndl.edu.lb\/fr\/wp-json\/wp\/v2\/pages\/3873","targetHints":{"allow":["GET"]}}],"collection":[{"href":"https:\/\/www.cndl.edu.lb\/fr\/wp-json\/wp\/v2\/pages"}],"about":[{"href":"https:\/\/www.cndl.edu.lb\/fr\/wp-json\/wp\/v2\/types\/page"}],"author":[{"embeddable":true,"href":"https:\/\/www.cndl.edu.lb\/fr\/wp-json\/wp\/v2\/users\/1"}],"replies":[{"embeddable":true,"href":"https:\/\/www.cndl.edu.lb\/fr\/wp-json\/wp\/v2\/comments?post=3873"}],"version-history":[{"count":15,"href":"https:\/\/www.cndl.edu.lb\/fr\/wp-json\/wp\/v2\/pages\/3873\/revisions"}],"predecessor-version":[{"id":7833,"href":"https:\/\/www.cndl.edu.lb\/fr\/wp-json\/wp\/v2\/pages\/3873\/revisions\/7833"}],"wp:attachment":[{"href":"https:\/\/www.cndl.edu.lb\/fr\/wp-json\/wp\/v2\/media?parent=3873"}],"curies":[{"name":"wp","href":"https:\/\/api.w.org\/{rel}","templated":true}]}}