{"id":3789,"date":"2025-03-05T10:37:11","date_gmt":"2025-03-05T10:37:11","guid":{"rendered":"https:\/\/cndl.edu.lb\/?page_id=3789"},"modified":"2025-09-23T14:15:39","modified_gmt":"2025-09-23T11:15:39","slug":"sep","status":"publish","type":"page","link":"https:\/\/www.cndl.edu.lb\/fr\/sep\/","title":{"rendered":"SEP"},"content":{"rendered":"<div class=\"wpb-content-wrapper\"><div class=\"vc_row wpb_row vc_row-fluid vc_custom_1741171116644\"><div class=\"wpb_column vc_column_container vc_col-sm-12\"><div class=\"vc_column-inner vc_custom_1748515294245\"><div class=\"wpb_wrapper\"><div class=\"vc_separator wpb_content_element vc_separator_align_center vc_sep_width_100 vc_sep_shadow vc_sep_border_width_2 vc_sep_pos_align_center vc_custom_1751021815769 wpb_content_element line-seperator-sep wpb_animate_when_almost_visible wpb_fadeInUp fadeInUp vc_separator-has-text\" ><span class=\"vc_sep_holder vc_sep_holder_l\"><span style=\"color:#1A428A;\" class=\"vc_sep_line\"><\/span><\/span><h4>D\u00e9partement sp\u00e9cialis\u00e9 au CNDL<\/h4><span class=\"vc_sep_holder vc_sep_holder_r\"><span style=\"color:#1A428A;\" class=\"vc_sep_line\"><\/span><\/span>\n<\/div>\n\t<div class=\"wpb_text_column wpb_content_element wpb_animate_when_almost_visible wpb_fadeInRightBig fadeInRightBig\" >\n\t\t<div class=\"wpb_wrapper\">\n\t\t\t<p><span style=\"color: #7d706d;\"><span dir=\"ltr\" role=\"presentation\">Le d\u00e9partement sp\u00e9cialis\u00e9 du Coll\u00e8ge Notre-Dame de Louaiz\u00e9 r\u00e9pond aux besoins des \u00e9l\u00e8ves n\u00e9cessitant un soutien personnalis\u00e9. Compos\u00e9 de psychologues, d\u2019une orthophoniste et d\u2019orthop\u00e9dagogues, il propose une prise en charge individualis\u00e9e pour favoriser le bien-\u00eatre, la socialisation, et pr\u00e9venir le d\u00e9crochage scolaire. L\u2019\u00e9quipe travaille en collaboration avec la direction, les enseignants et les parents pour un suivi personnalis\u00e9. <\/span><span dir=\"ltr\" role=\"presentation\">\u3164\u3164 <\/span><span dir=\"ltr\" role=\"presentation\">\u3164 <\/span><span dir=\"ltr\" role=\"presentation\">\u3164 <\/span><span dir=\"ltr\" role=\"presentation\">\u3164 <\/span><span dir=\"ltr\" role=\"presentation\">\u3164 <\/span><span dir=\"ltr\" role=\"presentation\">\u3164 <\/span><span dir=\"ltr\" role=\"presentation\">.<\/span><\/span><\/p>\n\n\t\t<\/div>\n\t<\/div>\n<\/div><\/div><\/div><\/div><div class=\"vc_row wpb_row vc_row-fluid vc_custom_1741794378403\"><div class=\"wpb_animate_when_almost_visible wpb_fadeInUp fadeInUp wpb_column vc_column_container vc_col-sm-6\"><div class=\"vc_column-inner\"><div class=\"wpb_wrapper\">\n\t<div  class=\"wpb_single_image wpb_content_element vc_align_left wpb_content_element  image-borderRadius\">\n\t\t\n\t\t<figure class=\"wpb_wrapper vc_figure\">\n\t\t\t<div class=\"vc_single_image-wrapper   vc_box_border_grey\"><img decoding=\"async\" class=\"vc_single_image-img\" src=\"https:\/\/www.cndl.edu.lb\/wp-content\/uploads\/2025\/07\/SEP-1-scaled.jpg\" width=\"2560\" height=\"1707\" alt=\"\" title=\"\" loading=\"lazy\" \/><\/div>\n\t\t<\/figure>\n\t<\/div>\n<\/div><\/div><\/div><div class=\"wpb_column vc_column_container vc_col-sm-6\"><div class=\"vc_column-inner\"><div class=\"wpb_wrapper\">\n\t<div class=\"wpb_text_column wpb_content_element wpb_animate_when_almost_visible wpb_fadeInRightBig fadeInRightBig\" >\n\t\t<div class=\"wpb_wrapper\">\n\t\t\t<p><span style=\"color: #1a428a; font-size: 18px;\"><strong><span dir=\"ltr\" role=\"presentation\">Contact:<\/span><\/strong><\/span><\/p>\n<ul>\n<li><span style=\"font-size: 17px; color: #7d706d;\"><strong data-start=\"75\" data-end=\"90\">Email \/ Contact:\u00a0<\/strong><a style=\"color: #7d706d;\" href=\"mailto:sepcndl@cndl.edu.lb\" target=\"_blank\" rel=\"noopener\">sepcndl@cndl.edu.lb<\/a>; ext 341<\/span><\/li>\n<li><span style=\"font-size: 17px; color: #7d706d;\"><strong data-start=\"75\" data-end=\"90\">Personne cl\u00e9:<\/strong> Elyssar Moukawem<\/span><\/li>\n<li><span style=\"font-size: 17px; color: #7d706d;\"><strong data-start=\"143\" data-end=\"161\">Psychologues:<\/strong> Norma Abdallah, Pam\u00e9la Abi Rizk, Christelle Srour, Caren Kai<\/span><\/li>\n<li><span style=\"font-size: 17px; color: #7d706d;\"><strong data-start=\"227\" data-end=\"248\">Orthophoniste:<\/strong> Elyssar Moukawem<\/span><\/li>\n<li><span style=\"font-size: 17px; color: #7d706d;\"><strong data-start=\"270\" data-end=\"301\">Enseignants en \u00e9ducation sp\u00e9cialis\u00e9e:<\/strong> Claudia Hachem, Serena Najib<\/span><\/li>\n<\/ul>\n\n\t\t<\/div>\n\t<\/div>\n<div class=\"vc_separator wpb_content_element vc_separator_align_center vc_sep_width_100 vc_sep_pos_align_center vc_separator_no_text vc_sep_color_black wpb_content_element  wpb_content_element wpb_animate_when_almost_visible wpb_bounceInRight bounceInRight wpb_animate_when_almost_visible wpb_bounceInRight bounceInRight\" ><span class=\"vc_sep_holder vc_sep_holder_l\"><span class=\"vc_sep_line\"><\/span><\/span><span class=\"vc_sep_holder vc_sep_holder_r\"><span class=\"vc_sep_line\"><\/span><\/span>\n<\/div>\n\t<div class=\"wpb_text_column wpb_content_element wpb_animate_when_almost_visible wpb_fadeInRightBig fadeInRightBig\" >\n\t\t<div class=\"wpb_wrapper\">\n\t\t\t<p><span style=\"font-size: 18px; color: #000000;\"><strong><span dir=\"ltr\" role=\"presentation\"><span style=\"color: #1a428a;\">Services offerts:<\/span><br \/>\n<\/span><\/strong><\/span><\/p>\n<ul>\n<li><span style=\"font-size: 17px; color: #7d706d;\">D\u00e9pistage, diagnostic et intervention pour les troubles d\u2019apprentissage et de comportement<\/span><\/li>\n<li><span style=\"font-size: 17px; color: #7d706d;\">Collaboration avec des professionnels externes pour un soutien continu<\/span><\/li>\n<li><span style=\"font-size: 17px; color: #7d706d;\">Adaptations p\u00e9dagogiques pour les \u00e9l\u00e8ves ayant des besoins \u00e9ducatifs particuliers<\/span><\/li>\n<li><span style=\"font-size: 17px; color: #7d706d;\">Soutien r\u00e9gulier pour les \u00e9l\u00e8ves rencontrant des difficult\u00e9s<\/span><\/li>\n<li><span style=\"font-size: 17px; color: #7d706d;\">Actions de pr\u00e9vention pour favoriser le bien-\u00eatre mental des \u00e9l\u00e8ves et des enseignants<\/span><\/li>\n<\/ul>\n\n\t\t<\/div>\n\t<\/div>\n<\/div><\/div><\/div><\/div><div class=\"vc_row wpb_row vc_row-fluid\"><div class=\"wpb_column vc_column_container vc_col-sm-12\"><div class=\"vc_column-inner\"><div class=\"wpb_wrapper\"><\/div><\/div><\/div><\/div><div class=\"vc_row wpb_row vc_row-fluid\"><div class=\"wpb_column vc_column_container vc_col-sm-12\"><div class=\"vc_column-inner\"><div class=\"wpb_wrapper\"><\/div><\/div><\/div><\/div>\n<\/div>","protected":false},"excerpt":{"rendered":"Specialized Department at CNDL The Specialized Department at Coll\u00e8ge Notre-Dame de Louaiz\u00e9 (SEP = Educational and Psychological Support Department) addresses the needs of students requiring personalized support. Comprising psychologists, a [...]","protected":false},"author":1,"featured_media":0,"parent":0,"menu_order":0,"comment_status":"closed","ping_status":"closed","template":"","meta":{"footnotes":""},"class_list":["post-3789","page","type-page","status-publish","hentry"],"_links":{"self":[{"href":"https:\/\/www.cndl.edu.lb\/fr\/wp-json\/wp\/v2\/pages\/3789","targetHints":{"allow":["GET"]}}],"collection":[{"href":"https:\/\/www.cndl.edu.lb\/fr\/wp-json\/wp\/v2\/pages"}],"about":[{"href":"https:\/\/www.cndl.edu.lb\/fr\/wp-json\/wp\/v2\/types\/page"}],"author":[{"embeddable":true,"href":"https:\/\/www.cndl.edu.lb\/fr\/wp-json\/wp\/v2\/users\/1"}],"replies":[{"embeddable":true,"href":"https:\/\/www.cndl.edu.lb\/fr\/wp-json\/wp\/v2\/comments?post=3789"}],"version-history":[{"count":24,"href":"https:\/\/www.cndl.edu.lb\/fr\/wp-json\/wp\/v2\/pages\/3789\/revisions"}],"predecessor-version":[{"id":6664,"href":"https:\/\/www.cndl.edu.lb\/fr\/wp-json\/wp\/v2\/pages\/3789\/revisions\/6664"}],"wp:attachment":[{"href":"https:\/\/www.cndl.edu.lb\/fr\/wp-json\/wp\/v2\/media?parent=3789"}],"curies":[{"name":"wp","href":"https:\/\/api.w.org\/{rel}","templated":true}]}}