{"id":3775,"date":"2025-03-05T10:23:14","date_gmt":"2025-03-05T10:23:14","guid":{"rendered":"https:\/\/cndl.edu.lb\/?page_id=3775"},"modified":"2025-09-23T13:06:55","modified_gmt":"2025-09-23T10:06:55","slug":"chaplaincy","status":"publish","type":"page","link":"https:\/\/www.cndl.edu.lb\/fr\/chaplaincy\/","title":{"rendered":"Aum\u00f4nerie"},"content":{"rendered":"<div class=\"wpb-content-wrapper\"><div class=\"vc_row wpb_row vc_row-fluid vc_custom_1741170853585 vc_row-has-fill\"><div class=\"wpb_column vc_column_container vc_col-sm-12\"><div class=\"vc_column-inner\"><div class=\"wpb_wrapper\"><div class=\"vc_separator wpb_content_element vc_separator_align_center vc_sep_width_100 vc_sep_pos_align_center vc_sep_color_black vc_custom_1748428270063 wpb_content_element line-seperator-chaplaincy wpb_animate_when_almost_visible wpb_fadeInUpBig fadeInUpBig vc_separator-has-text\" ><span class=\"vc_sep_holder vc_sep_holder_l\"><span class=\"vc_sep_line\"><\/span><\/span><h4>Laboratoire \"Foi et Vie\"<\/h4><span class=\"vc_sep_holder vc_sep_holder_r\"><span class=\"vc_sep_line\"><\/span><\/span>\n<\/div>\n\t<div class=\"wpb_text_column wpb_content_element wpb_animate_when_almost_visible wpb_fadeInUpBig fadeInUpBig vc_custom_1758621682030\" >\n\t\t<div class=\"wpb_wrapper\">\n\t\t\t<p style=\"text-align: center;\"><span style=\"color: #7d706d; font-size: 18px; font-family: montserrat;\">Le Laboratoire \"Foi et Vie\" propose une approche dynamique et innovante de la foi chr\u00e9tienne, alliant croissance spirituelle et engagement actif dans la communaut\u00e9. Il est structur\u00e9 autour de trois principaux volets<\/span><br \/>\n<span style=\"color: #7d706d; font-size: 18px; font-family: montserrat;\">:<\/span><\/p>\n\n\t\t<\/div>\n\t<\/div>\n<\/div><\/div><\/div><\/div><div class=\"vc_row wpb_row vc_row-fluid\"><div class=\"wpb_animate_when_almost_visible wpb_fadeInLeftBig fadeInLeftBig wpb_column vc_column_container vc_col-sm-6\"><div class=\"vc_column-inner\"><div class=\"wpb_wrapper\">\n<div class=\"stm-single-image-wrapper  stm-single-image_left\">\n\t\t<div class=\"stm-single-image\"><img decoding=\"async\" class=\"\" src=\"https:\/\/www.cndl.edu.lb\/wp-content\/uploads\/2025\/03\/WhatsApp-Image-2025-03-12-at-17.15.38-450x450.jpeg\" width=\"450\" height=\"450\" alt=\"\" title=\"\" loading=\"lazy\" \/><\/div>\n<\/div>\n<div class=\"stm-spacing\" id=\"stm-spacing-69f16438e4748\"><\/div>\n<script>\n\t(function($){\n\t\t\"use strict\";\n\t\tvar spacingID = 'stm-spacing-69f16438e4748',\n\t\t\t  lgSpacing = '100px',\n\t\t\t  mdSpacing = '',\n\t\t\t  smSpacing = '',\n\t\t\t  xsSpacing = '';\n\n\t\tfunction smartySpacing() {\n\t\t\tif ( window.matchMedia(\"(min-width: 1200px)\").matches && lgSpacing ) {\n\t\t\t\t$( '#' + spacingID ).css ( \"height\", lgSpacing );\n\t\t\t} else if ( window.matchMedia(\"(max-width: 1199px) and (min-width: 992px )\").matches && mdSpacing ) {\n\t\t\t\t$( '#' + spacingID ).css ( \"height\", mdSpacing );\n\t\t\t} else if ( window.matchMedia(\"(max-width: 991px) and (min-width: 768px )\").matches && smSpacing ) {\n\t\t\t\t$( '#' + spacingID ).css ( \"height\", smSpacing );\n\t\t\t} else if ( window.matchMedia(\"(max-width: 767px)\").matches && xsSpacing ) {\n\t\t\t\t$( '#' + spacingID ).css ( \"height\", xsSpacing );\n\t\t\t} else {\n\t\t\t\t$( '#' + spacingID ).css ( \"height\", \"\" );\n\t\t\t}\n\t\t}\n\n\t\t$(document).ready(function() {\n\t\t\tsmartySpacing();\n\t\t});\n\n\t\t$(window).resize(function() {\n\t\t\tsmartySpacing();\n\t\t});\n\n\t})(jQuery);\n<\/script>\n\n<\/div><\/div><\/div><div class=\"wpb_column vc_column_container vc_col-sm-6\"><div class=\"vc_column-inner vc_custom_1748693567761\"><div class=\"wpb_wrapper\"><div class=\"stm-spacing\" id=\"stm-spacing-69f16438e4d06\"><\/div>\n<script>\n\t(function($){\n\t\t\"use strict\";\n\t\tvar spacingID = 'stm-spacing-69f16438e4d06',\n\t\t\t  lgSpacing = '100px',\n\t\t\t  mdSpacing = '',\n\t\t\t  smSpacing = '',\n\t\t\t  xsSpacing = '';\n\n\t\tfunction smartySpacing() {\n\t\t\tif ( window.matchMedia(\"(min-width: 1200px)\").matches && lgSpacing ) {\n\t\t\t\t$( '#' + spacingID ).css ( \"height\", lgSpacing );\n\t\t\t} else if ( window.matchMedia(\"(max-width: 1199px) and (min-width: 992px )\").matches && mdSpacing ) {\n\t\t\t\t$( '#' + spacingID ).css ( \"height\", mdSpacing );\n\t\t\t} else if ( window.matchMedia(\"(max-width: 991px) and (min-width: 768px )\").matches && smSpacing ) {\n\t\t\t\t$( '#' + spacingID ).css ( \"height\", smSpacing );\n\t\t\t} else if ( window.matchMedia(\"(max-width: 767px)\").matches && xsSpacing ) {\n\t\t\t\t$( '#' + spacingID ).css ( \"height\", xsSpacing );\n\t\t\t} else {\n\t\t\t\t$( '#' + spacingID ).css ( \"height\", \"\" );\n\t\t\t}\n\t\t}\n\n\t\t$(document).ready(function() {\n\t\t\tsmartySpacing();\n\t\t});\n\n\t\t$(window).resize(function() {\n\t\t\tsmartySpacing();\n\t\t});\n\n\t})(jQuery);\n<\/script>\n\n\n\t<div class=\"wpb_text_column wpb_content_element wpb_animate_when_almost_visible wpb_fadeInRightBig fadeInRightBig\" >\n\t\t<div class=\"wpb_wrapper\">\n\t\t\t<p class=\"p1\"><strong><span style=\"font-size: 35px; color: #1a428a; font-family: 'montserrat';\">I. Aum\u00f4nerie:<\/span><\/strong><\/p>\n<p class=\"p1\" style=\"text-align: left;\"><span style=\"font-size: 18px; color: #7d706d; font-family: montserrat;\">Un espace de croissance spirituelle et humaine, l\u2019aum\u00f4nerie offre un environnement accueillant pour l\u2019\u00e9coute, le dialogue et l\u2019accompagnement spirituel. Elle soutient les individus dans leur qu\u00eate quotidienne pour chercher et trouver Dieu, pr\u00e9pare les c\u00e9l\u00e9brations liturgiques et organise des \u00e9v\u00e9nements spirituels.<\/span><\/p>\n\n\t\t<\/div>\n\t<\/div>\n<\/div><\/div><\/div><\/div><div class=\"vc_row wpb_row vc_row-fluid\"><div class=\"wpb_animate_when_almost_visible wpb_fadeInLeftBig fadeInLeftBig wpb_column vc_column_container vc_col-sm-6\"><div class=\"vc_column-inner\"><div class=\"wpb_wrapper\">\n<div class=\"stm-single-image-wrapper  stm-single-image_left\">\n\t\t<div class=\"stm-single-image\"><img decoding=\"async\" class=\"\" src=\"https:\/\/www.cndl.edu.lb\/wp-content\/uploads\/2025\/03\/WhatsApp-Image-2025-03-12-at-17.15.38-2-450x450.jpeg\" width=\"450\" height=\"450\" alt=\"\" title=\"\" loading=\"lazy\" \/><\/div>\n<\/div>\n<div class=\"stm-spacing\" id=\"stm-spacing-69f16438e5914\"><\/div>\n<script>\n\t(function($){\n\t\t\"use strict\";\n\t\tvar spacingID = 'stm-spacing-69f16438e5914',\n\t\t\t  lgSpacing = '100px',\n\t\t\t  mdSpacing = '',\n\t\t\t  smSpacing = '',\n\t\t\t  xsSpacing = '';\n\n\t\tfunction smartySpacing() {\n\t\t\tif ( window.matchMedia(\"(min-width: 1200px)\").matches && lgSpacing ) {\n\t\t\t\t$( '#' + spacingID ).css ( \"height\", lgSpacing );\n\t\t\t} else if ( window.matchMedia(\"(max-width: 1199px) and (min-width: 992px )\").matches && mdSpacing ) {\n\t\t\t\t$( '#' + spacingID ).css ( \"height\", mdSpacing );\n\t\t\t} else if ( window.matchMedia(\"(max-width: 991px) and (min-width: 768px )\").matches && smSpacing ) {\n\t\t\t\t$( '#' + spacingID ).css ( \"height\", smSpacing );\n\t\t\t} else if ( window.matchMedia(\"(max-width: 767px)\").matches && xsSpacing ) {\n\t\t\t\t$( '#' + spacingID ).css ( \"height\", xsSpacing );\n\t\t\t} else {\n\t\t\t\t$( '#' + spacingID ).css ( \"height\", \"\" );\n\t\t\t}\n\t\t}\n\n\t\t$(document).ready(function() {\n\t\t\tsmartySpacing();\n\t\t});\n\n\t\t$(window).resize(function() {\n\t\t\tsmartySpacing();\n\t\t});\n\n\t})(jQuery);\n<\/script>\n\n<\/div><\/div><\/div><div class=\"wpb_column vc_column_container vc_col-sm-6\"><div class=\"vc_column-inner vc_custom_1748693581035\"><div class=\"wpb_wrapper\"><div class=\"stm-spacing\" id=\"stm-spacing-69f16438e5bae\"><\/div>\n<script>\n\t(function($){\n\t\t\"use strict\";\n\t\tvar spacingID = 'stm-spacing-69f16438e5bae',\n\t\t\t  lgSpacing = '50px',\n\t\t\t  mdSpacing = '50px',\n\t\t\t  smSpacing = '28px',\n\t\t\t  xsSpacing = '30px';\n\n\t\tfunction smartySpacing() {\n\t\t\tif ( window.matchMedia(\"(min-width: 1200px)\").matches && lgSpacing ) {\n\t\t\t\t$( '#' + spacingID ).css ( \"height\", lgSpacing );\n\t\t\t} else if ( window.matchMedia(\"(max-width: 1199px) and (min-width: 992px )\").matches && mdSpacing ) {\n\t\t\t\t$( '#' + spacingID ).css ( \"height\", mdSpacing );\n\t\t\t} else if ( window.matchMedia(\"(max-width: 991px) and (min-width: 768px )\").matches && smSpacing ) {\n\t\t\t\t$( '#' + spacingID ).css ( \"height\", smSpacing );\n\t\t\t} else if ( window.matchMedia(\"(max-width: 767px)\").matches && xsSpacing ) {\n\t\t\t\t$( '#' + spacingID ).css ( \"height\", xsSpacing );\n\t\t\t} else {\n\t\t\t\t$( '#' + spacingID ).css ( \"height\", \"\" );\n\t\t\t}\n\t\t}\n\n\t\t$(document).ready(function() {\n\t\t\tsmartySpacing();\n\t\t});\n\n\t\t$(window).resize(function() {\n\t\t\tsmartySpacing();\n\t\t});\n\n\t})(jQuery);\n<\/script>\n\n\n\t<div class=\"wpb_text_column wpb_content_element wpb_animate_when_almost_visible wpb_fadeInRightBig fadeInRightBig\" >\n\t\t<div class=\"wpb_wrapper\">\n\t\t\t<p class=\"p1\"><strong><span style=\"font-size: 35px; color: #1a428a; font-family: 'montserrat';\">II. Cat\u00e9chisme:<\/span><\/strong><\/p>\n<p class=\"p1\" style=\"text-align: left;\"><span style=\"font-size: 18px; color: #7d706d; font-family: montserrat;\">Le programme de cat\u00e9ch\u00e8se propose une formation chr\u00e9tienne compl\u00e8te, couvrant la doctrine, la pri\u00e8re, la liturgie, la Bible et les traditions de l\u2019\u00c9glise. Il favorise une relation plus profonde avec Dieu, encourage l\u2019engagement chr\u00e9tien et aide les croyants \u00e0 grandir dans l\u2019amour de Dieu et du prochain, \u00e0 travers un cheminement de foi significatif.<\/span><\/p>\n\n\t\t<\/div>\n\t<\/div>\n<\/div><\/div><\/div><\/div><div class=\"vc_row wpb_row vc_row-fluid\"><div class=\"wpb_animate_when_almost_visible wpb_fadeInLeftBig fadeInLeftBig wpb_column vc_column_container vc_col-sm-6\"><div class=\"vc_column-inner\"><div class=\"wpb_wrapper\">\n<div class=\"stm-single-image-wrapper  stm-single-image_left\">\n\t\t<div class=\"stm-single-image\"><img decoding=\"async\" class=\"\" src=\"https:\/\/www.cndl.edu.lb\/wp-content\/uploads\/2025\/03\/WhatsApp-Image-2025-03-12-at-17.15.38-1-450x450.jpeg\" width=\"450\" height=\"450\" alt=\"\" title=\"\" loading=\"lazy\" \/><\/div>\n<\/div>\n<div class=\"stm-spacing\" id=\"stm-spacing-69f16438e67bf\"><\/div>\n<script>\n\t(function($){\n\t\t\"use strict\";\n\t\tvar spacingID = 'stm-spacing-69f16438e67bf',\n\t\t\t  lgSpacing = '50px',\n\t\t\t  mdSpacing = '',\n\t\t\t  smSpacing = '',\n\t\t\t  xsSpacing = '';\n\n\t\tfunction smartySpacing() {\n\t\t\tif ( window.matchMedia(\"(min-width: 1200px)\").matches && lgSpacing ) {\n\t\t\t\t$( '#' + spacingID ).css ( \"height\", lgSpacing );\n\t\t\t} else if ( window.matchMedia(\"(max-width: 1199px) and (min-width: 992px )\").matches && mdSpacing ) {\n\t\t\t\t$( '#' + spacingID ).css ( \"height\", mdSpacing );\n\t\t\t} else if ( window.matchMedia(\"(max-width: 991px) and (min-width: 768px )\").matches && smSpacing ) {\n\t\t\t\t$( '#' + spacingID ).css ( \"height\", smSpacing );\n\t\t\t} else if ( window.matchMedia(\"(max-width: 767px)\").matches && xsSpacing ) {\n\t\t\t\t$( '#' + spacingID ).css ( \"height\", xsSpacing );\n\t\t\t} else {\n\t\t\t\t$( '#' + spacingID ).css ( \"height\", \"\" );\n\t\t\t}\n\t\t}\n\n\t\t$(document).ready(function() {\n\t\t\tsmartySpacing();\n\t\t});\n\n\t\t$(window).resize(function() {\n\t\t\tsmartySpacing();\n\t\t});\n\n\t})(jQuery);\n<\/script>\n\n<\/div><\/div><\/div><div class=\"wpb_column vc_column_container vc_col-sm-6\"><div class=\"vc_column-inner vc_custom_1748499637106\"><div class=\"wpb_wrapper\"><div class=\"stm-spacing\" id=\"stm-spacing-69f16438e69f5\"><\/div>\n<script>\n\t(function($){\n\t\t\"use strict\";\n\t\tvar spacingID = 'stm-spacing-69f16438e69f5',\n\t\t\t  lgSpacing = '50px',\n\t\t\t  mdSpacing = '50px',\n\t\t\t  smSpacing = '28px',\n\t\t\t  xsSpacing = '30px';\n\n\t\tfunction smartySpacing() {\n\t\t\tif ( window.matchMedia(\"(min-width: 1200px)\").matches && lgSpacing ) {\n\t\t\t\t$( '#' + spacingID ).css ( \"height\", lgSpacing );\n\t\t\t} else if ( window.matchMedia(\"(max-width: 1199px) and (min-width: 992px )\").matches && mdSpacing ) {\n\t\t\t\t$( '#' + spacingID ).css ( \"height\", mdSpacing );\n\t\t\t} else if ( window.matchMedia(\"(max-width: 991px) and (min-width: 768px )\").matches && smSpacing ) {\n\t\t\t\t$( '#' + spacingID ).css ( \"height\", smSpacing );\n\t\t\t} else if ( window.matchMedia(\"(max-width: 767px)\").matches && xsSpacing ) {\n\t\t\t\t$( '#' + spacingID ).css ( \"height\", xsSpacing );\n\t\t\t} else {\n\t\t\t\t$( '#' + spacingID ).css ( \"height\", \"\" );\n\t\t\t}\n\t\t}\n\n\t\t$(document).ready(function() {\n\t\t\tsmartySpacing();\n\t\t});\n\n\t\t$(window).resize(function() {\n\t\t\tsmartySpacing();\n\t\t});\n\n\t})(jQuery);\n<\/script>\n\n\n\t<div class=\"wpb_text_column wpb_content_element wpb_animate_when_almost_visible wpb_fadeInRightBig fadeInRightBig\" >\n\t\t<div class=\"wpb_wrapper\">\n\t\t\t<p class=\"p1\"><strong><span style=\"font-size: 35px; color: #1a428a; font-family: 'montserrat';\">III. Engagement social:<\/span><\/strong><\/p>\n<p class=\"p1\" style=\"text-align: left;\"><span style=\"font-size: 18px; color: #7d706d; font-family: 'montserrat';\">Mettant en pratique les enseignements de la cat\u00e9ch\u00e8se, la dimension sociale invite les participants \u00e0 suivre J\u00e9sus en faisant preuve de compassion et en servant les autres. Elle insiste sur la construction d\u2019un monde plus juste et plus humain en refl\u00e9tant l\u2019amour du Christ \u00e0 travers des actions concr\u00e8tes.<\/span><\/p>\n\n\t\t<\/div>\n\t<\/div>\n<\/div><\/div><\/div><\/div><div class=\"vc_row wpb_row vc_row-fluid\"><div class=\"wpb_column vc_column_container vc_col-sm-12\"><div class=\"vc_column-inner\"><div class=\"wpb_wrapper\"><\/div><\/div><\/div><\/div>\n<\/div>","protected":false},"excerpt":{"rendered":"\"Faith and Life\" Laboratory The \"Faith and Life\" Laboratory offers a dynamic and innovative approach to the Christian faith, combining spiritual growth with active community engagement. It is structured around [...]","protected":false},"author":1,"featured_media":0,"parent":0,"menu_order":0,"comment_status":"closed","ping_status":"closed","template":"","meta":{"footnotes":""},"class_list":["post-3775","page","type-page","status-publish","hentry"],"_links":{"self":[{"href":"https:\/\/www.cndl.edu.lb\/fr\/wp-json\/wp\/v2\/pages\/3775","targetHints":{"allow":["GET"]}}],"collection":[{"href":"https:\/\/www.cndl.edu.lb\/fr\/wp-json\/wp\/v2\/pages"}],"about":[{"href":"https:\/\/www.cndl.edu.lb\/fr\/wp-json\/wp\/v2\/types\/page"}],"author":[{"embeddable":true,"href":"https:\/\/www.cndl.edu.lb\/fr\/wp-json\/wp\/v2\/users\/1"}],"replies":[{"embeddable":true,"href":"https:\/\/www.cndl.edu.lb\/fr\/wp-json\/wp\/v2\/comments?post=3775"}],"version-history":[{"count":28,"href":"https:\/\/www.cndl.edu.lb\/fr\/wp-json\/wp\/v2\/pages\/3775\/revisions"}],"predecessor-version":[{"id":6647,"href":"https:\/\/www.cndl.edu.lb\/fr\/wp-json\/wp\/v2\/pages\/3775\/revisions\/6647"}],"wp:attachment":[{"href":"https:\/\/www.cndl.edu.lb\/fr\/wp-json\/wp\/v2\/media?parent=3775"}],"curies":[{"name":"wp","href":"https:\/\/api.w.org\/{rel}","templated":true}]}}