{"id":3769,"date":"2025-03-05T10:19:14","date_gmt":"2025-03-05T10:19:14","guid":{"rendered":"https:\/\/cndl.edu.lb\/?page_id=3769"},"modified":"2025-09-23T13:49:38","modified_gmt":"2025-09-23T10:49:38","slug":"laboratories","status":"publish","type":"page","link":"https:\/\/www.cndl.edu.lb\/fr\/laboratories\/","title":{"rendered":"Laboratoires"},"content":{"rendered":"<div class=\"wpb-content-wrapper\"><div class=\"vc_row wpb_row vc_row-fluid\"><div class=\"wpb_column vc_column_container vc_col-sm-12\"><div class=\"vc_column-inner\"><div class=\"wpb_wrapper\"><div class=\"vc_empty_space\"   style=\"height: 50px\"><span class=\"vc_empty_space_inner\"><\/span><\/div><div class=\"vc_separator wpb_content_element vc_separator_align_center vc_sep_width_100 vc_sep_shadow vc_sep_border_width_2 vc_sep_pos_align_center vc_custom_1748776356382 wpb_content_element line-seperator-Labs wpb_animate_when_almost_visible wpb_fadeInLeftBig fadeInLeftBig vc_separator-has-text\" ><span class=\"vc_sep_holder vc_sep_holder_l\"><span style=\"color:#1A428A;\" class=\"vc_sep_line\"><\/span><\/span><h4>D\u00e9couvrez tous nos laboratoires<\/h4><span class=\"vc_sep_holder vc_sep_holder_r\"><span style=\"color:#1A428A;\" class=\"vc_sep_line\"><\/span><\/span>\n<\/div><\/div><\/div><\/div><\/div><div class=\"vc_row wpb_row vc_row-fluid vc_custom_1741792713662\"><div class=\"wpb_animate_when_almost_visible wpb_fadeInRightBig fadeInRightBig wpb_column vc_column_container vc_col-sm-6\"><div class=\"vc_column-inner\"><div class=\"wpb_wrapper\">\n\t<div  class=\"wpb_single_image wpb_content_element vc_align_left wpb_content_element  image-borderRadius\">\n\t\t\n\t\t<figure class=\"wpb_wrapper vc_figure\">\n\t\t\t<div class=\"vc_single_image-wrapper   vc_box_border_grey\"><img decoding=\"async\" class=\"vc_single_image-img\" src=\"https:\/\/www.cndl.edu.lb\/wp-content\/uploads\/2025\/03\/WhatsApp-Image-2025-03-12-at-17.10.02-e1753941827152-700x500.jpeg\" width=\"700\" height=\"500\" alt=\"\" title=\"\" loading=\"lazy\" \/><\/div>\n\t\t<\/figure>\n\t<\/div>\n<div class=\"stm-spacing\" id=\"stm-spacing-69f1644838e6e\"><\/div>\n<script>\n\t(function($){\n\t\t\"use strict\";\n\t\tvar spacingID = 'stm-spacing-69f1644838e6e',\n\t\t\t  lgSpacing = '',\n\t\t\t  mdSpacing = '',\n\t\t\t  smSpacing = '30px',\n\t\t\t  xsSpacing = '30px';\n\n\t\tfunction smartySpacing() {\n\t\t\tif ( window.matchMedia(\"(min-width: 1200px)\").matches && lgSpacing ) {\n\t\t\t\t$( '#' + spacingID ).css ( \"height\", lgSpacing );\n\t\t\t} else if ( window.matchMedia(\"(max-width: 1199px) and (min-width: 992px )\").matches && mdSpacing ) {\n\t\t\t\t$( '#' + spacingID ).css ( \"height\", mdSpacing );\n\t\t\t} else if ( window.matchMedia(\"(max-width: 991px) and (min-width: 768px )\").matches && smSpacing ) {\n\t\t\t\t$( '#' + spacingID ).css ( \"height\", smSpacing );\n\t\t\t} else if ( window.matchMedia(\"(max-width: 767px)\").matches && xsSpacing ) {\n\t\t\t\t$( '#' + spacingID ).css ( \"height\", xsSpacing );\n\t\t\t} else {\n\t\t\t\t$( '#' + spacingID ).css ( \"height\", \"\" );\n\t\t\t}\n\t\t}\n\n\t\t$(document).ready(function() {\n\t\t\tsmartySpacing();\n\t\t});\n\n\t\t$(window).resize(function() {\n\t\t\tsmartySpacing();\n\t\t});\n\n\t})(jQuery);\n<\/script>\n\n<\/div><\/div><\/div><div class=\"wpb_column vc_column_container vc_col-sm-6\"><div class=\"vc_column-inner\"><div class=\"wpb_wrapper\"><div class=\"stm-spacing\" id=\"stm-spacing-69f1644839112\"><\/div>\n<script>\n\t(function($){\n\t\t\"use strict\";\n\t\tvar spacingID = 'stm-spacing-69f1644839112',\n\t\t\t  lgSpacing = '100px',\n\t\t\t  mdSpacing = '100px',\n\t\t\t  smSpacing = '',\n\t\t\t  xsSpacing = '';\n\n\t\tfunction smartySpacing() {\n\t\t\tif ( window.matchMedia(\"(min-width: 1200px)\").matches && lgSpacing ) {\n\t\t\t\t$( '#' + spacingID ).css ( \"height\", lgSpacing );\n\t\t\t} else if ( window.matchMedia(\"(max-width: 1199px) and (min-width: 992px )\").matches && mdSpacing ) {\n\t\t\t\t$( '#' + spacingID ).css ( \"height\", mdSpacing );\n\t\t\t} else if ( window.matchMedia(\"(max-width: 991px) and (min-width: 768px )\").matches && smSpacing ) {\n\t\t\t\t$( '#' + spacingID ).css ( \"height\", smSpacing );\n\t\t\t} else if ( window.matchMedia(\"(max-width: 767px)\").matches && xsSpacing ) {\n\t\t\t\t$( '#' + spacingID ).css ( \"height\", xsSpacing );\n\t\t\t} else {\n\t\t\t\t$( '#' + spacingID ).css ( \"height\", \"\" );\n\t\t\t}\n\t\t}\n\n\t\t$(document).ready(function() {\n\t\t\tsmartySpacing();\n\t\t});\n\n\t\t$(window).resize(function() {\n\t\t\tsmartySpacing();\n\t\t});\n\n\t})(jQuery);\n<\/script>\n\n\n\t<div class=\"wpb_text_column wpb_content_element wpb_animate_when_almost_visible wpb_fadeInRightBig fadeInRightBig\" >\n\t\t<div class=\"wpb_wrapper\">\n\t\t\t<p class=\"p1\" style=\"font-family: 'montserrat';\"><span style=\"font-size: 21px;\"><span style=\"color: #1a428a;\">Le Laboratoire de Biologie <\/span><span style=\"color: #7d706d;\">Au Coll\u00e8ge Notre Dame de Louaiz\u00e9, le laboratoire de biologie est une installation de pointe con\u00e7ue pour encourager l'exploration scientifique et l'apprentissage pratique. \u00c9quip\u00e9 de microscopes modernes, de mat\u00e9riel de laboratoire avanc\u00e9 et d'outils d'apprentissage interactifs, notre laboratoire offre aux apprenants une exp\u00e9rience immersive en biologie, en biotechnologie et en sciences de l'environnement.<\/span><\/span><\/p>\n\n\t\t<\/div>\n\t<\/div>\n<\/div><\/div><\/div><\/div><div class=\"vc_row wpb_row vc_row-fluid vc_custom_1741791261988\"><div class=\"wpb_column vc_column_container vc_col-sm-6 vc_hidden-xs\"><div class=\"vc_column-inner\"><div class=\"wpb_wrapper\"><div class=\"stm-spacing\" id=\"stm-spacing-69f164483968c\"><\/div>\n<script>\n\t(function($){\n\t\t\"use strict\";\n\t\tvar spacingID = 'stm-spacing-69f164483968c',\n\t\t\t  lgSpacing = '100px',\n\t\t\t  mdSpacing = '100px',\n\t\t\t  smSpacing = '',\n\t\t\t  xsSpacing = '';\n\n\t\tfunction smartySpacing() {\n\t\t\tif ( window.matchMedia(\"(min-width: 1200px)\").matches && lgSpacing ) {\n\t\t\t\t$( '#' + spacingID ).css ( \"height\", lgSpacing );\n\t\t\t} else if ( window.matchMedia(\"(max-width: 1199px) and (min-width: 992px )\").matches && mdSpacing ) {\n\t\t\t\t$( '#' + spacingID ).css ( \"height\", mdSpacing );\n\t\t\t} else if ( window.matchMedia(\"(max-width: 991px) and (min-width: 768px )\").matches && smSpacing ) {\n\t\t\t\t$( '#' + spacingID ).css ( \"height\", smSpacing );\n\t\t\t} else if ( window.matchMedia(\"(max-width: 767px)\").matches && xsSpacing ) {\n\t\t\t\t$( '#' + spacingID ).css ( \"height\", xsSpacing );\n\t\t\t} else {\n\t\t\t\t$( '#' + spacingID ).css ( \"height\", \"\" );\n\t\t\t}\n\t\t}\n\n\t\t$(document).ready(function() {\n\t\t\tsmartySpacing();\n\t\t});\n\n\t\t$(window).resize(function() {\n\t\t\tsmartySpacing();\n\t\t});\n\n\t})(jQuery);\n<\/script>\n\n\n\t<div class=\"wpb_text_column wpb_content_element wpb_animate_when_almost_visible wpb_fadeInLeftBig fadeInLeftBig\" >\n\t\t<div class=\"wpb_wrapper\">\n\t\t\t<p class=\"p1\" style=\"font-family: 'montserrat';\"><span style=\"font-size: 21px;\"><span style=\"color: #1a428a;\">Le Laboratoire de Chimie<\/span> <span style=\"color: #7d706d;\">Au Coll\u00e8ge Notre Dame de Louaiz\u00e9, le laboratoire de chimie est une installation de pointe con\u00e7ue pour inspirer l'innovation et la d\u00e9couverte. \u00c9quip\u00e9 d'instruments scientifiques de pointe, de mesures de s\u00e9curit\u00e9 modernes et d'outils d'apprentissage interactifs, notre laboratoire offre aux apprenants une exp\u00e9rience pratique en chimie analytique, en chimie organique et inorganique, ainsi qu'en concepts de g\u00e9nie chimique.<\/span><\/span><\/p>\n\n\t\t<\/div>\n\t<\/div>\n<\/div><\/div><\/div><div class=\"wpb_animate_when_almost_visible wpb_fadeInLeftBig fadeInLeftBig wpb_column vc_column_container vc_col-sm-6 vc_hidden-xs\"><div class=\"vc_column-inner\"><div class=\"wpb_wrapper\"><div class=\"vc_empty_space\"   style=\"height: 32px\"><span class=\"vc_empty_space_inner\"><\/span><\/div>\n\t<div  class=\"wpb_single_image wpb_content_element vc_align_left wpb_content_element  image-borderRadius\">\n\t\t\n\t\t<figure class=\"wpb_wrapper vc_figure\">\n\t\t\t<div class=\"vc_single_image-wrapper   vc_box_border_grey\"><img decoding=\"async\" class=\"vc_single_image-img\" src=\"https:\/\/www.cndl.edu.lb\/wp-content\/uploads\/2025\/03\/WhatsApp-Image-2025-03-12-at-17.12.34-700x500.jpeg\" width=\"700\" height=\"500\" alt=\"\" title=\"\" loading=\"lazy\" \/><\/div>\n\t\t<\/figure>\n\t<\/div>\n<\/div><\/div><\/div><\/div><div class=\"vc_row wpb_row vc_row-fluid vc_custom_1741791261988\"><div class=\"wpb_column vc_column_container vc_col-sm-6 vc_hidden-lg vc_hidden-md vc_hidden-sm\"><div class=\"vc_column-inner\"><div class=\"wpb_wrapper\">\n<div class=\"stm-single-image-wrapper  stm-single-image_left\">\n\t\t<div class=\"stm-single-image\"><img decoding=\"async\" class=\"\" src=\"https:\/\/www.cndl.edu.lb\/wp-content\/uploads\/2025\/03\/WhatsApp-Image-2025-03-12-at-17.12.34-755x562.jpeg\" width=\"755\" height=\"562\" alt=\"\" title=\"\" loading=\"lazy\" \/><\/div>\n<\/div>\n<div class=\"stm-spacing\" id=\"stm-spacing-69f164483a8c7\"><\/div>\n<script>\n\t(function($){\n\t\t\"use strict\";\n\t\tvar spacingID = 'stm-spacing-69f164483a8c7',\n\t\t\t  lgSpacing = '',\n\t\t\t  mdSpacing = '',\n\t\t\t  smSpacing = '30px',\n\t\t\t  xsSpacing = '30px';\n\n\t\tfunction smartySpacing() {\n\t\t\tif ( window.matchMedia(\"(min-width: 1200px)\").matches && lgSpacing ) {\n\t\t\t\t$( '#' + spacingID ).css ( \"height\", lgSpacing );\n\t\t\t} else if ( window.matchMedia(\"(max-width: 1199px) and (min-width: 992px )\").matches && mdSpacing ) {\n\t\t\t\t$( '#' + spacingID ).css ( \"height\", mdSpacing );\n\t\t\t} else if ( window.matchMedia(\"(max-width: 991px) and (min-width: 768px )\").matches && smSpacing ) {\n\t\t\t\t$( '#' + spacingID ).css ( \"height\", smSpacing );\n\t\t\t} else if ( window.matchMedia(\"(max-width: 767px)\").matches && xsSpacing ) {\n\t\t\t\t$( '#' + spacingID ).css ( \"height\", xsSpacing );\n\t\t\t} else {\n\t\t\t\t$( '#' + spacingID ).css ( \"height\", \"\" );\n\t\t\t}\n\t\t}\n\n\t\t$(document).ready(function() {\n\t\t\tsmartySpacing();\n\t\t});\n\n\t\t$(window).resize(function() {\n\t\t\tsmartySpacing();\n\t\t});\n\n\t})(jQuery);\n<\/script>\n\n<\/div><\/div><\/div><div class=\"wpb_column vc_column_container vc_col-sm-6 vc_hidden-lg vc_hidden-md vc_hidden-sm\"><div class=\"vc_column-inner\"><div class=\"wpb_wrapper\">\n\t<div class=\"wpb_text_column wpb_content_element wpb_animate_when_almost_visible wpb_fadeInLeftBig fadeInLeftBig\" >\n\t\t<div class=\"wpb_wrapper\">\n\t\t\t<p class=\"p1\" style=\"font-family: 'montserrat';\"><span style=\"font-size: 19px;\"><span style=\"color: #1a428a;\">Le Laboratoire de Chimie<\/span><span style=\"color: #7d706d;\"> at Coll\u00e8ge Notre Dame de Louaiz\u00e9 is a cutting-edge facility designed to inspire innovation and discovery. Equipped with state-of-the-art scientific instruments, modern safety measures, and interactive learning tools, our laboratory provides students with hands-on experience in analytical chemistry, organic and inorganic chemistry, and chemical engineering concepts.<\/span><\/span><\/p>\n\n\t\t<\/div>\n\t<\/div>\n<\/div><\/div><\/div><\/div><div class=\"vc_row wpb_row vc_row-fluid vc_custom_1741791268294\"><div class=\"wpb_animate_when_almost_visible wpb_fadeInRightBig fadeInRightBig wpb_column vc_column_container vc_col-sm-6\"><div class=\"vc_column-inner\"><div class=\"wpb_wrapper\">\n\t<div  class=\"wpb_single_image wpb_content_element vc_align_left wpb_content_element  image-borderRadius\">\n\t\t\n\t\t<figure class=\"wpb_wrapper vc_figure\">\n\t\t\t<div class=\"vc_single_image-wrapper   vc_box_border_grey\"><img decoding=\"async\" class=\"vc_single_image-img\" src=\"https:\/\/www.cndl.edu.lb\/wp-content\/uploads\/2025\/03\/WhatsApp-Image-2025-03-12-at-17.06.11-700x500.jpeg\" width=\"700\" height=\"500\" alt=\"\" title=\"\" loading=\"lazy\" \/><\/div>\n\t\t<\/figure>\n\t<\/div>\n<div class=\"stm-spacing\" id=\"stm-spacing-69f164483b815\"><\/div>\n<script>\n\t(function($){\n\t\t\"use strict\";\n\t\tvar spacingID = 'stm-spacing-69f164483b815',\n\t\t\t  lgSpacing = '',\n\t\t\t  mdSpacing = '',\n\t\t\t  smSpacing = '30px',\n\t\t\t  xsSpacing = '30px';\n\n\t\tfunction smartySpacing() {\n\t\t\tif ( window.matchMedia(\"(min-width: 1200px)\").matches && lgSpacing ) {\n\t\t\t\t$( '#' + spacingID ).css ( \"height\", lgSpacing );\n\t\t\t} else if ( window.matchMedia(\"(max-width: 1199px) and (min-width: 992px )\").matches && mdSpacing ) {\n\t\t\t\t$( '#' + spacingID ).css ( \"height\", mdSpacing );\n\t\t\t} else if ( window.matchMedia(\"(max-width: 991px) and (min-width: 768px )\").matches && smSpacing ) {\n\t\t\t\t$( '#' + spacingID ).css ( \"height\", smSpacing );\n\t\t\t} else if ( window.matchMedia(\"(max-width: 767px)\").matches && xsSpacing ) {\n\t\t\t\t$( '#' + spacingID ).css ( \"height\", xsSpacing );\n\t\t\t} else {\n\t\t\t\t$( '#' + spacingID ).css ( \"height\", \"\" );\n\t\t\t}\n\t\t}\n\n\t\t$(document).ready(function() {\n\t\t\tsmartySpacing();\n\t\t});\n\n\t\t$(window).resize(function() {\n\t\t\tsmartySpacing();\n\t\t});\n\n\t})(jQuery);\n<\/script>\n\n<\/div><\/div><\/div><div class=\"wpb_column vc_column_container vc_col-sm-6\"><div class=\"vc_column-inner\"><div class=\"wpb_wrapper\"><div class=\"stm-spacing\" id=\"stm-spacing-69f164483bba0\"><\/div>\n<script>\n\t(function($){\n\t\t\"use strict\";\n\t\tvar spacingID = 'stm-spacing-69f164483bba0',\n\t\t\t  lgSpacing = '100px',\n\t\t\t  mdSpacing = '100px',\n\t\t\t  smSpacing = '',\n\t\t\t  xsSpacing = '';\n\n\t\tfunction smartySpacing() {\n\t\t\tif ( window.matchMedia(\"(min-width: 1200px)\").matches && lgSpacing ) {\n\t\t\t\t$( '#' + spacingID ).css ( \"height\", lgSpacing );\n\t\t\t} else if ( window.matchMedia(\"(max-width: 1199px) and (min-width: 992px )\").matches && mdSpacing ) {\n\t\t\t\t$( '#' + spacingID ).css ( \"height\", mdSpacing );\n\t\t\t} else if ( window.matchMedia(\"(max-width: 991px) and (min-width: 768px )\").matches && smSpacing ) {\n\t\t\t\t$( '#' + spacingID ).css ( \"height\", smSpacing );\n\t\t\t} else if ( window.matchMedia(\"(max-width: 767px)\").matches && xsSpacing ) {\n\t\t\t\t$( '#' + spacingID ).css ( \"height\", xsSpacing );\n\t\t\t} else {\n\t\t\t\t$( '#' + spacingID ).css ( \"height\", \"\" );\n\t\t\t}\n\t\t}\n\n\t\t$(document).ready(function() {\n\t\t\tsmartySpacing();\n\t\t});\n\n\t\t$(window).resize(function() {\n\t\t\tsmartySpacing();\n\t\t});\n\n\t})(jQuery);\n<\/script>\n\n\n\t<div class=\"wpb_text_column wpb_content_element wpb_animate_when_almost_visible wpb_fadeInRightBig fadeInRightBig\" >\n\t\t<div class=\"wpb_wrapper\">\n\t\t\t<p class=\"p1\" style=\"font-family: 'montserrat';\"><span style=\"font-size: 21px;\"><span style=\"color: #1a428a;\">Le Laboratoire de Physique<\/span> <span style=\"color: #7d706d;\">Au Coll\u00e8ge Notre Dame de Louaiz\u00e9, le laboratoire de physique est un espace d'apprentissage de pointe con\u00e7u pour am\u00e9liorer la compr\u00e9hension des \u00e9l\u00e8ves en m\u00e9canique, \u00e9lectromagn\u00e9tisme, optique, thermodynamique et physique moderne. \u00c9quip\u00e9 d'instruments scientifiques avanc\u00e9s, de capteurs num\u00e9riques et d'outils de simulation interactifs, notre laboratoire offre des exp\u00e9riences pratiques qui donnent vie aux concepts th\u00e9oriques de la physique.<\/span><\/span><\/p>\n\n\t\t<\/div>\n\t<\/div>\n<\/div><\/div><\/div><\/div><div class=\"vc_row wpb_row vc_row-fluid vc_custom_1741791290783\"><div class=\"wpb_column vc_column_container vc_col-sm-6 vc_hidden-lg vc_hidden-md vc_hidden-sm\"><div class=\"vc_column-inner\"><div class=\"wpb_wrapper\">\n<div class=\"stm-single-image-wrapper  stm-single-image_left\">\n\t\t<div class=\"stm-single-image\"><img decoding=\"async\" class=\"\" src=\"https:\/\/www.cndl.edu.lb\/wp-content\/uploads\/2025\/03\/WhatsApp-Image-2025-03-12-at-16.58.51-755x562.jpeg\" width=\"755\" height=\"562\" alt=\"\" title=\"\" loading=\"lazy\" \/><\/div>\n<\/div>\n<div class=\"stm-spacing\" id=\"stm-spacing-69f164483c97e\"><\/div>\n<script>\n\t(function($){\n\t\t\"use strict\";\n\t\tvar spacingID = 'stm-spacing-69f164483c97e',\n\t\t\t  lgSpacing = '',\n\t\t\t  mdSpacing = '',\n\t\t\t  smSpacing = '30px',\n\t\t\t  xsSpacing = '30px';\n\n\t\tfunction smartySpacing() {\n\t\t\tif ( window.matchMedia(\"(min-width: 1200px)\").matches && lgSpacing ) {\n\t\t\t\t$( '#' + spacingID ).css ( \"height\", lgSpacing );\n\t\t\t} else if ( window.matchMedia(\"(max-width: 1199px) and (min-width: 992px )\").matches && mdSpacing ) {\n\t\t\t\t$( '#' + spacingID ).css ( \"height\", mdSpacing );\n\t\t\t} else if ( window.matchMedia(\"(max-width: 991px) and (min-width: 768px )\").matches && smSpacing ) {\n\t\t\t\t$( '#' + spacingID ).css ( \"height\", smSpacing );\n\t\t\t} else if ( window.matchMedia(\"(max-width: 767px)\").matches && xsSpacing ) {\n\t\t\t\t$( '#' + spacingID ).css ( \"height\", xsSpacing );\n\t\t\t} else {\n\t\t\t\t$( '#' + spacingID ).css ( \"height\", \"\" );\n\t\t\t}\n\t\t}\n\n\t\t$(document).ready(function() {\n\t\t\tsmartySpacing();\n\t\t});\n\n\t\t$(window).resize(function() {\n\t\t\tsmartySpacing();\n\t\t});\n\n\t})(jQuery);\n<\/script>\n\n<\/div><\/div><\/div><div class=\"wpb_column vc_column_container vc_col-sm-6 vc_hidden-lg vc_hidden-md vc_hidden-sm\"><div class=\"vc_column-inner\"><div class=\"wpb_wrapper\">\n\t<div class=\"wpb_text_column wpb_content_element wpb_animate_when_almost_visible wpb_fadeInLeftBig fadeInLeftBig\" >\n\t\t<div class=\"wpb_wrapper\">\n\t\t\t<p class=\"p1\" style=\"font-family: 'montserrat';\"><span style=\"font-size: 19px;\"><span style=\"color: #1a428a;\">Le Laboratoire TIC<\/span> <span style=\"color: #7d706d;\">at Coll\u00e8ge Notre Dame de Louaiz\u00e9 is a cutting-edge learning hub designed to equip students with essential digital literacy, programming, cybersecurity, and artificial intelligence skills. With high-performance computers, interactive learning software, and cloud-based collaboration tools, our ICT Lab fosters an environment where students develop 21st-century tech competencies crucial for success in the digital world.<\/span><\/span><\/p>\n\n\t\t<\/div>\n\t<\/div>\n<\/div><\/div><\/div><\/div><div class=\"vc_row wpb_row vc_row-fluid\"><div class=\"wpb_column vc_column_container vc_col-sm-6 vc_hidden-xs\"><div class=\"vc_column-inner\"><div class=\"wpb_wrapper\"><div class=\"stm-spacing\" id=\"stm-spacing-69f164483cfb2\"><\/div>\n<script>\n\t(function($){\n\t\t\"use strict\";\n\t\tvar spacingID = 'stm-spacing-69f164483cfb2',\n\t\t\t  lgSpacing = '100px',\n\t\t\t  mdSpacing = '100px',\n\t\t\t  smSpacing = '',\n\t\t\t  xsSpacing = '';\n\n\t\tfunction smartySpacing() {\n\t\t\tif ( window.matchMedia(\"(min-width: 1200px)\").matches && lgSpacing ) {\n\t\t\t\t$( '#' + spacingID ).css ( \"height\", lgSpacing );\n\t\t\t} else if ( window.matchMedia(\"(max-width: 1199px) and (min-width: 992px )\").matches && mdSpacing ) {\n\t\t\t\t$( '#' + spacingID ).css ( \"height\", mdSpacing );\n\t\t\t} else if ( window.matchMedia(\"(max-width: 991px) and (min-width: 768px )\").matches && smSpacing ) {\n\t\t\t\t$( '#' + spacingID ).css ( \"height\", smSpacing );\n\t\t\t} else if ( window.matchMedia(\"(max-width: 767px)\").matches && xsSpacing ) {\n\t\t\t\t$( '#' + spacingID ).css ( \"height\", xsSpacing );\n\t\t\t} else {\n\t\t\t\t$( '#' + spacingID ).css ( \"height\", \"\" );\n\t\t\t}\n\t\t}\n\n\t\t$(document).ready(function() {\n\t\t\tsmartySpacing();\n\t\t});\n\n\t\t$(window).resize(function() {\n\t\t\tsmartySpacing();\n\t\t});\n\n\t})(jQuery);\n<\/script>\n\n\n\t<div class=\"wpb_text_column wpb_content_element wpb_animate_when_almost_visible wpb_fadeInLeftBig fadeInLeftBig\" >\n\t\t<div class=\"wpb_wrapper\">\n\t\t\t<p class=\"p1\" style=\"font-family: 'montserrat';\"><span style=\"font-size: 21px;\"><span style=\"color: #1a428a;\">Le Laboratoire TIC<\/span><span style=\"color: #7d706d;\"> Au Coll\u00e8ge Notre Dame de Louaiz\u00e9, le laboratoire TIC est un centre d'apprentissage de pointe con\u00e7u pour doter les apprenants de comp\u00e9tences essentielles en litt\u00e9ratie num\u00e9rique, en programmation, en cybers\u00e9curit\u00e9 et en intelligence artificielle. \u00c9quip\u00e9 d'ordinateurs haute performance, de logiciels d'apprentissage interactifs et d'outils de collaboration bas\u00e9s sur le cloud, notre laboratoire TIC favorise un environnement o\u00f9 les apprenants d\u00e9veloppent des comp\u00e9tences technologiques du 21e si\u00e8cle cruciales pour r\u00e9ussir dans le monde num\u00e9rique.<\/span><\/span><\/p>\n\n\t\t<\/div>\n\t<\/div>\n<\/div><\/div><\/div><div class=\"wpb_animate_when_almost_visible wpb_fadeInLeftBig fadeInLeftBig wpb_column vc_column_container vc_col-sm-6 vc_hidden-xs\"><div class=\"vc_column-inner\"><div class=\"wpb_wrapper\"><div class=\"vc_empty_space\"   style=\"height: 32px\"><span class=\"vc_empty_space_inner\"><\/span><\/div>\n\t<div  class=\"wpb_single_image wpb_content_element vc_align_left wpb_content_element  image-borderRadius\">\n\t\t\n\t\t<figure class=\"wpb_wrapper vc_figure\">\n\t\t\t<div class=\"vc_single_image-wrapper   vc_box_border_grey\"><img decoding=\"async\" class=\"vc_single_image-img\" src=\"https:\/\/www.cndl.edu.lb\/wp-content\/uploads\/2025\/03\/WhatsApp-Image-2025-03-12-at-16.58.51-700x500.jpeg\" width=\"700\" height=\"500\" alt=\"\" title=\"\" loading=\"lazy\" \/><\/div>\n\t\t<\/figure>\n\t<\/div>\n<\/div><\/div><\/div><\/div><div class=\"vc_row wpb_row vc_row-fluid\"><div class=\"wpb_column vc_column_container vc_col-sm-12\"><div class=\"vc_column-inner\"><div class=\"wpb_wrapper\"><div class=\"vc_empty_space\"   style=\"height: 40px\"><span class=\"vc_empty_space_inner\"><\/span><\/div><\/div><\/div><\/div><\/div>\n<\/div>","protected":false},"excerpt":{"rendered":"Explore All Our Labs The Biology Lab at Coll\u00e8ge Notre Dame de Louaiz\u00e9 is a state-of-the-art facility designed to foster scientific exploration and hands-on learning. Equipped with modern microscopes, advanced [...]","protected":false},"author":1,"featured_media":0,"parent":0,"menu_order":0,"comment_status":"closed","ping_status":"closed","template":"","meta":{"footnotes":""},"class_list":["post-3769","page","type-page","status-publish","hentry"],"_links":{"self":[{"href":"https:\/\/www.cndl.edu.lb\/fr\/wp-json\/wp\/v2\/pages\/3769","targetHints":{"allow":["GET"]}}],"collection":[{"href":"https:\/\/www.cndl.edu.lb\/fr\/wp-json\/wp\/v2\/pages"}],"about":[{"href":"https:\/\/www.cndl.edu.lb\/fr\/wp-json\/wp\/v2\/types\/page"}],"author":[{"embeddable":true,"href":"https:\/\/www.cndl.edu.lb\/fr\/wp-json\/wp\/v2\/users\/1"}],"replies":[{"embeddable":true,"href":"https:\/\/www.cndl.edu.lb\/fr\/wp-json\/wp\/v2\/comments?post=3769"}],"version-history":[{"count":43,"href":"https:\/\/www.cndl.edu.lb\/fr\/wp-json\/wp\/v2\/pages\/3769\/revisions"}],"predecessor-version":[{"id":6653,"href":"https:\/\/www.cndl.edu.lb\/fr\/wp-json\/wp\/v2\/pages\/3769\/revisions\/6653"}],"wp:attachment":[{"href":"https:\/\/www.cndl.edu.lb\/fr\/wp-json\/wp\/v2\/media?parent=3769"}],"curies":[{"name":"wp","href":"https:\/\/api.w.org\/{rel}","templated":true}]}}