{"id":3762,"date":"2025-03-05T10:08:19","date_gmt":"2025-03-05T10:08:19","guid":{"rendered":"https:\/\/cndl.edu.lb\/?page_id=3762"},"modified":"2025-09-23T13:43:46","modified_gmt":"2025-09-23T10:43:46","slug":"libraries","status":"publish","type":"page","link":"https:\/\/www.cndl.edu.lb\/fr\/libraries\/","title":{"rendered":"Biblioth\u00e8ques"},"content":{"rendered":"<div class=\"wpb-content-wrapper\"><div class=\"vc_row wpb_row vc_row-fluid\"><div class=\"wpb_column vc_column_container vc_col-sm-12\"><div class=\"vc_column-inner\"><div class=\"wpb_wrapper\"><div class=\"vc_empty_space\"   style=\"height: 50px\"><span class=\"vc_empty_space_inner\"><\/span><\/div><h3 class=\"stm-title stm-font_color_dark-blue stm-title_sep_bottom\" style=\"text-align:left\">\n\nLa Biblioth\u00e8que Centre de Documentation (BCD)\n<\/h3>\n\t<div class=\"stm-subtitle stm-font_color_dark-blue\" style=\"text-align:left\">\n\t\t<span style=\"color: #7d706d; font-size: 17px; font-family: montserrat;\">La BCD du cycle 2 est un lieu d'apprentissage et de d\u00e9couverte o\u00f9 les \u00e9l\u00e8ves d\u00e9veloppent leur autonomie en tant que lecteurs et chercheurs. Tous les 15 jours, chaque classe emprunte des livres, \u00e9coute des histoires captivantes et m\u00e8ne des recherches documentaires. La BCD joue un r\u00f4le central dans les projets p\u00e9dagogiques en proposant des animations enrichissantes.<\/span>\t<\/div>\n<div class=\"vc_empty_space\"   style=\"height: 25px\"><span class=\"vc_empty_space_inner\"><\/span><\/div><h3 class=\"stm-title stm-font_color_dark-blue stm-title_sep_bottom\" style=\"text-align:left\">\n\nLe Centre de Documentation et d'Information (CDI)\n<\/h3>\n\t<div class=\"stm-subtitle stm-font_color_dark-blue\" style=\"text-align:left\">\n\t\t<span style=\"font-size: 17px; color: #7d706d; font-family: montserrat;\">Le CDI du CNDL, r\u00e9nov\u00e9 en 2014-2015, est un espace de plus de 180 m\u00b2 d\u00e9di\u00e9 \u00e0 l'apprentissage et \u00e0 la recherche. Il offre une riche collection de ressources documentaires et des outils technologiques de pointe. Le CDI organise des ateliers de recherche documentaire et des activit\u00e9s culturelles, encourageant les \u00e9l\u00e8ves \u00e0 s'exprimer et \u00e0 \u00e9largir leurs horizons.<\/span>\t<\/div>\n<div class=\"vc_empty_space\"   style=\"height: 25px\"><span class=\"vc_empty_space_inner\"><\/span><\/div><h3 class=\"stm-title stm-font_color_dark-blue stm-title_sep_bottom\" style=\"text-align:left\">\n\nLa Biblioth\u00e8que de la Section Anglaise\n<\/h3>\n\t<div class=\"stm-subtitle stm-font_color_dark-blue\" style=\"text-align:left\">\n\t\t<span style=\"font-size: 17px; color: #7d706d; font-family: montserrat;\">La biblioth\u00e8que de la section anglaise soutient les \u00e9tudiants du Grade 4 au Grade 12 avec une vaste collection de livres et de ressources trilingues. Elle est un hub d'apprentissage dynamique, favorisant la lecture, la recherche et les activit\u00e9s cr\u00e9atives. Les \u00e9l\u00e8ves ont acc\u00e8s \u00e0 des ressources en ligne et \u00e0 des espaces d\u00e9di\u00e9s \u00e0 l'\u00e9tude et \u00e0 l'exploration.<\/span>\t<\/div>\n<\/div><\/div><\/div><\/div><div class=\"vc_row wpb_row vc_row-fluid\"><div class=\"wpb_column vc_column_container vc_col-sm-12\"><div class=\"vc_column-inner\"><div class=\"wpb_wrapper\"><div class=\"vc_empty_space\"   style=\"height: 30px\"><span class=\"vc_empty_space_inner\"><\/span><\/div><\/div><\/div><\/div><\/div><div class=\"vc_row wpb_row vc_row-fluid\"><div class=\"wpb_column vc_column_container vc_col-sm-12\"><div class=\"vc_column-inner\"><div class=\"wpb_wrapper\">\n\t<div class=\"wpb_raw_code wpb_raw_html wpb_content_element\" >\n\t\t<div class=\"wpb_wrapper\">\n\t\t\t<style>\n.full-width-scroll {\n  position: relative;\n  left: 50%;\n  right: 50%;\n  margin-left: -50vw;\n  margin-right: -50vw;\n  width: 100vw;\n  overflow-x: auto;\n  white-space: nowrap;\n  cursor: grab;\n  user-select: none;\n  padding: 0;\n  box-sizing: border-box;\n  scrollbar-width: none;\n  -ms-overflow-style: none;\n}\n\n.full-width-scroll::-webkit-scrollbar {\n  display: none;\n}\n\n\/* Image container *\/\n.image-container {\n  position: relative;\n  display: inline-block;\n  height: 235px; \/* Slightly larger *\/\n  width: auto;\n  margin-right: 0; \/* No gap *\/\n}\n\n.image-container img {\n  height: 235px;\n  object-fit: cover;\n  display: block;\n  transition: transform 0.3s ease;\n  vertical-align: top;\n  border-radius: 4px;\n}\n\n.image-container:hover img {\n  transform: scale(1.04);\n}\n\n\/* Overlay *\/\n.image-overlay {\n  position: absolute;\n  top: 0;\n  left: 0;\n  height: 100%;\n  width: 100%;\n  background-color: rgba(0,0,0,0.6);\n  color: white;\n  opacity: 0;\n  transition: opacity 0.3s ease, transform 0.3s ease;\n  padding: 20px;\n  box-sizing: border-box;\n  display: flex;\n  flex-direction: column;\n  justify-content: start;\n  border-radius: 4px;\n}\n\n.image-container:hover .image-overlay {\n  opacity: 1;\ntransform: scale(1.04);\n}\n\n\/* Overlay text *\/\n.image-overlay .title {\n  font-weight: bold;\n  font-size: 1.2em;\n  margin-bottom: 4px;\n}\n\n.image-overlay .date {\n  font-size: 0.9em;\n  margin-bottom: 6px;\n  opacity: 0.8;\n}\n\n.image-overlay .description {\n  font-size: 0.85em;\n  line-height: 1.2em;\n  opacity: 0.9;\n}\n<\/style>\n\n\n\n\n<div class=\"full-width-scroll\" id=\"drag-scroll\">\n  <div class=\"image-container\">\n    <img decoding=\"async\" src=\"https:\/\/cndl.edu.lb\/wp-content\/uploads\/2025\/03\/NSN_8827-scaled.jpg\" alt=\"Image 1\">\n    <!--\n    <div class=\"image-overlay\">\n      <div class=\"title\">Graduation Day<\/div>\n      <div class=\"date\">July 15, 2025<\/div>\n      <div class=\"description\">Celebrating our hard work and success.<\/div>\n    <\/div>\n    -->\n  <\/div>\n\n  <div class=\"image-container\">\n    <img decoding=\"async\" src=\"https:\/\/cndl.edu.lb\/wp-content\/uploads\/2025\/03\/NSN_8825-scaled.jpg\" alt=\"Image 2\">\n     <!--\n    <div class=\"image-overlay\">\n      <div class=\"title\">Graduation Day<\/div>\n      <div class=\"date\">July 15, 2025<\/div>\n      <div class=\"description\">Celebrating our hard work and success.<\/div>\n    <\/div>\n     -->\n  <\/div>\n\n  <div class=\"image-container\">\n    <img decoding=\"async\" src=\"https:\/\/cndl.edu.lb\/wp-content\/uploads\/2025\/03\/NSN_8823-scaled.jpg\" alt=\"Image 3\">\n    <!--\n    <div class=\"image-overlay\">\n      <div class=\"title\">Graduation Day<\/div>\n      <div class=\"date\">July 15, 2025<\/div>\n      <div class=\"description\">Celebrating our hard work and success.<\/div>\n    <\/div>\n    -->\n  <\/div>\n\n  <div class=\"image-container\">\n    <img decoding=\"async\" src=\"https:\/\/cndl.edu.lb\/wp-content\/uploads\/2025\/03\/NSN_8806-scaled.jpg\" alt=\"Image 4\">\n    <!--\n    <div class=\"image-overlay\">\n      <div class=\"title\">Graduation Day<\/div>\n      <div class=\"date\">July 15, 2025<\/div>\n      <div class=\"description\">Celebrating our hard work and success.<\/div>\n    <\/div>\n    -->\n  <\/div>\n\n  <div class=\"image-container\">\n    <img decoding=\"async\" src=\"https:\/\/cndl.edu.lb\/wp-content\/uploads\/2025\/03\/NSN_8803-scaled.jpg\" alt=\"Image 5\">\n    <!--\n    <div class=\"image-overlay\">\n      <div class=\"title\">Graduation Day<\/div>\n      <div class=\"date\">July 15, 2025<\/div>\n      <div class=\"description\">Celebrating our hard work and success.<\/div>\n    <\/div>\n    -->\n  <\/div>\n\n  <div class=\"image-container\">\n    <img decoding=\"async\" src=\"https:\/\/cndl.edu.lb\/wp-content\/uploads\/2025\/03\/NSN_8801-scaled.jpg\" alt=\"Image 6\">\n    <!--\n    <div class=\"image-overlay\">\n      <div class=\"title\">Graduation Day<\/div>\n      <div class=\"date\">July 15, 2025<\/div>\n      <div class=\"description\">Celebrating our hard work and success.<\/div>\n    <\/div>\n    -->\n  <\/div>\n\n  <div class=\"image-container\">\n    <img decoding=\"async\" src=\"https:\/\/cndl.edu.lb\/wp-content\/uploads\/2025\/03\/NSN_8799-scaled.jpg\" alt=\"Image 7\">\n    <!--\n    <div class=\"image-overlay\">\n      <div class=\"title\">Graduation Day<\/div>\n      <div class=\"date\">July 15, 2025<\/div>\n      <div class=\"description\">Celebrating our hard work and success.<\/div>\n    <\/div>\n    -->\n  <\/div>\n\n  <div class=\"image-container\">\n    <img decoding=\"async\" src=\"https:\/\/cndl.edu.lb\/wp-content\/uploads\/2025\/03\/NSN_8796-scaled.jpg\" alt=\"Image 8\">\n        <!--\n    <div class=\"image-overlay\">\n      <div class=\"title\">Graduation Day<\/div>\n      <div class=\"date\">July 15, 2025<\/div>\n      <div class=\"description\">Celebrating our hard work and success.<\/div>\n    <\/div>\n       -->\n  <\/div>\n\n  <div class=\"image-container\">\n    <img decoding=\"async\" src=\"https:\/\/cndl.edu.lb\/wp-content\/uploads\/2025\/03\/NSN7026-scaled.jpg\" alt=\"Image 8\">\n        <!--\n    <div class=\"image-overlay\">\n      <div class=\"title\">Graduation Day<\/div>\n      <div class=\"date\">July 15, 2025<\/div>\n      <div class=\"description\">Celebrating our hard work and success.<\/div>\n    <\/div>\n       -->\n  <\/div>\n<\/div>\n\n\n\t\t<\/div>\n\t<\/div>\n<\/div><\/div><\/div><\/div><div class=\"vc_row wpb_row vc_row-fluid\"><div class=\"wpb_column vc_column_container vc_col-sm-12\"><div class=\"vc_column-inner\"><div class=\"wpb_wrapper\"><div class=\"vc_empty_space\"   style=\"height: 35px\"><span class=\"vc_empty_space_inner\"><\/span><\/div><\/div><\/div><\/div><\/div>\n<\/div>","protected":false},"excerpt":{"rendered":"The Library Documentation Center (BCD) The BCD of cycle 2 is a place of learning and discovery where learners develop their autonomy as readers and researchers. Every 15 days, each [...]","protected":false},"author":1,"featured_media":0,"parent":0,"menu_order":0,"comment_status":"closed","ping_status":"closed","template":"","meta":{"footnotes":""},"class_list":["post-3762","page","type-page","status-publish","hentry"],"_links":{"self":[{"href":"https:\/\/www.cndl.edu.lb\/fr\/wp-json\/wp\/v2\/pages\/3762","targetHints":{"allow":["GET"]}}],"collection":[{"href":"https:\/\/www.cndl.edu.lb\/fr\/wp-json\/wp\/v2\/pages"}],"about":[{"href":"https:\/\/www.cndl.edu.lb\/fr\/wp-json\/wp\/v2\/types\/page"}],"author":[{"embeddable":true,"href":"https:\/\/www.cndl.edu.lb\/fr\/wp-json\/wp\/v2\/users\/1"}],"replies":[{"embeddable":true,"href":"https:\/\/www.cndl.edu.lb\/fr\/wp-json\/wp\/v2\/comments?post=3762"}],"version-history":[{"count":41,"href":"https:\/\/www.cndl.edu.lb\/fr\/wp-json\/wp\/v2\/pages\/3762\/revisions"}],"predecessor-version":[{"id":6651,"href":"https:\/\/www.cndl.edu.lb\/fr\/wp-json\/wp\/v2\/pages\/3762\/revisions\/6651"}],"wp:attachment":[{"href":"https:\/\/www.cndl.edu.lb\/fr\/wp-json\/wp\/v2\/media?parent=3762"}],"curies":[{"name":"wp","href":"https:\/\/api.w.org\/{rel}","templated":true}]}}