{"id":3652,"date":"2025-01-28T11:54:53","date_gmt":"2025-01-28T11:54:53","guid":{"rendered":"https:\/\/cndl.edu.lb\/?page_id=3652"},"modified":"2025-09-23T10:42:00","modified_gmt":"2025-09-23T07:42:00","slug":"mission-and-vision","status":"publish","type":"page","link":"https:\/\/www.cndl.edu.lb\/fr\/mission-and-vision\/","title":{"rendered":"Mission et Vision"},"content":{"rendered":"<div class=\"wpb-content-wrapper\"><div class=\"vc_row wpb_row vc_row-fluid\"><div class=\"wpb_column vc_column_container vc_col-sm-12\"><div class=\"vc_column-inner\"><div class=\"wpb_wrapper\"><div class=\"vc_empty_space\"   style=\"height: 40px\"><span class=\"vc_empty_space_inner\"><\/span><\/div><\/div><\/div><\/div><\/div><div class=\"vc_row wpb_row vc_row-fluid\"><div class=\"wpb_animate_when_almost_visible wpb_fadeInLeftBig fadeInLeftBig wpb_column vc_column_container vc_col-sm-8\"><div class=\"vc_column-inner\"><div class=\"wpb_wrapper\"><div class=\"vc_empty_space\"   style=\"height: 50px\"><span class=\"vc_empty_space_inner\"><\/span><\/div><h1 class=\"stm-title stm-font_color_dark-blue stm-title_sep_bottom\" style=\"text-align:left;font-size:30px\">\n\nMission\n<\/h1>\n\t<div class=\"stm-separator stm-clearfix stm-separator_type_title stm-separator_has_subtitle\" >\n\t\t<div class=\"stm-separator__line stm-border-b_color_dark-blue\" ><\/div>\n\t<\/div>\n\t<div class=\"stm-subtitle stm-font_color_dark-blue\" style=\"text-align:left\">\n\t\t<span style=\"color: #7d706d; font-family: montserrat; font-size: 15px;\">Le Coll\u00e8ge Notre Dame de Louaiz\u00e9 est une \u00e9cole maronite anglophone et francophone qui offre une \u00e9ducation de qualit\u00e9 accessible \u00e0 tous, quels que soient leurs origines et milieux. En maintenant un haut niveau d'excellence, l'\u00e9cole encourage les \u00e9l\u00e8ves \u00e0 devenir des citoyens responsables et \u00e9quilibr\u00e9s, tant sur le plan acad\u00e9mique que social, environnemental et spirituel.<\/span>\t<\/div>\n<\/div><\/div><\/div><div class=\"wpb_column vc_column_container vc_col-sm-4\"><div class=\"vc_column-inner\"><div class=\"wpb_wrapper\"><div class=\"vc_empty_space\"   style=\"height: 30px\"><span class=\"vc_empty_space_inner\"><\/span><\/div>\n\t<div class=\"wpb_raw_code wpb_raw_html wpb_content_element\" >\n\t\t<div class=\"wpb_wrapper\">\n\t\t\t<div id=\"metaslider-id-6117\" style=\"max-width: 600px;\" class=\"ml-slider-3-99-0 metaslider metaslider-flex metaslider-6117 ml-slider ms-theme-default-base nav-hidden\" role=\"region\" aria-label=\"New Slideshow\" data-width=\"600\">\n    <div id=\"metaslider_container_6117\">\n        <div id=\"metaslider_6117\">\n            <ul class='slides'>\n                <li style=\"display: block; width: 100%;\" class=\"slide-6118 ms-image\" aria-roledescription=\"slide\" data-date=\"2025-09-02 12:53:00\"><img loading=\"lazy\" decoding=\"async\" src=\"https:\/\/www.cndl.edu.lb\/wp-content\/uploads\/2025\/09\/20250826121517_00006.jpg\" height=\"500\" width=\"600\" alt=\"\" class=\"slider-6117 slide-6118 msDefaultImage\" title=\"20250826121517_00006\" \/><\/li>\n                <li style=\"display: none; width: 100%;\" class=\"slide-6119 ms-image\" aria-roledescription=\"slide\" data-date=\"2025-09-02 12:53:00\"><img loading=\"lazy\" decoding=\"async\" src=\"https:\/\/www.cndl.edu.lb\/wp-content\/uploads\/2025\/09\/20250826121517_00003.jpg\" height=\"500\" width=\"600\" alt=\"\" class=\"slider-6117 slide-6119 msDefaultImage\" title=\"20250826121517_00003\" \/><\/li>\n                <li style=\"display: none; width: 100%;\" class=\"slide-6120 ms-image\" aria-roledescription=\"slide\" data-date=\"2025-09-02 12:53:00\"><img loading=\"lazy\" decoding=\"async\" src=\"https:\/\/www.cndl.edu.lb\/wp-content\/uploads\/2025\/09\/20250826121517_00007.jpg\" height=\"500\" width=\"600\" alt=\"\" class=\"slider-6117 slide-6120 msDefaultImage\" title=\"20250826121517_00007\" \/><\/li>\n                <li style=\"display: none; width: 100%;\" class=\"slide-6125 ms-image\" aria-roledescription=\"slide\" data-date=\"2025-09-02 12:59:54\"><img loading=\"lazy\" decoding=\"async\" src=\"https:\/\/www.cndl.edu.lb\/wp-content\/uploads\/2025\/09\/20250826121517_00005-scaled-600x500.jpg\" height=\"500\" width=\"600\" alt=\"\" class=\"slider-6117 slide-6125 msDefaultImage\" title=\"20250826121517_00005\" \/><\/li>\n                <li style=\"display: none; width: 100%;\" class=\"slide-6126 ms-image\" aria-roledescription=\"slide\" data-date=\"2025-09-02 12:59:54\"><img loading=\"lazy\" decoding=\"async\" src=\"https:\/\/www.cndl.edu.lb\/wp-content\/uploads\/2025\/09\/20250826121517_00001-scaled-600x500.jpg\" height=\"500\" width=\"600\" alt=\"\" class=\"slider-6117 slide-6126 msDefaultImage\" title=\"20250826121517_00001\" \/><\/li>\n                <li style=\"display: none; width: 100%;\" class=\"slide-6127 ms-image\" aria-roledescription=\"slide\" data-date=\"2025-09-02 12:59:54\"><img loading=\"lazy\" decoding=\"async\" src=\"https:\/\/www.cndl.edu.lb\/wp-content\/uploads\/2025\/09\/20250826121517_00004-scaled-600x500.jpeg\" height=\"500\" width=\"600\" alt=\"\" class=\"slider-6117 slide-6127 msDefaultImage\" title=\"20250826121517_00004\" \/><\/li>\n                <li style=\"display: none; width: 100%;\" class=\"slide-6128 ms-image\" aria-roledescription=\"slide\" data-date=\"2025-09-02 12:59:54\"><img loading=\"lazy\" decoding=\"async\" src=\"https:\/\/www.cndl.edu.lb\/wp-content\/uploads\/2025\/09\/20250826121517_00002-scaled-600x500.jpg\" height=\"500\" width=\"600\" alt=\"\" class=\"slider-6117 slide-6128 msDefaultImage\" title=\"20250826121517_00002\" \/><\/li>\n            <\/ul>\n        <\/div>\n        \n    <\/div>\n<\/div>\n\t\t<\/div>\n\t<\/div>\n<\/div><\/div><\/div><\/div><div class=\"vc_row wpb_row vc_row-fluid\"><div class=\"wpb_column vc_column_container vc_col-sm-12\"><div class=\"vc_column-inner\"><div class=\"wpb_wrapper\"><div class=\"vc_empty_space\"   style=\"height: 15px\"><span class=\"vc_empty_space_inner\"><\/span><\/div><div class=\"vc_separator wpb_content_element vc_separator_align_center vc_sep_width_100 vc_sep_pos_align_center vc_separator_no_text vc_sep_color_black wpb_content_element  wpb_content_element wpb_animate_when_almost_visible wpb_fadeInRight fadeInRight wpb_animate_when_almost_visible wpb_fadeInRight fadeInRight\" ><span class=\"vc_sep_holder vc_sep_holder_l\"><span class=\"vc_sep_line\"><\/span><\/span><span class=\"vc_sep_holder vc_sep_holder_r\"><span class=\"vc_sep_line\"><\/span><\/span>\n<\/div><div class=\"vc_empty_space\"   style=\"height: 15px\"><span class=\"vc_empty_space_inner\"><\/span><\/div><\/div><\/div><\/div><\/div><div class=\"vc_row wpb_row vc_row-fluid\"><div class=\"wpb_animate_when_almost_visible wpb_fadeInLeftBig fadeInLeftBig wpb_column vc_column_container vc_col-sm-8\"><div class=\"vc_column-inner\"><div class=\"wpb_wrapper\"><div class=\"vc_empty_space\"   style=\"height: 30px\"><span class=\"vc_empty_space_inner\"><\/span><\/div><h1 class=\"stm-title stm-font_color_dark-blue stm-title_sep_bottom\" style=\"text-align:left;font-size:30px\">\n\nVision\n<\/h1>\n\t<div class=\"stm-separator stm-clearfix stm-separator_type_title stm-separator_has_subtitle\" >\n\t\t<div class=\"stm-separator__line stm-border-b_color_dark-blue\" ><\/div>\n\t<\/div>\n\t<div class=\"stm-subtitle stm-font_color_dark-blue\" style=\"text-align:left\">\n\t\t<span style=\"color: #7d706d; font-family: montserrat; font-size: 15px;\">L'\u00e9cole se positionne en tant qu'institution innovante, visant \u00e0 offrir \u00e0 ses \u00e9l\u00e8ves une perspective int\u00e9grale et multidimensionnelle dans les domaines \u00e9ducatif, linguistique, multiculturel, social, environnemental et spirituel. Sensible aux \u00e9volutions contemporaines, elle s'engage \u00e0 d\u00e9velopper ses divers d\u00e9partements afin de favoriser et soutenir la cr\u00e9ativit\u00e9, encourager la pens\u00e9e critique, promouvoir l'innovation en mati\u00e8re de litt\u00e9ratie (num\u00e9rique) et cultiver un esprit de convivialit\u00e9. <a style=\"color: #7d706d;\" href=\"https:\/\/cndl.edu.lb\/wp-content\/uploads\/2025\/09\/Axes-du-projet-detablissement.pdf\" target=\"_blank\" rel=\"noopener\"><u>Voir ici<\/u><\/a>.<\/span>\t<\/div>\n<\/div><\/div><\/div><div class=\"wpb_animate_when_almost_visible wpb_fadeInRightBig fadeInRightBig wpb_column vc_column_container vc_col-sm-4\"><div class=\"vc_column-inner\"><div class=\"wpb_wrapper\"><div class=\"vc_empty_space\"   style=\"height: 30px\"><span class=\"vc_empty_space_inner\"><\/span><\/div>\n\t<div  class=\"wpb_single_image wpb_content_element vc_align_left wpb_content_element wpb_animate_when_almost_visible wpb_fadeInRightBig fadeInRightBig  image-borderRadius\">\n\t\t\n\t\t<figure class=\"wpb_wrapper vc_figure\">\n\t\t\t<div class=\"vc_single_image-wrapper   vc_box_border_grey\"><img decoding=\"async\" class=\"vc_single_image-img\" src=\"https:\/\/www.cndl.edu.lb\/wp-content\/uploads\/2025\/09\/Axes-du-projet-detablissement-02-1-1.png\" width=\"389\" height=\"550\" alt=\"Axes du projet d&#039;\u00e9tablissement-02 (1)\" title=\"Axes du projet d&#039;\u00e9tablissement-02 (1)\" loading=\"lazy\" \/><\/div>\n\t\t<\/figure>\n\t<\/div>\n<\/div><\/div><\/div><\/div><div class=\"vc_row wpb_row vc_row-fluid\"><div class=\"wpb_column vc_column_container vc_col-sm-12\"><div class=\"vc_column-inner\"><div class=\"wpb_wrapper\"><div class=\"vc_empty_space\"   style=\"height: 35px\"><span class=\"vc_empty_space_inner\"><\/span><\/div><\/div><\/div><\/div><\/div>\n<\/div>","protected":false},"excerpt":{"rendered":"Mission Coll\u00e8ge Notre Dame de Louaiz\u00e9 is a Maronite Anglophone and Francophone school that provides quality education accessible to any individual from diverse backgrounds. Maintaining high-standard excellence, the school encourages [...]","protected":false},"author":1,"featured_media":0,"parent":0,"menu_order":0,"comment_status":"closed","ping_status":"closed","template":"","meta":{"footnotes":""},"class_list":["post-3652","page","type-page","status-publish","hentry"],"_links":{"self":[{"href":"https:\/\/www.cndl.edu.lb\/fr\/wp-json\/wp\/v2\/pages\/3652","targetHints":{"allow":["GET"]}}],"collection":[{"href":"https:\/\/www.cndl.edu.lb\/fr\/wp-json\/wp\/v2\/pages"}],"about":[{"href":"https:\/\/www.cndl.edu.lb\/fr\/wp-json\/wp\/v2\/types\/page"}],"author":[{"embeddable":true,"href":"https:\/\/www.cndl.edu.lb\/fr\/wp-json\/wp\/v2\/users\/1"}],"replies":[{"embeddable":true,"href":"https:\/\/www.cndl.edu.lb\/fr\/wp-json\/wp\/v2\/comments?post=3652"}],"version-history":[{"count":32,"href":"https:\/\/www.cndl.edu.lb\/fr\/wp-json\/wp\/v2\/pages\/3652\/revisions"}],"predecessor-version":[{"id":6624,"href":"https:\/\/www.cndl.edu.lb\/fr\/wp-json\/wp\/v2\/pages\/3652\/revisions\/6624"}],"wp:attachment":[{"href":"https:\/\/www.cndl.edu.lb\/fr\/wp-json\/wp\/v2\/media?parent=3652"}],"curies":[{"name":"wp","href":"https:\/\/api.w.org\/{rel}","templated":true}]}}