{"id":241,"date":"2015-12-09T11:01:42","date_gmt":"2015-12-09T11:01:42","guid":{"rendered":"http:\/\/smartyschool.stylemixthemes.com\/?page_id=241"},"modified":"2025-09-23T10:39:03","modified_gmt":"2025-09-23T07:39:03","slug":"maronite-mariamite-order","status":"publish","type":"page","link":"https:\/\/www.cndl.edu.lb\/fr\/maronite-mariamite-order\/","title":{"rendered":"Ordre Maronite Mariamite"},"content":{"rendered":"<div class=\"wpb-content-wrapper\"><div class=\"vc_row wpb_row vc_row-fluid\"><div class=\"wpb_animate_when_almost_visible wpb_fadeInRight fadeInRight wpb_column vc_column_container vc_col-sm-8\"><div class=\"vc_column-inner vc_custom_1748693744989\"><div class=\"wpb_wrapper\"><div class=\"vc_empty_space\"   style=\"height: 50px\"><span class=\"vc_empty_space_inner\"><\/span><\/div><h3 class=\"stm-title stm-font_color_dark-blue stm-title_sep_bottom\" style=\"text-align:left;font-size:35px;margin-bottom:20px\">\n\nOrigines et Fondations\n<\/h3>\n\t<div class=\"stm-separator stm-clearfix stm-separator_type_title stm-separator_has_subtitle\" >\n\t\t<div class=\"stm-separator__line stm-border-b_color_dark-blue\" ><\/div>\n\t<\/div>\n\t<div class=\"stm-subtitle stm-font_color_dark-blue\" style=\"text-align:left\">\n\t\t<\/p>\n<p style=\"text-align: justify;\"><span style=\"color: #7d706d; font-size: 16px; font-family: 'montserrat';\">L'Ordre Maronite Mariamite (OMM) tire ses racines de l'ordre d'Alep, fond\u00e9 en 1695 par trois jeunes syriens d'Alep: Abdallah Karaali, Gebrayel Hawwa et Youssef el Bedn. Inspir\u00e9s par le patriarche Estephan el Douaihi, ils se sont install\u00e9s au Liban, rapidement rejoints par Youssef Farhat. Abdallah Karaali est ensuite devenu \u00e9v\u00eaque de Beyrouth. En 1955, sous la direction du sup\u00e9rieur feu Jnedyos Adem, l'ordre a pris le nom d'Ordre Maronite Mariamite.<\/span><\/p>\n<p>\u00a0\t<\/div>\n<\/div><\/div><\/div><div class=\"wpb_column vc_column_container vc_col-sm-4\"><div class=\"vc_column-inner\"><div class=\"wpb_wrapper\"><div class=\"vc_empty_space\"   style=\"height: 50px\"><span class=\"vc_empty_space_inner\"><\/span><\/div>\n\t<div  class=\"wpb_single_image wpb_content_element vc_align_right wpb_content_element wpb_animate_when_almost_visible wpb_fadeInRightBig fadeInRightBig vc_custom_1748596392900  image-borderRadius\">\n\t\t\n\t\t<figure class=\"wpb_wrapper vc_figure\">\n\t\t\t<div class=\"vc_single_image-wrapper   vc_box_border_grey\"><img decoding=\"async\" class=\"vc_single_image-img\" src=\"https:\/\/www.cndl.edu.lb\/wp-content\/uploads\/2025\/03\/DJI_0599-1-1-1-1-scaled-400x250.jpg\" width=\"400\" height=\"250\" alt=\"\" title=\"\" loading=\"lazy\" \/><\/div>\n\t\t<\/figure>\n\t<\/div>\n<\/div><\/div><\/div><div class=\"wpb_column vc_column_container vc_col-sm-12\"><div class=\"vc_column-inner\"><div class=\"wpb_wrapper\"><\/div><\/div><\/div><\/div><div class=\"vc_row wpb_row vc_row-fluid\"><div class=\"wpb_animate_when_almost_visible wpb_fadeInLeftBig fadeInLeftBig wpb_column vc_column_container vc_col-sm-12\"><div class=\"vc_column-inner\"><div class=\"wpb_wrapper\"><div class=\"vc_separator wpb_content_element vc_separator_align_center vc_sep_width_100 vc_sep_pos_align_center vc_separator_no_text vc_sep_color_black wpb_content_element  wpb_content_element\" ><span class=\"vc_sep_holder vc_sep_holder_l\"><span class=\"vc_sep_line\"><\/span><\/span><span class=\"vc_sep_holder vc_sep_holder_r\"><span class=\"vc_sep_line\"><\/span><\/span>\n<\/div><h3 class=\"stm-title stm-font_color_dark-blue stm-title_sep_bottom\" style=\"text-align:left;font-size:35px\">\n\nEngagement \u00c9ducatif\n<\/h3>\n\t<div class=\"stm-separator stm-clearfix stm-separator_type_title stm-separator_has_subtitle\" >\n\t\t<div class=\"stm-separator__line stm-border-b_color_dark-blue\" ><\/div>\n\t<\/div>\n\t<div class=\"stm-subtitle stm-font_color_dark-blue\" style=\"text-align:left\">\n\t\t<\/p>\n<p style=\"text-align: justify;\"><span style=\"color: #7d706d; font-size: 16px; font-family: 'montserrat';\">Depuis sa cr\u00e9ation, l'OMM s'est consacr\u00e9 \u00e0 la lutte contre l'analphab\u00e9tisme au Liban. En organisant des \u00e9coles dans les villages, l'ordre a jou\u00e9 un r\u00f4le crucial dans l'\u00e9ducation des jeunes g\u00e9n\u00e9rations. En 1960, l'OMM a ouvert les portes du Coll\u00e8ge Notre Dame de Louaiz\u00e9 \u00e0 Zouk Mosbeh, initialement pour les gar\u00e7ons, devenant une institution \u00e9ducative de premier plan.<\/span><\/p>\n<p>\t<\/div>\n<div class=\"vc_separator wpb_content_element vc_separator_align_center vc_sep_width_100 vc_sep_pos_align_center vc_separator_no_text vc_sep_color_black wpb_content_element  wpb_content_element wpb_animate_when_almost_visible wpb_fadeInRight fadeInRight wpb_animate_when_almost_visible wpb_fadeInRight fadeInRight\" ><span class=\"vc_sep_holder vc_sep_holder_l\"><span class=\"vc_sep_line\"><\/span><\/span><span class=\"vc_sep_holder vc_sep_holder_r\"><span class=\"vc_sep_line\"><\/span><\/span>\n<\/div><\/div><\/div><\/div><\/div><div class=\"vc_row wpb_row vc_row-fluid wpb_animate_when_almost_visible wpb_fadeInRight fadeInRight\"><div class=\"wpb_animate_when_almost_visible wpb_fadeInLeftBig fadeInLeftBig wpb_column vc_column_container vc_col-sm-6\"><div class=\"vc_column-inner\"><div class=\"wpb_wrapper\"><h3 class=\"stm-title stm-font_color_dark-blue stm-title_sep_bottom\" style=\"text-align:left;font-size:35px\">\n\nR\u00e9seau \u00c9ducatif\n<\/h3>\n\t<div class=\"stm-separator stm-clearfix stm-separator_type_title stm-separator_has_subtitle\" >\n\t\t<div class=\"stm-separator__line stm-border-b_color_dark-blue\" ><\/div>\n\t<\/div>\n\t<div class=\"stm-subtitle stm-font_color_dark-blue\" style=\"text-align:left\">\n\t\t<span style=\"color: #1a428a; font-size: 16px; font-family: montserrat;\"><strong>Aujourd'hui, l'OMM g\u00e8re plusieurs \u00e9tablissements scolaires, incluant:<\/strong><\/span><\/p>\n<ul>\n<li><span style=\"font-size: 16px; color: #7d706d; font-family: montserrat;\">Coll\u00e8ge Notre Dame de Louaiz\u00e9, Zouk Mosbeh<\/span><\/li>\n<li><span style=\"font-size: 16px; color: #7d706d; font-family: montserrat;\">Coll\u00e8ge Notre Dame de Louaiz\u00e9, Feytroun<\/span><\/li>\n<li><span style=\"font-size: 16px; color: #7d706d; font-family: montserrat;\">\u00c9cole Sainte Rita, Dbayeh<\/span><\/li>\n<li><span style=\"font-size: 16px; color: #7d706d; font-family: montserrat;\">Coll\u00e8ge Saint Jean, Kherbet Anafar<\/span><\/li>\n<li><span style=\"font-size: 16px; color: #7d706d; font-family: montserrat;\">Coll\u00e8ge Mar Abda, Deir al Qamar<\/span><\/li>\n<\/ul>\n<p><span style=\"color: #1a428a; font-size: 14px; font-family: montserrat;\">Les premiers pas de l'ordre ont \u00e9t\u00e9 faits \u00e0 Bcharr\u00e9 avant que Salhab Al Haklani n'offre aux moines la terre \u00e0 Zouk Mosbeh, consolidant ainsi leur pr\u00e9sence.<\/span>\t<\/div>\n<\/div><\/div><\/div><div class=\"wpb_column vc_column_container vc_col-sm-6\"><div class=\"vc_column-inner\"><div class=\"wpb_wrapper\"><div class=\"vc_empty_space\"   style=\"height: 50px\"><span class=\"vc_empty_space_inner\"><\/span><\/div>\n\t<div  class=\"wpb_single_image wpb_content_element vc_align_left wpb_content_element  image-borderRadius\">\n\t\t\n\t\t<figure class=\"wpb_wrapper vc_figure\">\n\t\t\t<div class=\"vc_single_image-wrapper   vc_box_border_grey\"><img decoding=\"async\" class=\"vc_single_image-img\" src=\"https:\/\/www.cndl.edu.lb\/wp-content\/uploads\/2025\/03\/WhatsApp-Image-2023-05-10-at-12.20.22-PM-500x350.jpeg\" width=\"500\" height=\"350\" alt=\"\" title=\"\" loading=\"lazy\" \/><\/div>\n\t\t<\/figure>\n\t<\/div>\n<\/div><\/div><\/div><\/div><div class=\"vc_row wpb_row vc_row-fluid\"><div class=\"wpb_column vc_column_container vc_col-sm-12\"><div class=\"vc_column-inner\"><div class=\"wpb_wrapper\"><div class=\"vc_separator wpb_content_element vc_separator_align_center vc_sep_width_100 vc_sep_pos_align_center vc_separator_no_text vc_sep_color_black wpb_content_element  wpb_content_element wpb_animate_when_almost_visible wpb_fadeInRight fadeInRight wpb_animate_when_almost_visible wpb_fadeInRight fadeInRight\" ><span class=\"vc_sep_holder vc_sep_holder_l\"><span class=\"vc_sep_line\"><\/span><\/span><span class=\"vc_sep_holder vc_sep_holder_r\"><span class=\"vc_sep_line\"><\/span><\/span>\n<\/div><\/div><\/div><\/div><\/div><div class=\"vc_row wpb_row vc_row-fluid vc_column-gap-35\"><div class=\"wpb_column vc_column_container vc_col-sm-6\"><div class=\"vc_column-inner\"><div class=\"wpb_wrapper\"><h3 class=\"stm-title stm-font_color_dark-blue stm-title_sep_bottom\" style=\"text-align:left;font-size:35px\">\n\nPr\u00e9sence Globale\n<\/h3>\n\t<div class=\"stm-separator stm-clearfix stm-separator_type_title stm-separator_has_subtitle\" >\n\t\t<div class=\"stm-separator__line stm-border-b_color_dark-blue\" ><\/div>\n\t<\/div>\n\t<div class=\"stm-subtitle stm-font_color_dark-blue\" style=\"text-align:left\">\n\t\t<\/p>\n<p style=\"text-align: left;\"><span style=\"color: #7d706d; font-size: 16px; font-family: montserrat;\">L'Ordre Maronite Mariamite est aujourd'hui pr\u00e9sent dans le monde entier, avec des missions \u00e0 Rome, en \n\u00c9gypte, en France, en Argentine, en Uruguay et aux \u00c9tats-Unis, faisant rayonner son influence bien au-del\u00e0 \ndes fronti\u00e8res libanaises.<\/span><\/p>\n<p>\t<\/div>\n<\/div><\/div><\/div><div class=\"wpb_column vc_column_container vc_col-sm-6\"><div class=\"vc_column-inner\"><div class=\"wpb_wrapper\"><h3 class=\"stm-title stm-font_color_dark-blue stm-title_sep_bottom\" style=\"text-align:left;font-size:35px\">\n\nStructure et Gouvernance\n<\/h3>\n\t<div class=\"stm-separator stm-clearfix stm-separator_type_title stm-separator_has_subtitle\" >\n\t\t<div class=\"stm-separator__line stm-border-b_color_dark-blue\" ><\/div>\n\t<\/div>\n\t<div class=\"stm-subtitle stm-font_color_dark-blue\" style=\"text-align:left\">\n\t\t<\/p>\n<p style=\"text-align: left;\"><span style=\"font-size: 16px; color: #7d706d; font-family: montserrat;\">L'OMM est dirig\u00e9 par un sup\u00e9rieur \u00e9lu tous les six ans. La gouvernance est \u00e9galement assur\u00e9e par quatre \nintendants, dont un vice-pr\u00e9sident, garantissant une direction coll\u00e9giale et \u00e9quilibr\u00e9e.<\/span><\/p>\n<p>\t<\/div>\n<\/div><\/div><\/div><\/div>\n<\/div>","protected":false},"excerpt":{"rendered":"Origins and Foundations The Maronite Mariamite Order (OMM) traces its roots back to the Order of Aleppo, founded in 1695 by three young Syrians from Aleppo: Abdallah Karaali, Gebrayel Hawwa, [...]","protected":false},"author":1,"featured_media":0,"parent":0,"menu_order":0,"comment_status":"closed","ping_status":"closed","template":"","meta":{"footnotes":""},"class_list":["post-241","page","type-page","status-publish","hentry"],"_links":{"self":[{"href":"https:\/\/www.cndl.edu.lb\/fr\/wp-json\/wp\/v2\/pages\/241","targetHints":{"allow":["GET"]}}],"collection":[{"href":"https:\/\/www.cndl.edu.lb\/fr\/wp-json\/wp\/v2\/pages"}],"about":[{"href":"https:\/\/www.cndl.edu.lb\/fr\/wp-json\/wp\/v2\/types\/page"}],"author":[{"embeddable":true,"href":"https:\/\/www.cndl.edu.lb\/fr\/wp-json\/wp\/v2\/users\/1"}],"replies":[{"embeddable":true,"href":"https:\/\/www.cndl.edu.lb\/fr\/wp-json\/wp\/v2\/comments?post=241"}],"version-history":[{"count":25,"href":"https:\/\/www.cndl.edu.lb\/fr\/wp-json\/wp\/v2\/pages\/241\/revisions"}],"predecessor-version":[{"id":4997,"href":"https:\/\/www.cndl.edu.lb\/fr\/wp-json\/wp\/v2\/pages\/241\/revisions\/4997"}],"wp:attachment":[{"href":"https:\/\/www.cndl.edu.lb\/fr\/wp-json\/wp\/v2\/media?parent=241"}],"curies":[{"name":"wp","href":"https:\/\/api.w.org\/{rel}","templated":true}]}}